{"id":7916,"date":"2020-10-29T20:02:22","date_gmt":"2020-12-09T16:14:02","guid":{"rendered":"https:\/\/artcava.com\/botiga-virtual\/lote-winemakers-6-botellas\/"},"modified":"2020-12-09T18:26:00","modified_gmt":"2020-12-09T17:26:00","slug":"lote-winemakers-6-botellas","status":"publish","type":"product","link":"https:\/\/artcava.com\/es\/botiga-virtual\/lote-winemakers-6-botellas\/","title":{"rendered":"Lote WINEMAKER\u2019S &#8211; 6 botellas"},"content":{"rendered":"","protected":false},"excerpt":{"rendered":"<p>Un lote de cava Brut Nature que expresa los gustos de nuestro en\u00f3logo. El cava m\u00e1s joven y m\u00e1s Mediterr\u00e1neo, ideal para compartir o casarse con quesos de pasta blanda o tapas.<\/p>\n<p>El pack incluye seis botellas de Palag\u00f3 Winemaker &#8216;s Selection (ArtCava).<\/p>\n<pre>\u00b7Enviaments a <strong>Catalunya<\/strong>: 6\u20ac el primer lot i gratu\u00eft a partir del segon lot. \n\u00b7Enviaments a <strong>pen\u00ednsula<\/strong>: 17,66\u20ac el primer lot i gratu\u00eft a partir del segon.\n\u00b7Enviaments a <strong>Illes Balears<\/strong>: 27,88\u20ac el primer lot i<strong> gratu\u00efts a partir del segon.<\/strong>\n\u00b7Enviaments a <strong>Regne Unit<\/strong>, <strong>Su\u00efssa<\/strong> i a pa\u00efsos de la <strong>Uni\u00f3 Europea<\/strong>: segons tarifa <a href=\"https:\/\/artcava.com\/wp-content\/uploads\/2020\/10\/TARIFAS-COURIER-VINO-BCN-UE-ALL-IN-.pdf_167110.pdf\" target=\"_blank\" rel=\"noopener noreferrer\">CargoWine<\/a>. \n\u00b7Enviaments a <strong>Estats Units<\/strong>*: 98\u20ac per cada lot. \n\n*No es fan enviaments als estats d'Alabama, Kentucky, Mississippi, Utah, Vermont, Alaska, Connecticut, New Hampshire, Virginia i West Virginia.<\/pre>\n","protected":false},"featured_media":7918,"template":"","meta":[],"product_brand":[],"product_cat":[106],"product_tag":[],"class_list":{"0":"post-7916","1":"product","2":"type-product","3":"status-publish","4":"has-post-thumbnail","6":"product_cat-lotes","8":"first","9":"instock","10":"shipping-taxable","11":"purchasable","12":"product-type-simple"},"yoast_head":"<!-- This site is optimized with the Yoast SEO plugin v27.2 - https:\/\/yoast.com\/product\/yoast-seo-wordpress\/ -->\n<title>Lote WINEMAKER\u2019S - 6 botellas &#183; Artcava - Masia Can Batlle<\/title>\n<meta name=\"robots\" content=\"index, follow, max-snippet:-1, max-image-preview:large, max-video-preview:-1\" \/>\n<link rel=\"canonical\" href=\"https:\/\/artcava.com\/es\/botiga-virtual\/lote-winemakers-6-botellas\/\" \/>\n<meta property=\"og:locale\" content=\"es_ES\" \/>\n<meta property=\"og:type\" content=\"article\" \/>\n<meta property=\"og:title\" content=\"Lote WINEMAKER\u2019S - 6 botellas &#183; Artcava - Masia Can Batlle\" \/>\n<meta property=\"og:description\" content=\"Un lote de cava Brut Nature que expresa los gustos de nuestro en\u00f3logo. El cava m\u00e1s joven y m\u00e1s Mediterr\u00e1neo, ideal para compartir o casarse con quesos de pasta blanda o tapas. El pack incluye seis botellas de Palag\u00f3 Winemaker &#039;s Selection (ArtCava). \u00b7Enviaments a Catalunya: 6\u20ac el primer lot i gratu\u00eft a partir del segon lot. \u00b7Enviaments a pen\u00ednsula: 17,66\u20ac el primer lot i gratu\u00eft a partir del segon. \u00b7Enviaments a Illes Balears: 27,88\u20ac el primer lot i gratu\u00efts a partir del segon. \u00b7Enviaments a Regne Unit, Su\u00efssa i a pa\u00efsos de la Uni\u00f3 Europea: segons tarifa CargoWine. \u00b7Enviaments a Estats Units*: 98\u20ac per cada lot.  *No es fan enviaments als estats d&#039;Alabama, Kentucky, Mississippi, Utah, Vermont, Alaska, Connecticut, New Hampshire, Virginia i West Virginia.\" \/>\n<meta property=\"og:url\" content=\"https:\/\/artcava.com\/es\/botiga-virtual\/lote-winemakers-6-botellas\/\" \/>\n<meta property=\"og:site_name\" content=\"Artcava - Masia Can Batlle\" \/>\n<meta property=\"article:publisher\" content=\"https:\/\/www.facebook.com\/elteucava\/\" \/>\n<meta property=\"article:modified_time\" content=\"2020-12-09T17:26:00+00:00\" \/>\n<meta property=\"og:image\" content=\"https:\/\/artcava.com\/wp-content\/uploads\/2020\/10\/1603957862893-scaled.jpg\" \/>\n\t<meta property=\"og:image:width\" content=\"2560\" \/>\n\t<meta property=\"og:image:height\" content=\"1920\" \/>\n\t<meta property=\"og:image:type\" content=\"image\/jpeg\" \/>\n<meta name=\"twitter:card\" content=\"summary_large_image\" \/>\n<script type=\"application\/ld+json\" class=\"yoast-schema-graph\">{\"@context\":\"https:\/\/schema.org\",\"@graph\":[{\"@type\":\"WebPage\",\"@id\":\"https:\/\/artcava.com\/es\/botiga-virtual\/lote-winemakers-6-botellas\/\",\"url\":\"https:\/\/artcava.com\/es\/botiga-virtual\/lote-winemakers-6-botellas\/\",\"name\":\"Lote WINEMAKER\u2019S - 6 botellas &#183; Artcava - Masia Can Batlle\",\"isPartOf\":{\"@id\":\"https:\/\/artcava.com\/#website\"},\"primaryImageOfPage\":{\"@id\":\"https:\/\/artcava.com\/es\/botiga-virtual\/lote-winemakers-6-botellas\/#primaryimage\"},\"image\":{\"@id\":\"https:\/\/artcava.com\/es\/botiga-virtual\/lote-winemakers-6-botellas\/#primaryimage\"},\"thumbnailUrl\":\"https:\/\/artcava.com\/wp-content\/uploads\/2020\/10\/1603957862893-scaled.jpg\",\"datePublished\":\"2020-12-09T16:14:02+00:00\",\"dateModified\":\"2020-12-09T17:26:00+00:00\",\"breadcrumb\":{\"@id\":\"https:\/\/artcava.com\/es\/botiga-virtual\/lote-winemakers-6-botellas\/#breadcrumb\"},\"inLanguage\":\"es\",\"potentialAction\":[{\"@type\":\"ReadAction\",\"target\":[\"https:\/\/artcava.com\/es\/botiga-virtual\/lote-winemakers-6-botellas\/\"]}]},{\"@type\":\"ImageObject\",\"inLanguage\":\"es\",\"@id\":\"https:\/\/artcava.com\/es\/botiga-virtual\/lote-winemakers-6-botellas\/#primaryimage\",\"url\":\"https:\/\/artcava.com\/wp-content\/uploads\/2020\/10\/1603957862893-scaled.jpg\",\"contentUrl\":\"https:\/\/artcava.com\/wp-content\/uploads\/2020\/10\/1603957862893-scaled.jpg\",\"width\":2560,\"height\":1920},{\"@type\":\"BreadcrumbList\",\"@id\":\"https:\/\/artcava.com\/es\/botiga-virtual\/lote-winemakers-6-botellas\/#breadcrumb\",\"itemListElement\":[{\"@type\":\"ListItem\",\"position\":1,\"name\":\"Inici\",\"item\":\"https:\/\/artcava.com\/es\/inici-artcava\/\"},{\"@type\":\"ListItem\",\"position\":2,\"name\":\"Tienda online\",\"item\":\"https:\/\/artcava.com\/es\/tienda-online\/\"},{\"@type\":\"ListItem\",\"position\":3,\"name\":\"Lote WINEMAKER\u2019S &#8211; 6 botellas\"}]},{\"@type\":\"WebSite\",\"@id\":\"https:\/\/artcava.com\/#website\",\"url\":\"https:\/\/artcava.com\/\",\"name\":\"Artcava - Masia Can Batlle\",\"description\":\"L&#039;experi\u00e8ncia definitiva sobre el cava\",\"publisher\":{\"@id\":\"https:\/\/artcava.com\/#organization\"},\"potentialAction\":[{\"@type\":\"SearchAction\",\"target\":{\"@type\":\"EntryPoint\",\"urlTemplate\":\"https:\/\/artcava.com\/?s={search_term_string}\"},\"query-input\":{\"@type\":\"PropertyValueSpecification\",\"valueRequired\":true,\"valueName\":\"search_term_string\"}}],\"inLanguage\":\"es\"},{\"@type\":\"Organization\",\"@id\":\"https:\/\/artcava.com\/#organization\",\"name\":\"Artcava - Celler Can Batlle SL\",\"url\":\"https:\/\/artcava.com\/\",\"logo\":{\"@type\":\"ImageObject\",\"inLanguage\":\"es\",\"@id\":\"https:\/\/artcava.com\/#\/schema\/logo\/image\/\",\"url\":\"https:\/\/artcava.com\/wp-content\/uploads\/2020\/07\/logo-cartcava-winery.png\",\"contentUrl\":\"https:\/\/artcava.com\/wp-content\/uploads\/2020\/07\/logo-cartcava-winery.png\",\"width\":811,\"height\":776,\"caption\":\"Artcava - Celler Can Batlle SL\"},\"image\":{\"@id\":\"https:\/\/artcava.com\/#\/schema\/logo\/image\/\"},\"sameAs\":[\"https:\/\/www.facebook.com\/elteucava\/\",\"https:\/\/www.instagram.com\/artcava_experience\/\",\"https:\/\/www.instagram.com\/lamanelabyartcava\/\"]}]}<\/script>\n<!-- \/ Yoast SEO plugin. -->","yoast_head_json":{"title":"Lote WINEMAKER\u2019S - 6 botellas &#183; Artcava - Masia Can Batlle","robots":{"index":"index","follow":"follow","max-snippet":"max-snippet:-1","max-image-preview":"max-image-preview:large","max-video-preview":"max-video-preview:-1"},"canonical":"https:\/\/artcava.com\/es\/botiga-virtual\/lote-winemakers-6-botellas\/","og_locale":"es_ES","og_type":"article","og_title":"Lote WINEMAKER\u2019S - 6 botellas &#183; Artcava - Masia Can Batlle","og_description":"Un lote de cava Brut Nature que expresa los gustos de nuestro en\u00f3logo. El cava m\u00e1s joven y m\u00e1s Mediterr\u00e1neo, ideal para compartir o casarse con quesos de pasta blanda o tapas. El pack incluye seis botellas de Palag\u00f3 Winemaker 's Selection (ArtCava). \u00b7Enviaments a Catalunya: 6\u20ac el primer lot i gratu\u00eft a partir del segon lot. \u00b7Enviaments a pen\u00ednsula: 17,66\u20ac el primer lot i gratu\u00eft a partir del segon. \u00b7Enviaments a Illes Balears: 27,88\u20ac el primer lot i gratu\u00efts a partir del segon. \u00b7Enviaments a Regne Unit, Su\u00efssa i a pa\u00efsos de la Uni\u00f3 Europea: segons tarifa CargoWine. \u00b7Enviaments a Estats Units*: 98\u20ac per cada lot.  *No es fan enviaments als estats d'Alabama, Kentucky, Mississippi, Utah, Vermont, Alaska, Connecticut, New Hampshire, Virginia i West Virginia.","og_url":"https:\/\/artcava.com\/es\/botiga-virtual\/lote-winemakers-6-botellas\/","og_site_name":"Artcava - Masia Can Batlle","article_publisher":"https:\/\/www.facebook.com\/elteucava\/","article_modified_time":"2020-12-09T17:26:00+00:00","og_image":[{"width":2560,"height":1920,"url":"https:\/\/artcava.com\/wp-content\/uploads\/2020\/10\/1603957862893-scaled.jpg","type":"image\/jpeg"}],"twitter_card":"summary_large_image","schema":{"@context":"https:\/\/schema.org","@graph":[{"@type":"WebPage","@id":"https:\/\/artcava.com\/es\/botiga-virtual\/lote-winemakers-6-botellas\/","url":"https:\/\/artcava.com\/es\/botiga-virtual\/lote-winemakers-6-botellas\/","name":"Lote WINEMAKER\u2019S - 6 botellas &#183; Artcava - Masia Can Batlle","isPartOf":{"@id":"https:\/\/artcava.com\/#website"},"primaryImageOfPage":{"@id":"https:\/\/artcava.com\/es\/botiga-virtual\/lote-winemakers-6-botellas\/#primaryimage"},"image":{"@id":"https:\/\/artcava.com\/es\/botiga-virtual\/lote-winemakers-6-botellas\/#primaryimage"},"thumbnailUrl":"https:\/\/artcava.com\/wp-content\/uploads\/2020\/10\/1603957862893-scaled.jpg","datePublished":"2020-12-09T16:14:02+00:00","dateModified":"2020-12-09T17:26:00+00:00","breadcrumb":{"@id":"https:\/\/artcava.com\/es\/botiga-virtual\/lote-winemakers-6-botellas\/#breadcrumb"},"inLanguage":"es","potentialAction":[{"@type":"ReadAction","target":["https:\/\/artcava.com\/es\/botiga-virtual\/lote-winemakers-6-botellas\/"]}]},{"@type":"ImageObject","inLanguage":"es","@id":"https:\/\/artcava.com\/es\/botiga-virtual\/lote-winemakers-6-botellas\/#primaryimage","url":"https:\/\/artcava.com\/wp-content\/uploads\/2020\/10\/1603957862893-scaled.jpg","contentUrl":"https:\/\/artcava.com\/wp-content\/uploads\/2020\/10\/1603957862893-scaled.jpg","width":2560,"height":1920},{"@type":"BreadcrumbList","@id":"https:\/\/artcava.com\/es\/botiga-virtual\/lote-winemakers-6-botellas\/#breadcrumb","itemListElement":[{"@type":"ListItem","position":1,"name":"Inici","item":"https:\/\/artcava.com\/es\/inici-artcava\/"},{"@type":"ListItem","position":2,"name":"Tienda online","item":"https:\/\/artcava.com\/es\/tienda-online\/"},{"@type":"ListItem","position":3,"name":"Lote WINEMAKER\u2019S &#8211; 6 botellas"}]},{"@type":"WebSite","@id":"https:\/\/artcava.com\/#website","url":"https:\/\/artcava.com\/","name":"Artcava - Masia Can Batlle","description":"L&#039;experi\u00e8ncia definitiva sobre el cava","publisher":{"@id":"https:\/\/artcava.com\/#organization"},"potentialAction":[{"@type":"SearchAction","target":{"@type":"EntryPoint","urlTemplate":"https:\/\/artcava.com\/?s={search_term_string}"},"query-input":{"@type":"PropertyValueSpecification","valueRequired":true,"valueName":"search_term_string"}}],"inLanguage":"es"},{"@type":"Organization","@id":"https:\/\/artcava.com\/#organization","name":"Artcava - Celler Can Batlle SL","url":"https:\/\/artcava.com\/","logo":{"@type":"ImageObject","inLanguage":"es","@id":"https:\/\/artcava.com\/#\/schema\/logo\/image\/","url":"https:\/\/artcava.com\/wp-content\/uploads\/2020\/07\/logo-cartcava-winery.png","contentUrl":"https:\/\/artcava.com\/wp-content\/uploads\/2020\/07\/logo-cartcava-winery.png","width":811,"height":776,"caption":"Artcava - Celler Can Batlle SL"},"image":{"@id":"https:\/\/artcava.com\/#\/schema\/logo\/image\/"},"sameAs":["https:\/\/www.facebook.com\/elteucava\/","https:\/\/www.instagram.com\/artcava_experience\/","https:\/\/www.instagram.com\/lamanelabyartcava\/"]}]}},"jetpack_sharing_enabled":true,"_links":{"self":[{"href":"https:\/\/artcava.com\/es\/wp-json\/wp\/v2\/product\/7916","targetHints":{"allow":["GET"]}}],"collection":[{"href":"https:\/\/artcava.com\/es\/wp-json\/wp\/v2\/product"}],"about":[{"href":"https:\/\/artcava.com\/es\/wp-json\/wp\/v2\/types\/product"}],"version-history":[{"count":0,"href":"https:\/\/artcava.com\/es\/wp-json\/wp\/v2\/product\/7916\/revisions"}],"wp:featuredmedia":[{"embeddable":true,"href":"https:\/\/artcava.com\/es\/wp-json\/wp\/v2\/media\/7918"}],"wp:attachment":[{"href":"https:\/\/artcava.com\/es\/wp-json\/wp\/v2\/media?parent=7916"}],"wp:term":[{"taxonomy":"product_brand","embeddable":true,"href":"https:\/\/artcava.com\/es\/wp-json\/wp\/v2\/product_brand?post=7916"},{"taxonomy":"product_cat","embeddable":true,"href":"https:\/\/artcava.com\/es\/wp-json\/wp\/v2\/product_cat?post=7916"},{"taxonomy":"product_tag","embeddable":true,"href":"https:\/\/artcava.com\/es\/wp-json\/wp\/v2\/product_tag?post=7916"}],"curies":[{"name":"wp","href":"https:\/\/api.w.org\/{rel}","templated":true}]}}