{"id":7819,"date":"2020-10-30T00:44:33","date_gmt":"2020-12-09T14:41:59","guid":{"rendered":"https:\/\/artcava.com\/botiga-virtual\/cava-palago-farmers\/"},"modified":"2024-02-09T12:36:55","modified_gmt":"2024-02-09T11:36:55","slug":"cava-palago-farmers-es","status":"publish","type":"product","link":"https:\/\/artcava.com\/es\/botiga-virtual\/cava-palago-farmers-es\/","title":{"rendered":"Cava Palag\u00f3 Farmer&#8217;s"},"content":{"rendered":"","protected":false},"excerpt":{"rendered":"<p>Un reserva Brut Nature cada a\u00f1o complejo, cada a\u00f1o buen\u00edsimo y siempre con una base 100% de uvas Xarel\u00b7lo.<\/p>\n<p>Para acompa\u00f1ar grandes comidas o unos postres.<\/p>\n<p>M\u00e1s de 30 meses de envejecimiento.<\/p>\n<p>Xarel\u00b7lo<\/p>\n<pre><strong>\r\nAl momento de comprar productos de la categor\u00eda \"botellas\", es necesario coger un m\u00ednimo de 6 o un n\u00famero que sea m\u00faltiple.\r\n<\/strong>\r\n\u00b7Env\u00edos a <strong>Catalu\u00f1a<\/strong>: 10\u20ac el primer lote i gratuitos a partir del segundo lote. \r\n\u00b7Env\u00edos a <strong>pen\u00ednsula<\/strong>: 18\u20ac el primer lote i 19\u20ac para dos lotes. \r\n\u00b7Env\u00edos a <strong>Islas Baleares<\/strong>: 36\u20ac el primer lote i 49\u20ac para dos lotes.<\/pre>\n","protected":false},"featured_media":7798,"template":"","meta":[],"product_brand":[],"product_cat":[102],"product_tag":[],"class_list":{"0":"post-7819","1":"product","2":"type-product","3":"status-publish","4":"has-post-thumbnail","6":"product_cat-botellas","8":"first","9":"instock","10":"shipping-taxable","11":"purchasable","12":"product-type-simple"},"yoast_head":"<!-- This site is optimized with the Yoast SEO plugin v27.2 - https:\/\/yoast.com\/product\/yoast-seo-wordpress\/ -->\n<title>Cava Palag\u00f3 Farmer&#039;s &#183; Artcava - Masia Can Batlle<\/title>\n<meta name=\"robots\" content=\"index, follow, max-snippet:-1, max-image-preview:large, max-video-preview:-1\" \/>\n<link rel=\"canonical\" href=\"https:\/\/artcava.com\/es\/botiga-virtual\/cava-palago-farmers-es\/\" \/>\n<meta property=\"og:locale\" content=\"es_ES\" \/>\n<meta property=\"og:type\" content=\"article\" \/>\n<meta property=\"og:title\" content=\"Cava Palag\u00f3 Farmer&#039;s &#183; Artcava - Masia Can Batlle\" \/>\n<meta property=\"og:description\" content=\"Un reserva Brut Nature cada a\u00f1o complejo, cada a\u00f1o buen\u00edsimo y siempre con una base 100% de uvas Xarel\u00b7lo.  Para acompa\u00f1ar grandes comidas o unos postres.  M\u00e1s de 30 meses de envejecimiento.  Xarel\u00b7lo  Al momento de comprar productos de la categor\u00eda &quot;botellas&quot;, es necesario coger un m\u00ednimo de 6 o un n\u00famero que sea m\u00faltiple.  \u00b7Env\u00edos a Catalu\u00f1a: 10\u20ac el primer lote i gratuitos a partir del segundo lote.  \u00b7Env\u00edos a pen\u00ednsula: 18\u20ac el primer lote i 19\u20ac para dos lotes.  \u00b7Env\u00edos a Islas Baleares: 36\u20ac el primer lote i 49\u20ac para dos lotes.\" \/>\n<meta property=\"og:url\" content=\"https:\/\/artcava.com\/es\/botiga-virtual\/cava-palago-farmers-es\/\" \/>\n<meta property=\"og:site_name\" content=\"Artcava - Masia Can Batlle\" \/>\n<meta property=\"article:publisher\" content=\"https:\/\/www.facebook.com\/elteucava\/\" \/>\n<meta property=\"article:modified_time\" content=\"2024-02-09T11:36:55+00:00\" \/>\n<meta property=\"og:image\" content=\"https:\/\/artcava.com\/wp-content\/uploads\/2020\/10\/farmers.jpg\" \/>\n\t<meta property=\"og:image:width\" content=\"2000\" \/>\n\t<meta property=\"og:image:height\" content=\"1623\" \/>\n\t<meta property=\"og:image:type\" content=\"image\/jpeg\" \/>\n<meta name=\"twitter:card\" content=\"summary_large_image\" \/>\n<meta name=\"twitter:label1\" content=\"Tiempo de lectura\" \/>\n\t<meta name=\"twitter:data1\" content=\"1 minuto\" \/>\n<script type=\"application\/ld+json\" class=\"yoast-schema-graph\">{\"@context\":\"https:\/\/schema.org\",\"@graph\":[{\"@type\":\"WebPage\",\"@id\":\"https:\/\/artcava.com\/es\/botiga-virtual\/cava-palago-farmers-es\/\",\"url\":\"https:\/\/artcava.com\/es\/botiga-virtual\/cava-palago-farmers-es\/\",\"name\":\"Cava Palag\u00f3 Farmer's &#183; Artcava - Masia Can Batlle\",\"isPartOf\":{\"@id\":\"https:\/\/artcava.com\/#website\"},\"primaryImageOfPage\":{\"@id\":\"https:\/\/artcava.com\/es\/botiga-virtual\/cava-palago-farmers-es\/#primaryimage\"},\"image\":{\"@id\":\"https:\/\/artcava.com\/es\/botiga-virtual\/cava-palago-farmers-es\/#primaryimage\"},\"thumbnailUrl\":\"https:\/\/artcava.com\/wp-content\/uploads\/2020\/10\/farmers.jpg\",\"datePublished\":\"2020-12-09T14:41:59+00:00\",\"dateModified\":\"2024-02-09T11:36:55+00:00\",\"breadcrumb\":{\"@id\":\"https:\/\/artcava.com\/es\/botiga-virtual\/cava-palago-farmers-es\/#breadcrumb\"},\"inLanguage\":\"es\",\"potentialAction\":[{\"@type\":\"ReadAction\",\"target\":[\"https:\/\/artcava.com\/es\/botiga-virtual\/cava-palago-farmers-es\/\"]}]},{\"@type\":\"ImageObject\",\"inLanguage\":\"es\",\"@id\":\"https:\/\/artcava.com\/es\/botiga-virtual\/cava-palago-farmers-es\/#primaryimage\",\"url\":\"https:\/\/artcava.com\/wp-content\/uploads\/2020\/10\/farmers.jpg\",\"contentUrl\":\"https:\/\/artcava.com\/wp-content\/uploads\/2020\/10\/farmers.jpg\",\"width\":2000,\"height\":1623},{\"@type\":\"BreadcrumbList\",\"@id\":\"https:\/\/artcava.com\/es\/botiga-virtual\/cava-palago-farmers-es\/#breadcrumb\",\"itemListElement\":[{\"@type\":\"ListItem\",\"position\":1,\"name\":\"Inici\",\"item\":\"https:\/\/artcava.com\/es\/inici-artcava\/\"},{\"@type\":\"ListItem\",\"position\":2,\"name\":\"Tienda online\",\"item\":\"https:\/\/artcava.com\/es\/tienda-online\/\"},{\"@type\":\"ListItem\",\"position\":3,\"name\":\"Cava Palag\u00f3 Farmer&#8217;s\"}]},{\"@type\":\"WebSite\",\"@id\":\"https:\/\/artcava.com\/#website\",\"url\":\"https:\/\/artcava.com\/\",\"name\":\"Artcava - Masia Can Batlle\",\"description\":\"L&#039;experi\u00e8ncia definitiva sobre el cava\",\"publisher\":{\"@id\":\"https:\/\/artcava.com\/#organization\"},\"potentialAction\":[{\"@type\":\"SearchAction\",\"target\":{\"@type\":\"EntryPoint\",\"urlTemplate\":\"https:\/\/artcava.com\/?s={search_term_string}\"},\"query-input\":{\"@type\":\"PropertyValueSpecification\",\"valueRequired\":true,\"valueName\":\"search_term_string\"}}],\"inLanguage\":\"es\"},{\"@type\":\"Organization\",\"@id\":\"https:\/\/artcava.com\/#organization\",\"name\":\"Artcava - Celler Can Batlle SL\",\"url\":\"https:\/\/artcava.com\/\",\"logo\":{\"@type\":\"ImageObject\",\"inLanguage\":\"es\",\"@id\":\"https:\/\/artcava.com\/#\/schema\/logo\/image\/\",\"url\":\"https:\/\/artcava.com\/wp-content\/uploads\/2020\/07\/logo-cartcava-winery.png\",\"contentUrl\":\"https:\/\/artcava.com\/wp-content\/uploads\/2020\/07\/logo-cartcava-winery.png\",\"width\":811,\"height\":776,\"caption\":\"Artcava - Celler Can Batlle SL\"},\"image\":{\"@id\":\"https:\/\/artcava.com\/#\/schema\/logo\/image\/\"},\"sameAs\":[\"https:\/\/www.facebook.com\/elteucava\/\",\"https:\/\/www.instagram.com\/artcava_experience\/\",\"https:\/\/www.instagram.com\/lamanelabyartcava\/\"]}]}<\/script>\n<!-- \/ Yoast SEO plugin. -->","yoast_head_json":{"title":"Cava Palag\u00f3 Farmer's &#183; Artcava - Masia Can Batlle","robots":{"index":"index","follow":"follow","max-snippet":"max-snippet:-1","max-image-preview":"max-image-preview:large","max-video-preview":"max-video-preview:-1"},"canonical":"https:\/\/artcava.com\/es\/botiga-virtual\/cava-palago-farmers-es\/","og_locale":"es_ES","og_type":"article","og_title":"Cava Palag\u00f3 Farmer's &#183; Artcava - Masia Can Batlle","og_description":"Un reserva Brut Nature cada a\u00f1o complejo, cada a\u00f1o buen\u00edsimo y siempre con una base 100% de uvas Xarel\u00b7lo.  Para acompa\u00f1ar grandes comidas o unos postres.  M\u00e1s de 30 meses de envejecimiento.  Xarel\u00b7lo  Al momento de comprar productos de la categor\u00eda \"botellas\", es necesario coger un m\u00ednimo de 6 o un n\u00famero que sea m\u00faltiple.  \u00b7Env\u00edos a Catalu\u00f1a: 10\u20ac el primer lote i gratuitos a partir del segundo lote.  \u00b7Env\u00edos a pen\u00ednsula: 18\u20ac el primer lote i 19\u20ac para dos lotes.  \u00b7Env\u00edos a Islas Baleares: 36\u20ac el primer lote i 49\u20ac para dos lotes.","og_url":"https:\/\/artcava.com\/es\/botiga-virtual\/cava-palago-farmers-es\/","og_site_name":"Artcava - Masia Can Batlle","article_publisher":"https:\/\/www.facebook.com\/elteucava\/","article_modified_time":"2024-02-09T11:36:55+00:00","og_image":[{"width":2000,"height":1623,"url":"https:\/\/artcava.com\/wp-content\/uploads\/2020\/10\/farmers.jpg","type":"image\/jpeg"}],"twitter_card":"summary_large_image","twitter_misc":{"Tiempo de lectura":"1 minuto"},"schema":{"@context":"https:\/\/schema.org","@graph":[{"@type":"WebPage","@id":"https:\/\/artcava.com\/es\/botiga-virtual\/cava-palago-farmers-es\/","url":"https:\/\/artcava.com\/es\/botiga-virtual\/cava-palago-farmers-es\/","name":"Cava Palag\u00f3 Farmer's &#183; Artcava - Masia Can Batlle","isPartOf":{"@id":"https:\/\/artcava.com\/#website"},"primaryImageOfPage":{"@id":"https:\/\/artcava.com\/es\/botiga-virtual\/cava-palago-farmers-es\/#primaryimage"},"image":{"@id":"https:\/\/artcava.com\/es\/botiga-virtual\/cava-palago-farmers-es\/#primaryimage"},"thumbnailUrl":"https:\/\/artcava.com\/wp-content\/uploads\/2020\/10\/farmers.jpg","datePublished":"2020-12-09T14:41:59+00:00","dateModified":"2024-02-09T11:36:55+00:00","breadcrumb":{"@id":"https:\/\/artcava.com\/es\/botiga-virtual\/cava-palago-farmers-es\/#breadcrumb"},"inLanguage":"es","potentialAction":[{"@type":"ReadAction","target":["https:\/\/artcava.com\/es\/botiga-virtual\/cava-palago-farmers-es\/"]}]},{"@type":"ImageObject","inLanguage":"es","@id":"https:\/\/artcava.com\/es\/botiga-virtual\/cava-palago-farmers-es\/#primaryimage","url":"https:\/\/artcava.com\/wp-content\/uploads\/2020\/10\/farmers.jpg","contentUrl":"https:\/\/artcava.com\/wp-content\/uploads\/2020\/10\/farmers.jpg","width":2000,"height":1623},{"@type":"BreadcrumbList","@id":"https:\/\/artcava.com\/es\/botiga-virtual\/cava-palago-farmers-es\/#breadcrumb","itemListElement":[{"@type":"ListItem","position":1,"name":"Inici","item":"https:\/\/artcava.com\/es\/inici-artcava\/"},{"@type":"ListItem","position":2,"name":"Tienda online","item":"https:\/\/artcava.com\/es\/tienda-online\/"},{"@type":"ListItem","position":3,"name":"Cava Palag\u00f3 Farmer&#8217;s"}]},{"@type":"WebSite","@id":"https:\/\/artcava.com\/#website","url":"https:\/\/artcava.com\/","name":"Artcava - Masia Can Batlle","description":"L&#039;experi\u00e8ncia definitiva sobre el cava","publisher":{"@id":"https:\/\/artcava.com\/#organization"},"potentialAction":[{"@type":"SearchAction","target":{"@type":"EntryPoint","urlTemplate":"https:\/\/artcava.com\/?s={search_term_string}"},"query-input":{"@type":"PropertyValueSpecification","valueRequired":true,"valueName":"search_term_string"}}],"inLanguage":"es"},{"@type":"Organization","@id":"https:\/\/artcava.com\/#organization","name":"Artcava - Celler Can Batlle SL","url":"https:\/\/artcava.com\/","logo":{"@type":"ImageObject","inLanguage":"es","@id":"https:\/\/artcava.com\/#\/schema\/logo\/image\/","url":"https:\/\/artcava.com\/wp-content\/uploads\/2020\/07\/logo-cartcava-winery.png","contentUrl":"https:\/\/artcava.com\/wp-content\/uploads\/2020\/07\/logo-cartcava-winery.png","width":811,"height":776,"caption":"Artcava - Celler Can Batlle SL"},"image":{"@id":"https:\/\/artcava.com\/#\/schema\/logo\/image\/"},"sameAs":["https:\/\/www.facebook.com\/elteucava\/","https:\/\/www.instagram.com\/artcava_experience\/","https:\/\/www.instagram.com\/lamanelabyartcava\/"]}]}},"jetpack_sharing_enabled":true,"_links":{"self":[{"href":"https:\/\/artcava.com\/es\/wp-json\/wp\/v2\/product\/7819","targetHints":{"allow":["GET"]}}],"collection":[{"href":"https:\/\/artcava.com\/es\/wp-json\/wp\/v2\/product"}],"about":[{"href":"https:\/\/artcava.com\/es\/wp-json\/wp\/v2\/types\/product"}],"version-history":[{"count":0,"href":"https:\/\/artcava.com\/es\/wp-json\/wp\/v2\/product\/7819\/revisions"}],"wp:featuredmedia":[{"embeddable":true,"href":"https:\/\/artcava.com\/es\/wp-json\/wp\/v2\/media\/7798"}],"wp:attachment":[{"href":"https:\/\/artcava.com\/es\/wp-json\/wp\/v2\/media?parent=7819"}],"wp:term":[{"taxonomy":"product_brand","embeddable":true,"href":"https:\/\/artcava.com\/es\/wp-json\/wp\/v2\/product_brand?post=7819"},{"taxonomy":"product_cat","embeddable":true,"href":"https:\/\/artcava.com\/es\/wp-json\/wp\/v2\/product_cat?post=7819"},{"taxonomy":"product_tag","embeddable":true,"href":"https:\/\/artcava.com\/es\/wp-json\/wp\/v2\/product_tag?post=7819"}],"curies":[{"name":"wp","href":"https:\/\/api.w.org\/{rel}","templated":true}]}}