{"id":7768,"date":"2020-11-18T10:42:37","date_gmt":"2020-12-09T14:16:24","guid":{"rendered":"https:\/\/artcava.com\/botiga-virtual\/cheque-regalo-taller-crea-tu-cava-maridaje-gastronomico\/"},"modified":"2023-10-14T17:12:59","modified_gmt":"2023-10-14T15:12:59","slug":"cheque-regalo-taller-crea-tu-cava","status":"publish","type":"product","link":"https:\/\/artcava.com\/es\/botiga-virtual\/cheque-regalo-taller-crea-tu-cava\/","title":{"rendered":"Cheque regalo-Taller \u00abCrea tu cava\u00bb"},"content":{"rendered":"","protected":false},"excerpt":{"rendered":"<p><span style=\"font-weight: 400;\">\u00a1No hay mejor regalo que una experiencia! No busques m\u00e1s, has encontrado el detalle perfecto para cualquier foodie amante del cava.<\/span><\/p>\n<p><span style=\"font-weight: 400;\">Saborea la cultura del Pened\u00e8s a trav\u00e9s de nuestro taller <a href=\"https:\/\/artcava.com\/ca\/taller-crea-el-teu-cava\/\">Crea tu cava<\/a>, la actividad m\u00e1s divertida y singular que se puede realizar en nuestra bodega.<\/span><\/p>\n<p><span style=\"font-weight: 400;\">\u00bfQu\u00e9 incluye?<\/span><\/p>\n<ul>\n<li style=\"font-weight: 400;\"><span style=\"font-weight: 400;\">Visita a nuestras instalaciones<\/span><\/li>\n<li style=\"font-weight: 400;\"><span style=\"font-weight: 400;\">Cata de 3 de nuestros cavas Palag\u00f3<\/span><\/li>\n<li style=\"font-weight: 400;\"><span style=\"font-weight: 400;\">Taller de deg\u00fcelle y etiquetado de una botella de cava<\/span><\/li>\n<\/ul>\n<pre>-Una vegada finalitzada la compra rebr\u00e0s un elegant xec regal en format PDF a la teva b\u00fastia de correu electr\u00f2nic per a que puguis regalar-lo a qui tu vulguis. \n-Aquest xec t\u00e9 una validesa de 2 anys des del moment de la seva compra. <em> \n\n*Fent aquest regal est\u00e0s recolzant a petits productors com nosaltres alhora que dones a con\u00e8ixer el nostre petit celler i la cultura que el rodeja.<\/em><\/pre>\n","protected":false},"featured_media":7769,"template":"","meta":[],"product_brand":[],"product_cat":[104],"product_tag":[],"class_list":{"0":"post-7768","1":"product","2":"type-product","3":"status-publish","4":"has-post-thumbnail","6":"product_cat-experiencias","8":"first","9":"instock","10":"virtual","11":"purchasable","12":"product-type-simple"},"yoast_head":"<!-- This site is optimized with the Yoast SEO plugin v27.2 - https:\/\/yoast.com\/product\/yoast-seo-wordpress\/ -->\n<title>Cheque regalo-Taller &quot;Crea tu cava&quot; &#183; Artcava - Masia Can Batlle<\/title>\n<meta name=\"robots\" content=\"index, follow, max-snippet:-1, max-image-preview:large, max-video-preview:-1\" \/>\n<link rel=\"canonical\" href=\"https:\/\/artcava.com\/es\/botiga-virtual\/cheque-regalo-taller-crea-tu-cava\/\" \/>\n<meta property=\"og:locale\" content=\"es_ES\" \/>\n<meta property=\"og:type\" content=\"article\" \/>\n<meta property=\"og:title\" content=\"Cheque regalo-Taller &quot;Crea tu cava&quot; &#183; Artcava - Masia Can Batlle\" \/>\n<meta property=\"og:description\" content=\"\u00a1No hay mejor regalo que una experiencia! No busques m\u00e1s, has encontrado el detalle perfecto para cualquier foodie amante del cava. Saborea la cultura del Pened\u00e8s a trav\u00e9s de nuestro taller Crea tu cava, la actividad m\u00e1s divertida y singular que se puede realizar en nuestra bodega. \u00bfQu\u00e9 incluye?  Visita a nuestras instalaciones  Cata de 3 de nuestros cavas Palag\u00f3  Taller de deg\u00fcelle y etiquetado de una botella de cava -Una vegada finalitzada la compra rebr\u00e0s un elegant xec regal en format PDF a la teva b\u00fastia de correu electr\u00f2nic per a que puguis regalar-lo a qui tu vulguis. -Aquest xec t\u00e9 una validesa de 2 anys des del moment de la seva compra.  *Fent aquest regal est\u00e0s recolzant a petits productors com nosaltres alhora que dones a con\u00e8ixer el nostre petit celler i la cultura que el rodeja.\" \/>\n<meta property=\"og:url\" content=\"https:\/\/artcava.com\/es\/botiga-virtual\/cheque-regalo-taller-crea-tu-cava\/\" \/>\n<meta property=\"og:site_name\" content=\"Artcava - Masia Can Batlle\" \/>\n<meta property=\"article:publisher\" content=\"https:\/\/www.facebook.com\/elteucava\/\" \/>\n<meta property=\"article:modified_time\" content=\"2023-10-14T15:12:59+00:00\" \/>\n<meta property=\"og:image\" content=\"https:\/\/artcava.com\/wp-content\/uploads\/2020\/10\/artcava-8000-1.jpg\" \/>\n\t<meta property=\"og:image:width\" content=\"2128\" \/>\n\t<meta property=\"og:image:height\" content=\"1416\" \/>\n\t<meta property=\"og:image:type\" content=\"image\/jpeg\" \/>\n<meta name=\"twitter:card\" content=\"summary_large_image\" \/>\n<script type=\"application\/ld+json\" class=\"yoast-schema-graph\">{\"@context\":\"https:\/\/schema.org\",\"@graph\":[{\"@type\":\"WebPage\",\"@id\":\"https:\/\/artcava.com\/es\/botiga-virtual\/cheque-regalo-taller-crea-tu-cava\/\",\"url\":\"https:\/\/artcava.com\/es\/botiga-virtual\/cheque-regalo-taller-crea-tu-cava\/\",\"name\":\"Cheque regalo-Taller \\\"Crea tu cava\\\" &#183; Artcava - Masia Can Batlle\",\"isPartOf\":{\"@id\":\"https:\/\/artcava.com\/#website\"},\"primaryImageOfPage\":{\"@id\":\"https:\/\/artcava.com\/es\/botiga-virtual\/cheque-regalo-taller-crea-tu-cava\/#primaryimage\"},\"image\":{\"@id\":\"https:\/\/artcava.com\/es\/botiga-virtual\/cheque-regalo-taller-crea-tu-cava\/#primaryimage\"},\"thumbnailUrl\":\"https:\/\/artcava.com\/wp-content\/uploads\/2020\/10\/artcava-8000-1.jpg\",\"datePublished\":\"2020-12-09T14:16:24+00:00\",\"dateModified\":\"2023-10-14T15:12:59+00:00\",\"breadcrumb\":{\"@id\":\"https:\/\/artcava.com\/es\/botiga-virtual\/cheque-regalo-taller-crea-tu-cava\/#breadcrumb\"},\"inLanguage\":\"es\",\"potentialAction\":[{\"@type\":\"ReadAction\",\"target\":[\"https:\/\/artcava.com\/es\/botiga-virtual\/cheque-regalo-taller-crea-tu-cava\/\"]}]},{\"@type\":\"ImageObject\",\"inLanguage\":\"es\",\"@id\":\"https:\/\/artcava.com\/es\/botiga-virtual\/cheque-regalo-taller-crea-tu-cava\/#primaryimage\",\"url\":\"https:\/\/artcava.com\/wp-content\/uploads\/2020\/10\/artcava-8000-1.jpg\",\"contentUrl\":\"https:\/\/artcava.com\/wp-content\/uploads\/2020\/10\/artcava-8000-1.jpg\",\"width\":2128,\"height\":1416},{\"@type\":\"BreadcrumbList\",\"@id\":\"https:\/\/artcava.com\/es\/botiga-virtual\/cheque-regalo-taller-crea-tu-cava\/#breadcrumb\",\"itemListElement\":[{\"@type\":\"ListItem\",\"position\":1,\"name\":\"Inici\",\"item\":\"https:\/\/artcava.com\/es\/inici-artcava\/\"},{\"@type\":\"ListItem\",\"position\":2,\"name\":\"Tienda virtual\",\"item\":\"https:\/\/artcava.com\/es\/botiga-virtual\/\"},{\"@type\":\"ListItem\",\"position\":3,\"name\":\"Cheque regalo-Taller \u00abCrea tu cava\u00bb\"}]},{\"@type\":\"WebSite\",\"@id\":\"https:\/\/artcava.com\/#website\",\"url\":\"https:\/\/artcava.com\/\",\"name\":\"Artcava - Masia Can Batlle\",\"description\":\"L&#039;experi\u00e8ncia definitiva sobre el cava\",\"publisher\":{\"@id\":\"https:\/\/artcava.com\/#organization\"},\"potentialAction\":[{\"@type\":\"SearchAction\",\"target\":{\"@type\":\"EntryPoint\",\"urlTemplate\":\"https:\/\/artcava.com\/?s={search_term_string}\"},\"query-input\":{\"@type\":\"PropertyValueSpecification\",\"valueRequired\":true,\"valueName\":\"search_term_string\"}}],\"inLanguage\":\"es\"},{\"@type\":\"Organization\",\"@id\":\"https:\/\/artcava.com\/#organization\",\"name\":\"Artcava - Celler Can Batlle SL\",\"url\":\"https:\/\/artcava.com\/\",\"logo\":{\"@type\":\"ImageObject\",\"inLanguage\":\"es\",\"@id\":\"https:\/\/artcava.com\/#\/schema\/logo\/image\/\",\"url\":\"https:\/\/artcava.com\/wp-content\/uploads\/2020\/07\/logo-cartcava-winery.png\",\"contentUrl\":\"https:\/\/artcava.com\/wp-content\/uploads\/2020\/07\/logo-cartcava-winery.png\",\"width\":811,\"height\":776,\"caption\":\"Artcava - Celler Can Batlle SL\"},\"image\":{\"@id\":\"https:\/\/artcava.com\/#\/schema\/logo\/image\/\"},\"sameAs\":[\"https:\/\/www.facebook.com\/elteucava\/\",\"https:\/\/www.instagram.com\/artcava_experience\/\",\"https:\/\/www.instagram.com\/lamanelabyartcava\/\"]}]}<\/script>\n<!-- \/ Yoast SEO plugin. -->","yoast_head_json":{"title":"Cheque regalo-Taller \"Crea tu cava\" &#183; Artcava - Masia Can Batlle","robots":{"index":"index","follow":"follow","max-snippet":"max-snippet:-1","max-image-preview":"max-image-preview:large","max-video-preview":"max-video-preview:-1"},"canonical":"https:\/\/artcava.com\/es\/botiga-virtual\/cheque-regalo-taller-crea-tu-cava\/","og_locale":"es_ES","og_type":"article","og_title":"Cheque regalo-Taller \"Crea tu cava\" &#183; Artcava - Masia Can Batlle","og_description":"\u00a1No hay mejor regalo que una experiencia! No busques m\u00e1s, has encontrado el detalle perfecto para cualquier foodie amante del cava. Saborea la cultura del Pened\u00e8s a trav\u00e9s de nuestro taller Crea tu cava, la actividad m\u00e1s divertida y singular que se puede realizar en nuestra bodega. \u00bfQu\u00e9 incluye?  Visita a nuestras instalaciones  Cata de 3 de nuestros cavas Palag\u00f3  Taller de deg\u00fcelle y etiquetado de una botella de cava -Una vegada finalitzada la compra rebr\u00e0s un elegant xec regal en format PDF a la teva b\u00fastia de correu electr\u00f2nic per a que puguis regalar-lo a qui tu vulguis. -Aquest xec t\u00e9 una validesa de 2 anys des del moment de la seva compra.  *Fent aquest regal est\u00e0s recolzant a petits productors com nosaltres alhora que dones a con\u00e8ixer el nostre petit celler i la cultura que el rodeja.","og_url":"https:\/\/artcava.com\/es\/botiga-virtual\/cheque-regalo-taller-crea-tu-cava\/","og_site_name":"Artcava - Masia Can Batlle","article_publisher":"https:\/\/www.facebook.com\/elteucava\/","article_modified_time":"2023-10-14T15:12:59+00:00","og_image":[{"width":2128,"height":1416,"url":"https:\/\/artcava.com\/wp-content\/uploads\/2020\/10\/artcava-8000-1.jpg","type":"image\/jpeg"}],"twitter_card":"summary_large_image","schema":{"@context":"https:\/\/schema.org","@graph":[{"@type":"WebPage","@id":"https:\/\/artcava.com\/es\/botiga-virtual\/cheque-regalo-taller-crea-tu-cava\/","url":"https:\/\/artcava.com\/es\/botiga-virtual\/cheque-regalo-taller-crea-tu-cava\/","name":"Cheque regalo-Taller \"Crea tu cava\" &#183; Artcava - Masia Can Batlle","isPartOf":{"@id":"https:\/\/artcava.com\/#website"},"primaryImageOfPage":{"@id":"https:\/\/artcava.com\/es\/botiga-virtual\/cheque-regalo-taller-crea-tu-cava\/#primaryimage"},"image":{"@id":"https:\/\/artcava.com\/es\/botiga-virtual\/cheque-regalo-taller-crea-tu-cava\/#primaryimage"},"thumbnailUrl":"https:\/\/artcava.com\/wp-content\/uploads\/2020\/10\/artcava-8000-1.jpg","datePublished":"2020-12-09T14:16:24+00:00","dateModified":"2023-10-14T15:12:59+00:00","breadcrumb":{"@id":"https:\/\/artcava.com\/es\/botiga-virtual\/cheque-regalo-taller-crea-tu-cava\/#breadcrumb"},"inLanguage":"es","potentialAction":[{"@type":"ReadAction","target":["https:\/\/artcava.com\/es\/botiga-virtual\/cheque-regalo-taller-crea-tu-cava\/"]}]},{"@type":"ImageObject","inLanguage":"es","@id":"https:\/\/artcava.com\/es\/botiga-virtual\/cheque-regalo-taller-crea-tu-cava\/#primaryimage","url":"https:\/\/artcava.com\/wp-content\/uploads\/2020\/10\/artcava-8000-1.jpg","contentUrl":"https:\/\/artcava.com\/wp-content\/uploads\/2020\/10\/artcava-8000-1.jpg","width":2128,"height":1416},{"@type":"BreadcrumbList","@id":"https:\/\/artcava.com\/es\/botiga-virtual\/cheque-regalo-taller-crea-tu-cava\/#breadcrumb","itemListElement":[{"@type":"ListItem","position":1,"name":"Inici","item":"https:\/\/artcava.com\/es\/inici-artcava\/"},{"@type":"ListItem","position":2,"name":"Tienda virtual","item":"https:\/\/artcava.com\/es\/botiga-virtual\/"},{"@type":"ListItem","position":3,"name":"Cheque regalo-Taller \u00abCrea tu cava\u00bb"}]},{"@type":"WebSite","@id":"https:\/\/artcava.com\/#website","url":"https:\/\/artcava.com\/","name":"Artcava - Masia Can Batlle","description":"L&#039;experi\u00e8ncia definitiva sobre el cava","publisher":{"@id":"https:\/\/artcava.com\/#organization"},"potentialAction":[{"@type":"SearchAction","target":{"@type":"EntryPoint","urlTemplate":"https:\/\/artcava.com\/?s={search_term_string}"},"query-input":{"@type":"PropertyValueSpecification","valueRequired":true,"valueName":"search_term_string"}}],"inLanguage":"es"},{"@type":"Organization","@id":"https:\/\/artcava.com\/#organization","name":"Artcava - Celler Can Batlle SL","url":"https:\/\/artcava.com\/","logo":{"@type":"ImageObject","inLanguage":"es","@id":"https:\/\/artcava.com\/#\/schema\/logo\/image\/","url":"https:\/\/artcava.com\/wp-content\/uploads\/2020\/07\/logo-cartcava-winery.png","contentUrl":"https:\/\/artcava.com\/wp-content\/uploads\/2020\/07\/logo-cartcava-winery.png","width":811,"height":776,"caption":"Artcava - Celler Can Batlle SL"},"image":{"@id":"https:\/\/artcava.com\/#\/schema\/logo\/image\/"},"sameAs":["https:\/\/www.facebook.com\/elteucava\/","https:\/\/www.instagram.com\/artcava_experience\/","https:\/\/www.instagram.com\/lamanelabyartcava\/"]}]}},"jetpack_sharing_enabled":true,"_links":{"self":[{"href":"https:\/\/artcava.com\/es\/wp-json\/wp\/v2\/product\/7768","targetHints":{"allow":["GET"]}}],"collection":[{"href":"https:\/\/artcava.com\/es\/wp-json\/wp\/v2\/product"}],"about":[{"href":"https:\/\/artcava.com\/es\/wp-json\/wp\/v2\/types\/product"}],"version-history":[{"count":0,"href":"https:\/\/artcava.com\/es\/wp-json\/wp\/v2\/product\/7768\/revisions"}],"wp:featuredmedia":[{"embeddable":true,"href":"https:\/\/artcava.com\/es\/wp-json\/wp\/v2\/media\/7769"}],"wp:attachment":[{"href":"https:\/\/artcava.com\/es\/wp-json\/wp\/v2\/media?parent=7768"}],"wp:term":[{"taxonomy":"product_brand","embeddable":true,"href":"https:\/\/artcava.com\/es\/wp-json\/wp\/v2\/product_brand?post=7768"},{"taxonomy":"product_cat","embeddable":true,"href":"https:\/\/artcava.com\/es\/wp-json\/wp\/v2\/product_cat?post=7768"},{"taxonomy":"product_tag","embeddable":true,"href":"https:\/\/artcava.com\/es\/wp-json\/wp\/v2\/product_tag?post=7768"}],"curies":[{"name":"wp","href":"https:\/\/api.w.org\/{rel}","templated":true}]}}