{"id":7765,"date":"2020-11-18T11:30:38","date_gmt":"2020-12-09T14:13:44","guid":{"rendered":"https:\/\/artcava.com\/botiga-virtual\/cheque-regalo-taller-crea-tu-cava-maridaje-gastronomico\/"},"modified":"2023-10-14T18:10:10","modified_gmt":"2023-10-14T16:10:10","slug":"cheque-regalo-taller-crea-tu-vermut","status":"publish","type":"product","link":"https:\/\/artcava.com\/es\/botiga-virtual\/cheque-regalo-taller-crea-tu-vermut\/","title":{"rendered":"Cheque regalo-Taller \u00abCrea tu vermut\u00bb"},"content":{"rendered":"","protected":false},"excerpt":{"rendered":"<h4><\/h4>\n<p><span style=\"font-weight: 400;\">\u00a1No hay mejor regalo que una experiencia! No busques m\u00e1s, has encontrado el detalle perfecto para cualquier foodie amante del cava.<\/span><\/p>\n<p><span style=\"font-weight: 400;\">Saborea la cultura del Pened\u00e9s a trav\u00e9s de nuestro taller <a href=\"https:\/\/artcava.com\/ca\/taller-crea-el-teu-vermut\/\">Crea tu vermut<\/a>, una actividad donde podr\u00e1s jugar con algunos de los m\u00e1s de 80 bot\u00e1nicos que forman las bases de los vermuts y crear\u00e1s los licores a tu gusto.<\/span><span style=\"font-weight: 400;\"> Podr\u00e1s elegir entre un estilo de vermut de Reus, del Piamonte o nuestro propio, el de La Manela.<\/span><\/p>\n<p><span style=\"font-weight: 400;\">\u00bfQu\u00e9 incluye?<\/span><\/p>\n<ul>\n<li style=\"font-weight: 400;\"><span style=\"font-weight: 400;\">Taller de creaci\u00f3n de vermuts<\/span><\/li>\n<li style=\"font-weight: 400;\"><span style=\"font-weight: 400;\">Tres botellas de vermut<\/span><\/li>\n<\/ul>\n<pre>-Una vez finalizada la compra recibir\u00e1s un elegante cheque regalo en formato PDF en tu buz\u00f3n de correo electr\u00f3nico para que puedas regalarlo a quien quieras. \r\n-Este cheque tiene una validez de 2 a\u00f1os desde el momento de la compra. \r\n\r\n<em>*Haciendo este regalo est\u00e1s apoyando a peque\u00f1os productores como nosotros a la vez que des a conocer nuestra peque\u00f1a bodega y la cultura que lo rodea.<\/em><\/pre>\n","protected":false},"featured_media":7766,"template":"","meta":[],"product_brand":[],"product_cat":[104],"product_tag":[],"class_list":{"0":"post-7765","1":"product","2":"type-product","3":"status-publish","4":"has-post-thumbnail","6":"product_cat-experiencias","8":"first","9":"outofstock","10":"virtual","11":"purchasable","12":"product-type-simple"},"yoast_head":"<!-- This site is optimized with the Yoast SEO plugin v27.4 - https:\/\/yoast.com\/product\/yoast-seo-wordpress\/ -->\n<title>Cheque regalo-Taller &quot;Crea tu vermut&quot; &#183; Artcava - Masia Can Batlle<\/title>\n<meta name=\"robots\" content=\"index, follow, max-snippet:-1, max-image-preview:large, max-video-preview:-1\" \/>\n<link rel=\"canonical\" href=\"https:\/\/artcava.com\/es\/botiga-virtual\/cheque-regalo-taller-crea-tu-vermut\/\" \/>\n<meta property=\"og:locale\" content=\"es_ES\" \/>\n<meta property=\"og:type\" content=\"article\" \/>\n<meta property=\"og:title\" content=\"Cheque regalo-Taller &quot;Crea tu vermut&quot; &#183; Artcava - Masia Can Batlle\" \/>\n<meta property=\"og:description\" content=\"\u00a1No hay mejor regalo que una experiencia! No busques m\u00e1s, has encontrado el detalle perfecto para cualquier foodie amante del cava.  Saborea la cultura del Pened\u00e9s a trav\u00e9s de nuestro taller Crea tu vermut, una actividad donde podr\u00e1s jugar con algunos de los m\u00e1s de 80 bot\u00e1nicos que forman las bases de los vermuts y crear\u00e1s los licores a tu gusto. Podr\u00e1s elegir entre un estilo de vermut de Reus, del Piamonte o nuestro propio, el de La Manela.  \u00bfQu\u00e9 incluye?   Taller de creaci\u00f3n de vermuts  Tres botellas de vermut  -Una vez finalizada la compra recibir\u00e1s un elegante cheque regalo en formato PDF en tu buz\u00f3n de correo electr\u00f3nico para que puedas regalarlo a quien quieras.  -Este cheque tiene una validez de 2 a\u00f1os desde el momento de la compra.   *Haciendo este regalo est\u00e1s apoyando a peque\u00f1os productores como nosotros a la vez que des a conocer nuestra peque\u00f1a bodega y la cultura que lo rodea.\" \/>\n<meta property=\"og:url\" content=\"https:\/\/artcava.com\/es\/botiga-virtual\/cheque-regalo-taller-crea-tu-vermut\/\" \/>\n<meta property=\"og:site_name\" content=\"Artcava - Masia Can Batlle\" \/>\n<meta property=\"article:publisher\" content=\"https:\/\/www.facebook.com\/elteucava\/\" \/>\n<meta property=\"article:modified_time\" content=\"2023-10-14T16:10:10+00:00\" \/>\n<meta property=\"og:image\" content=\"https:\/\/artcava.com\/wp-content\/uploads\/2020\/11\/IMG-20201007-WA0016-e1605695673621.jpg\" \/>\n\t<meta property=\"og:image:width\" content=\"989\" \/>\n\t<meta property=\"og:image:height\" content=\"922\" \/>\n\t<meta property=\"og:image:type\" content=\"image\/jpeg\" \/>\n<meta name=\"twitter:card\" content=\"summary_large_image\" \/>\n<script type=\"application\/ld+json\" class=\"yoast-schema-graph\">{\"@context\":\"https:\\\/\\\/schema.org\",\"@graph\":[{\"@type\":\"WebPage\",\"@id\":\"https:\\\/\\\/artcava.com\\\/es\\\/botiga-virtual\\\/cheque-regalo-taller-crea-tu-vermut\\\/\",\"url\":\"https:\\\/\\\/artcava.com\\\/es\\\/botiga-virtual\\\/cheque-regalo-taller-crea-tu-vermut\\\/\",\"name\":\"Cheque regalo-Taller \\\"Crea tu vermut\\\" &#183; Artcava - Masia Can Batlle\",\"isPartOf\":{\"@id\":\"https:\\\/\\\/artcava.com\\\/#website\"},\"primaryImageOfPage\":{\"@id\":\"https:\\\/\\\/artcava.com\\\/es\\\/botiga-virtual\\\/cheque-regalo-taller-crea-tu-vermut\\\/#primaryimage\"},\"image\":{\"@id\":\"https:\\\/\\\/artcava.com\\\/es\\\/botiga-virtual\\\/cheque-regalo-taller-crea-tu-vermut\\\/#primaryimage\"},\"thumbnailUrl\":\"https:\\\/\\\/artcava.com\\\/wp-content\\\/uploads\\\/2020\\\/11\\\/IMG-20201007-WA0016-e1605695673621.jpg\",\"datePublished\":\"2020-12-09T14:13:44+00:00\",\"dateModified\":\"2023-10-14T16:10:10+00:00\",\"breadcrumb\":{\"@id\":\"https:\\\/\\\/artcava.com\\\/es\\\/botiga-virtual\\\/cheque-regalo-taller-crea-tu-vermut\\\/#breadcrumb\"},\"inLanguage\":\"es\",\"potentialAction\":[{\"@type\":\"ReadAction\",\"target\":[\"https:\\\/\\\/artcava.com\\\/es\\\/botiga-virtual\\\/cheque-regalo-taller-crea-tu-vermut\\\/\"]}]},{\"@type\":\"ImageObject\",\"inLanguage\":\"es\",\"@id\":\"https:\\\/\\\/artcava.com\\\/es\\\/botiga-virtual\\\/cheque-regalo-taller-crea-tu-vermut\\\/#primaryimage\",\"url\":\"https:\\\/\\\/artcava.com\\\/wp-content\\\/uploads\\\/2020\\\/11\\\/IMG-20201007-WA0016-e1605695673621.jpg\",\"contentUrl\":\"https:\\\/\\\/artcava.com\\\/wp-content\\\/uploads\\\/2020\\\/11\\\/IMG-20201007-WA0016-e1605695673621.jpg\",\"width\":989,\"height\":922},{\"@type\":\"BreadcrumbList\",\"@id\":\"https:\\\/\\\/artcava.com\\\/es\\\/botiga-virtual\\\/cheque-regalo-taller-crea-tu-vermut\\\/#breadcrumb\",\"itemListElement\":[{\"@type\":\"ListItem\",\"position\":1,\"name\":\"Inici\",\"item\":\"https:\\\/\\\/artcava.com\\\/es\\\/inici-artcava\\\/\"},{\"@type\":\"ListItem\",\"position\":2,\"name\":\"Tienda virtual\",\"item\":\"https:\\\/\\\/artcava.com\\\/es\\\/botiga-virtual\\\/\"},{\"@type\":\"ListItem\",\"position\":3,\"name\":\"Cheque regalo-Taller &#8220;Crea tu vermut&#8221;\"}]},{\"@type\":\"WebSite\",\"@id\":\"https:\\\/\\\/artcava.com\\\/#website\",\"url\":\"https:\\\/\\\/artcava.com\\\/\",\"name\":\"Artcava - Masia Can Batlle\",\"description\":\"L&#039;experi\u00e8ncia definitiva sobre el cava\",\"publisher\":{\"@id\":\"https:\\\/\\\/artcava.com\\\/#organization\"},\"potentialAction\":[{\"@type\":\"SearchAction\",\"target\":{\"@type\":\"EntryPoint\",\"urlTemplate\":\"https:\\\/\\\/artcava.com\\\/?s={search_term_string}\"},\"query-input\":{\"@type\":\"PropertyValueSpecification\",\"valueRequired\":true,\"valueName\":\"search_term_string\"}}],\"inLanguage\":\"es\"},{\"@type\":\"Organization\",\"@id\":\"https:\\\/\\\/artcava.com\\\/#organization\",\"name\":\"Artcava - Celler Can Batlle SL\",\"url\":\"https:\\\/\\\/artcava.com\\\/\",\"logo\":{\"@type\":\"ImageObject\",\"inLanguage\":\"es\",\"@id\":\"https:\\\/\\\/artcava.com\\\/#\\\/schema\\\/logo\\\/image\\\/\",\"url\":\"https:\\\/\\\/artcava.com\\\/wp-content\\\/uploads\\\/2020\\\/07\\\/logo-cartcava-winery.png\",\"contentUrl\":\"https:\\\/\\\/artcava.com\\\/wp-content\\\/uploads\\\/2020\\\/07\\\/logo-cartcava-winery.png\",\"width\":811,\"height\":776,\"caption\":\"Artcava - Celler Can Batlle SL\"},\"image\":{\"@id\":\"https:\\\/\\\/artcava.com\\\/#\\\/schema\\\/logo\\\/image\\\/\"},\"sameAs\":[\"https:\\\/\\\/www.facebook.com\\\/elteucava\\\/\",\"https:\\\/\\\/www.instagram.com\\\/artcava_experience\\\/\",\"https:\\\/\\\/www.instagram.com\\\/lamanelabyartcava\\\/\"]}]}<\/script>\n<!-- \/ Yoast SEO plugin. -->","yoast_head_json":{"title":"Cheque regalo-Taller \"Crea tu vermut\" &#183; Artcava - Masia Can Batlle","robots":{"index":"index","follow":"follow","max-snippet":"max-snippet:-1","max-image-preview":"max-image-preview:large","max-video-preview":"max-video-preview:-1"},"canonical":"https:\/\/artcava.com\/es\/botiga-virtual\/cheque-regalo-taller-crea-tu-vermut\/","og_locale":"es_ES","og_type":"article","og_title":"Cheque regalo-Taller \"Crea tu vermut\" &#183; Artcava - Masia Can Batlle","og_description":"\u00a1No hay mejor regalo que una experiencia! No busques m\u00e1s, has encontrado el detalle perfecto para cualquier foodie amante del cava.  Saborea la cultura del Pened\u00e9s a trav\u00e9s de nuestro taller Crea tu vermut, una actividad donde podr\u00e1s jugar con algunos de los m\u00e1s de 80 bot\u00e1nicos que forman las bases de los vermuts y crear\u00e1s los licores a tu gusto. Podr\u00e1s elegir entre un estilo de vermut de Reus, del Piamonte o nuestro propio, el de La Manela.  \u00bfQu\u00e9 incluye?   Taller de creaci\u00f3n de vermuts  Tres botellas de vermut  -Una vez finalizada la compra recibir\u00e1s un elegante cheque regalo en formato PDF en tu buz\u00f3n de correo electr\u00f3nico para que puedas regalarlo a quien quieras.  -Este cheque tiene una validez de 2 a\u00f1os desde el momento de la compra.   *Haciendo este regalo est\u00e1s apoyando a peque\u00f1os productores como nosotros a la vez que des a conocer nuestra peque\u00f1a bodega y la cultura que lo rodea.","og_url":"https:\/\/artcava.com\/es\/botiga-virtual\/cheque-regalo-taller-crea-tu-vermut\/","og_site_name":"Artcava - Masia Can Batlle","article_publisher":"https:\/\/www.facebook.com\/elteucava\/","article_modified_time":"2023-10-14T16:10:10+00:00","og_image":[{"width":989,"height":922,"url":"https:\/\/artcava.com\/wp-content\/uploads\/2020\/11\/IMG-20201007-WA0016-e1605695673621.jpg","type":"image\/jpeg"}],"twitter_card":"summary_large_image","schema":{"@context":"https:\/\/schema.org","@graph":[{"@type":"WebPage","@id":"https:\/\/artcava.com\/es\/botiga-virtual\/cheque-regalo-taller-crea-tu-vermut\/","url":"https:\/\/artcava.com\/es\/botiga-virtual\/cheque-regalo-taller-crea-tu-vermut\/","name":"Cheque regalo-Taller \"Crea tu vermut\" &#183; Artcava - Masia Can Batlle","isPartOf":{"@id":"https:\/\/artcava.com\/#website"},"primaryImageOfPage":{"@id":"https:\/\/artcava.com\/es\/botiga-virtual\/cheque-regalo-taller-crea-tu-vermut\/#primaryimage"},"image":{"@id":"https:\/\/artcava.com\/es\/botiga-virtual\/cheque-regalo-taller-crea-tu-vermut\/#primaryimage"},"thumbnailUrl":"https:\/\/artcava.com\/wp-content\/uploads\/2020\/11\/IMG-20201007-WA0016-e1605695673621.jpg","datePublished":"2020-12-09T14:13:44+00:00","dateModified":"2023-10-14T16:10:10+00:00","breadcrumb":{"@id":"https:\/\/artcava.com\/es\/botiga-virtual\/cheque-regalo-taller-crea-tu-vermut\/#breadcrumb"},"inLanguage":"es","potentialAction":[{"@type":"ReadAction","target":["https:\/\/artcava.com\/es\/botiga-virtual\/cheque-regalo-taller-crea-tu-vermut\/"]}]},{"@type":"ImageObject","inLanguage":"es","@id":"https:\/\/artcava.com\/es\/botiga-virtual\/cheque-regalo-taller-crea-tu-vermut\/#primaryimage","url":"https:\/\/artcava.com\/wp-content\/uploads\/2020\/11\/IMG-20201007-WA0016-e1605695673621.jpg","contentUrl":"https:\/\/artcava.com\/wp-content\/uploads\/2020\/11\/IMG-20201007-WA0016-e1605695673621.jpg","width":989,"height":922},{"@type":"BreadcrumbList","@id":"https:\/\/artcava.com\/es\/botiga-virtual\/cheque-regalo-taller-crea-tu-vermut\/#breadcrumb","itemListElement":[{"@type":"ListItem","position":1,"name":"Inici","item":"https:\/\/artcava.com\/es\/inici-artcava\/"},{"@type":"ListItem","position":2,"name":"Tienda virtual","item":"https:\/\/artcava.com\/es\/botiga-virtual\/"},{"@type":"ListItem","position":3,"name":"Cheque regalo-Taller &#8220;Crea tu vermut&#8221;"}]},{"@type":"WebSite","@id":"https:\/\/artcava.com\/#website","url":"https:\/\/artcava.com\/","name":"Artcava - Masia Can Batlle","description":"L&#039;experi\u00e8ncia definitiva sobre el cava","publisher":{"@id":"https:\/\/artcava.com\/#organization"},"potentialAction":[{"@type":"SearchAction","target":{"@type":"EntryPoint","urlTemplate":"https:\/\/artcava.com\/?s={search_term_string}"},"query-input":{"@type":"PropertyValueSpecification","valueRequired":true,"valueName":"search_term_string"}}],"inLanguage":"es"},{"@type":"Organization","@id":"https:\/\/artcava.com\/#organization","name":"Artcava - Celler Can Batlle SL","url":"https:\/\/artcava.com\/","logo":{"@type":"ImageObject","inLanguage":"es","@id":"https:\/\/artcava.com\/#\/schema\/logo\/image\/","url":"https:\/\/artcava.com\/wp-content\/uploads\/2020\/07\/logo-cartcava-winery.png","contentUrl":"https:\/\/artcava.com\/wp-content\/uploads\/2020\/07\/logo-cartcava-winery.png","width":811,"height":776,"caption":"Artcava - Celler Can Batlle SL"},"image":{"@id":"https:\/\/artcava.com\/#\/schema\/logo\/image\/"},"sameAs":["https:\/\/www.facebook.com\/elteucava\/","https:\/\/www.instagram.com\/artcava_experience\/","https:\/\/www.instagram.com\/lamanelabyartcava\/"]}]}},"jetpack_sharing_enabled":true,"_links":{"self":[{"href":"https:\/\/artcava.com\/es\/wp-json\/wp\/v2\/product\/7765","targetHints":{"allow":["GET"]}}],"collection":[{"href":"https:\/\/artcava.com\/es\/wp-json\/wp\/v2\/product"}],"about":[{"href":"https:\/\/artcava.com\/es\/wp-json\/wp\/v2\/types\/product"}],"version-history":[{"count":2,"href":"https:\/\/artcava.com\/es\/wp-json\/wp\/v2\/product\/7765\/revisions"}],"predecessor-version":[{"id":13074,"href":"https:\/\/artcava.com\/es\/wp-json\/wp\/v2\/product\/7765\/revisions\/13074"}],"wp:featuredmedia":[{"embeddable":true,"href":"https:\/\/artcava.com\/es\/wp-json\/wp\/v2\/media\/7766"}],"wp:attachment":[{"href":"https:\/\/artcava.com\/es\/wp-json\/wp\/v2\/media?parent=7765"}],"wp:term":[{"taxonomy":"product_brand","embeddable":true,"href":"https:\/\/artcava.com\/es\/wp-json\/wp\/v2\/product_brand?post=7765"},{"taxonomy":"product_cat","embeddable":true,"href":"https:\/\/artcava.com\/es\/wp-json\/wp\/v2\/product_cat?post=7765"},{"taxonomy":"product_tag","embeddable":true,"href":"https:\/\/artcava.com\/es\/wp-json\/wp\/v2\/product_tag?post=7765"}],"curies":[{"name":"wp","href":"https:\/\/api.w.org\/{rel}","templated":true}]}}