{"id":7181,"date":"2020-11-18T11:47:50","date_gmt":"2020-12-01T12:29:03","guid":{"rendered":"https:\/\/artcava.com\/botiga-virtual\/club-artcava-starter-club\/"},"modified":"2021-01-05T11:07:43","modified_gmt":"2021-01-05T10:07:43","slug":"club-artcava-starter-club","status":"publish","type":"product","link":"https:\/\/artcava.com\/es\/botiga-virtual\/club-artcava-starter-club\/","title":{"rendered":"Club Artcava \u00abStarter Club\u00bb"},"content":{"rendered":"","protected":false},"excerpt":{"rendered":"<p><span style=\"font-weight: 400;\">Hacer tu propio cava es m\u00e1s f\u00e1cil de lo que crees.<br \/>\nCon nosotros podr\u00e1s vivir la experiencia de entrar en el laboratorio con probetas, botellas de vino de diferentes variedades y fichas organol\u00e9pticas y aprender\u00e1s de primera mano todo el proceso de elaboraci\u00f3n del vino: desde el embotellado hasta el <span class=\"hiddenSpellError\">deg\u00fcelle<\/span>. Ser\u00e1 como si tuvieras tu propia bodega en el Pened\u00e8s<\/span><\/p>\n<p><span style=\"font-weight: 400;\">Empezaremos con un primer contacto donde os explicaremos todo lo que necesit\u00e1is saber para adentrarvos en la experiencia. De entrada, <\/span><span style=\"font-weight: 400;\">3 sesiones privadas con nuestro en\u00f3logo. Pod\u00e9is decidir vuestro grado de implicaci\u00f3n en el proceso. Ser\u00e9is libres de asistir a nuestras instalaciones tantas veces como quer\u00e1is y hacer un seguimiento de vuestro producto.<\/span><\/p>\n<p>\u00bfQu\u00e9 incluye?<\/p>\n<ul>\n<li>Recorrido por nuestras vi\u00f1as con explicaciones.<\/li>\n<li>Visita guiada por la bodega.<\/li>\n<li>Degustaci\u00f3n de los vinos base del a\u00f1o actual con nuestro en\u00f3logo.<\/li>\n<li>50 botellas de cava<\/li>\n<li>Todas las herramientas necesarias para la creaci\u00f3n del vino.<\/li>\n<li>Calendario de elaboraci\u00f3n: embotellado, crianza, removido y deg\u00fcelle.<\/li>\n<\/ul>\n<pre>Una vez finalizada la compra, recibir\u00e1s un elegante cheque (que tambi\u00e9n podr\u00e1s regalar) en formato PDF a tu buz\u00f3n de correo electr\u00f3nico para usarlo (o regalarlo) cuando quieras.\n\n<\/pre>\n","protected":false},"featured_media":7182,"template":"","meta":[],"product_brand":[],"product_cat":[103],"product_tag":[],"class_list":{"0":"post-7181","1":"product","2":"type-product","3":"status-publish","4":"has-post-thumbnail","6":"product_cat-club-artcava-es","8":"first","9":"instock","10":"virtual","11":"purchasable","12":"product-type-subscription"},"yoast_head":"<!-- This site is optimized with the Yoast SEO plugin v27.2 - https:\/\/yoast.com\/product\/yoast-seo-wordpress\/ -->\n<title>Club Artcava &quot;Starter Club&quot; &#183; Artcava - Masia Can Batlle<\/title>\n<meta name=\"robots\" content=\"index, follow, max-snippet:-1, max-image-preview:large, max-video-preview:-1\" \/>\n<link rel=\"canonical\" href=\"https:\/\/artcava.com\/es\/botiga-virtual\/club-artcava-starter-club\/\" \/>\n<meta property=\"og:locale\" content=\"es_ES\" \/>\n<meta property=\"og:type\" content=\"article\" \/>\n<meta property=\"og:title\" content=\"Club Artcava &quot;Starter Club&quot; &#183; Artcava - Masia Can Batlle\" \/>\n<meta property=\"og:description\" content=\"Hacer tu propio cava es m\u00e1s f\u00e1cil de lo que crees. Con nosotros podr\u00e1s vivir la experiencia de entrar en el laboratorio con probetas, botellas de vino de diferentes variedades y fichas organol\u00e9pticas y aprender\u00e1s de primera mano todo el proceso de elaboraci\u00f3n del vino: desde el embotellado hasta el deg\u00fcelle. Ser\u00e1 como si tuvieras tu propia bodega en el Pened\u00e8s Empezaremos con un primer contacto donde os explicaremos todo lo que necesit\u00e1is saber para adentrarvos en la experiencia. De entrada, 3 sesiones privadas con nuestro en\u00f3logo. Pod\u00e9is decidir vuestro grado de implicaci\u00f3n en el proceso. Ser\u00e9is libres de asistir a nuestras instalaciones tantas veces como quer\u00e1is y hacer un seguimiento de vuestro producto. \u00bfQu\u00e9 incluye?  Recorrido por nuestras vi\u00f1as con explicaciones.  Visita guiada por la bodega.  Degustaci\u00f3n de los vinos base del a\u00f1o actual con nuestro en\u00f3logo.  50 botellas de cava  Todas las herramientas necesarias para la creaci\u00f3n del vino.  Calendario de elaboraci\u00f3n: embotellado, crianza, removido y deg\u00fcelle. Una vez finalizada la compra, recibir\u00e1s un elegante cheque (que tambi\u00e9n podr\u00e1s regalar) en formato PDF a tu buz\u00f3n de correo electr\u00f3nico para usarlo (o regalarlo) cuando quieras.\" \/>\n<meta property=\"og:url\" content=\"https:\/\/artcava.com\/es\/botiga-virtual\/club-artcava-starter-club\/\" \/>\n<meta property=\"og:site_name\" content=\"Artcava - Masia Can Batlle\" \/>\n<meta property=\"article:publisher\" content=\"https:\/\/www.facebook.com\/elteucava\/\" \/>\n<meta property=\"article:modified_time\" content=\"2021-01-05T10:07:43+00:00\" \/>\n<meta property=\"og:image\" content=\"https:\/\/artcava.com\/wp-content\/uploads\/2020\/11\/artcava-7794-e1605696436660.jpg\" \/>\n\t<meta property=\"og:image:width\" content=\"1159\" \/>\n\t<meta property=\"og:image:height\" content=\"1109\" \/>\n\t<meta property=\"og:image:type\" content=\"image\/jpeg\" \/>\n<meta name=\"twitter:card\" content=\"summary_large_image\" \/>\n<script type=\"application\/ld+json\" class=\"yoast-schema-graph\">{\"@context\":\"https:\/\/schema.org\",\"@graph\":[{\"@type\":\"WebPage\",\"@id\":\"https:\/\/artcava.com\/es\/botiga-virtual\/club-artcava-starter-club\/\",\"url\":\"https:\/\/artcava.com\/es\/botiga-virtual\/club-artcava-starter-club\/\",\"name\":\"Club Artcava \\\"Starter Club\\\" &#183; Artcava - Masia Can Batlle\",\"isPartOf\":{\"@id\":\"https:\/\/artcava.com\/#website\"},\"primaryImageOfPage\":{\"@id\":\"https:\/\/artcava.com\/es\/botiga-virtual\/club-artcava-starter-club\/#primaryimage\"},\"image\":{\"@id\":\"https:\/\/artcava.com\/es\/botiga-virtual\/club-artcava-starter-club\/#primaryimage\"},\"thumbnailUrl\":\"https:\/\/artcava.com\/wp-content\/uploads\/2020\/11\/artcava-7794-e1605696436660.jpg\",\"datePublished\":\"2020-12-01T12:29:03+00:00\",\"dateModified\":\"2021-01-05T10:07:43+00:00\",\"breadcrumb\":{\"@id\":\"https:\/\/artcava.com\/es\/botiga-virtual\/club-artcava-starter-club\/#breadcrumb\"},\"inLanguage\":\"es\",\"potentialAction\":[{\"@type\":\"ReadAction\",\"target\":[\"https:\/\/artcava.com\/es\/botiga-virtual\/club-artcava-starter-club\/\"]}]},{\"@type\":\"ImageObject\",\"inLanguage\":\"es\",\"@id\":\"https:\/\/artcava.com\/es\/botiga-virtual\/club-artcava-starter-club\/#primaryimage\",\"url\":\"https:\/\/artcava.com\/wp-content\/uploads\/2020\/11\/artcava-7794-e1605696436660.jpg\",\"contentUrl\":\"https:\/\/artcava.com\/wp-content\/uploads\/2020\/11\/artcava-7794-e1605696436660.jpg\",\"width\":1159,\"height\":1109},{\"@type\":\"BreadcrumbList\",\"@id\":\"https:\/\/artcava.com\/es\/botiga-virtual\/club-artcava-starter-club\/#breadcrumb\",\"itemListElement\":[{\"@type\":\"ListItem\",\"position\":1,\"name\":\"Inici\",\"item\":\"https:\/\/artcava.com\/es\/inici-artcava\/\"},{\"@type\":\"ListItem\",\"position\":2,\"name\":\"Tienda virtual\",\"item\":\"https:\/\/artcava.com\/es\/botiga-virtual\/\"},{\"@type\":\"ListItem\",\"position\":3,\"name\":\"Club Artcava \u00abStarter Club\u00bb\"}]},{\"@type\":\"WebSite\",\"@id\":\"https:\/\/artcava.com\/#website\",\"url\":\"https:\/\/artcava.com\/\",\"name\":\"Artcava - Masia Can Batlle\",\"description\":\"L&#039;experi\u00e8ncia definitiva sobre el cava\",\"publisher\":{\"@id\":\"https:\/\/artcava.com\/#organization\"},\"potentialAction\":[{\"@type\":\"SearchAction\",\"target\":{\"@type\":\"EntryPoint\",\"urlTemplate\":\"https:\/\/artcava.com\/?s={search_term_string}\"},\"query-input\":{\"@type\":\"PropertyValueSpecification\",\"valueRequired\":true,\"valueName\":\"search_term_string\"}}],\"inLanguage\":\"es\"},{\"@type\":\"Organization\",\"@id\":\"https:\/\/artcava.com\/#organization\",\"name\":\"Artcava - Celler Can Batlle SL\",\"url\":\"https:\/\/artcava.com\/\",\"logo\":{\"@type\":\"ImageObject\",\"inLanguage\":\"es\",\"@id\":\"https:\/\/artcava.com\/#\/schema\/logo\/image\/\",\"url\":\"https:\/\/artcava.com\/wp-content\/uploads\/2020\/07\/logo-cartcava-winery.png\",\"contentUrl\":\"https:\/\/artcava.com\/wp-content\/uploads\/2020\/07\/logo-cartcava-winery.png\",\"width\":811,\"height\":776,\"caption\":\"Artcava - Celler Can Batlle SL\"},\"image\":{\"@id\":\"https:\/\/artcava.com\/#\/schema\/logo\/image\/\"},\"sameAs\":[\"https:\/\/www.facebook.com\/elteucava\/\",\"https:\/\/www.instagram.com\/artcava_experience\/\",\"https:\/\/www.instagram.com\/lamanelabyartcava\/\"]}]}<\/script>\n<!-- \/ Yoast SEO plugin. -->","yoast_head_json":{"title":"Club Artcava \"Starter Club\" &#183; Artcava - Masia Can Batlle","robots":{"index":"index","follow":"follow","max-snippet":"max-snippet:-1","max-image-preview":"max-image-preview:large","max-video-preview":"max-video-preview:-1"},"canonical":"https:\/\/artcava.com\/es\/botiga-virtual\/club-artcava-starter-club\/","og_locale":"es_ES","og_type":"article","og_title":"Club Artcava \"Starter Club\" &#183; Artcava - Masia Can Batlle","og_description":"Hacer tu propio cava es m\u00e1s f\u00e1cil de lo que crees. Con nosotros podr\u00e1s vivir la experiencia de entrar en el laboratorio con probetas, botellas de vino de diferentes variedades y fichas organol\u00e9pticas y aprender\u00e1s de primera mano todo el proceso de elaboraci\u00f3n del vino: desde el embotellado hasta el deg\u00fcelle. Ser\u00e1 como si tuvieras tu propia bodega en el Pened\u00e8s Empezaremos con un primer contacto donde os explicaremos todo lo que necesit\u00e1is saber para adentrarvos en la experiencia. De entrada, 3 sesiones privadas con nuestro en\u00f3logo. Pod\u00e9is decidir vuestro grado de implicaci\u00f3n en el proceso. Ser\u00e9is libres de asistir a nuestras instalaciones tantas veces como quer\u00e1is y hacer un seguimiento de vuestro producto. \u00bfQu\u00e9 incluye?  Recorrido por nuestras vi\u00f1as con explicaciones.  Visita guiada por la bodega.  Degustaci\u00f3n de los vinos base del a\u00f1o actual con nuestro en\u00f3logo.  50 botellas de cava  Todas las herramientas necesarias para la creaci\u00f3n del vino.  Calendario de elaboraci\u00f3n: embotellado, crianza, removido y deg\u00fcelle. Una vez finalizada la compra, recibir\u00e1s un elegante cheque (que tambi\u00e9n podr\u00e1s regalar) en formato PDF a tu buz\u00f3n de correo electr\u00f3nico para usarlo (o regalarlo) cuando quieras.","og_url":"https:\/\/artcava.com\/es\/botiga-virtual\/club-artcava-starter-club\/","og_site_name":"Artcava - Masia Can Batlle","article_publisher":"https:\/\/www.facebook.com\/elteucava\/","article_modified_time":"2021-01-05T10:07:43+00:00","og_image":[{"width":1159,"height":1109,"url":"https:\/\/artcava.com\/wp-content\/uploads\/2020\/11\/artcava-7794-e1605696436660.jpg","type":"image\/jpeg"}],"twitter_card":"summary_large_image","schema":{"@context":"https:\/\/schema.org","@graph":[{"@type":"WebPage","@id":"https:\/\/artcava.com\/es\/botiga-virtual\/club-artcava-starter-club\/","url":"https:\/\/artcava.com\/es\/botiga-virtual\/club-artcava-starter-club\/","name":"Club Artcava \"Starter Club\" &#183; Artcava - Masia Can Batlle","isPartOf":{"@id":"https:\/\/artcava.com\/#website"},"primaryImageOfPage":{"@id":"https:\/\/artcava.com\/es\/botiga-virtual\/club-artcava-starter-club\/#primaryimage"},"image":{"@id":"https:\/\/artcava.com\/es\/botiga-virtual\/club-artcava-starter-club\/#primaryimage"},"thumbnailUrl":"https:\/\/artcava.com\/wp-content\/uploads\/2020\/11\/artcava-7794-e1605696436660.jpg","datePublished":"2020-12-01T12:29:03+00:00","dateModified":"2021-01-05T10:07:43+00:00","breadcrumb":{"@id":"https:\/\/artcava.com\/es\/botiga-virtual\/club-artcava-starter-club\/#breadcrumb"},"inLanguage":"es","potentialAction":[{"@type":"ReadAction","target":["https:\/\/artcava.com\/es\/botiga-virtual\/club-artcava-starter-club\/"]}]},{"@type":"ImageObject","inLanguage":"es","@id":"https:\/\/artcava.com\/es\/botiga-virtual\/club-artcava-starter-club\/#primaryimage","url":"https:\/\/artcava.com\/wp-content\/uploads\/2020\/11\/artcava-7794-e1605696436660.jpg","contentUrl":"https:\/\/artcava.com\/wp-content\/uploads\/2020\/11\/artcava-7794-e1605696436660.jpg","width":1159,"height":1109},{"@type":"BreadcrumbList","@id":"https:\/\/artcava.com\/es\/botiga-virtual\/club-artcava-starter-club\/#breadcrumb","itemListElement":[{"@type":"ListItem","position":1,"name":"Inici","item":"https:\/\/artcava.com\/es\/inici-artcava\/"},{"@type":"ListItem","position":2,"name":"Tienda virtual","item":"https:\/\/artcava.com\/es\/botiga-virtual\/"},{"@type":"ListItem","position":3,"name":"Club Artcava \u00abStarter Club\u00bb"}]},{"@type":"WebSite","@id":"https:\/\/artcava.com\/#website","url":"https:\/\/artcava.com\/","name":"Artcava - Masia Can Batlle","description":"L&#039;experi\u00e8ncia definitiva sobre el cava","publisher":{"@id":"https:\/\/artcava.com\/#organization"},"potentialAction":[{"@type":"SearchAction","target":{"@type":"EntryPoint","urlTemplate":"https:\/\/artcava.com\/?s={search_term_string}"},"query-input":{"@type":"PropertyValueSpecification","valueRequired":true,"valueName":"search_term_string"}}],"inLanguage":"es"},{"@type":"Organization","@id":"https:\/\/artcava.com\/#organization","name":"Artcava - Celler Can Batlle SL","url":"https:\/\/artcava.com\/","logo":{"@type":"ImageObject","inLanguage":"es","@id":"https:\/\/artcava.com\/#\/schema\/logo\/image\/","url":"https:\/\/artcava.com\/wp-content\/uploads\/2020\/07\/logo-cartcava-winery.png","contentUrl":"https:\/\/artcava.com\/wp-content\/uploads\/2020\/07\/logo-cartcava-winery.png","width":811,"height":776,"caption":"Artcava - Celler Can Batlle SL"},"image":{"@id":"https:\/\/artcava.com\/#\/schema\/logo\/image\/"},"sameAs":["https:\/\/www.facebook.com\/elteucava\/","https:\/\/www.instagram.com\/artcava_experience\/","https:\/\/www.instagram.com\/lamanelabyartcava\/"]}]}},"jetpack_sharing_enabled":true,"_links":{"self":[{"href":"https:\/\/artcava.com\/es\/wp-json\/wp\/v2\/product\/7181","targetHints":{"allow":["GET"]}}],"collection":[{"href":"https:\/\/artcava.com\/es\/wp-json\/wp\/v2\/product"}],"about":[{"href":"https:\/\/artcava.com\/es\/wp-json\/wp\/v2\/types\/product"}],"version-history":[{"count":0,"href":"https:\/\/artcava.com\/es\/wp-json\/wp\/v2\/product\/7181\/revisions"}],"wp:featuredmedia":[{"embeddable":true,"href":"https:\/\/artcava.com\/es\/wp-json\/wp\/v2\/media\/7182"}],"wp:attachment":[{"href":"https:\/\/artcava.com\/es\/wp-json\/wp\/v2\/media?parent=7181"}],"wp:term":[{"taxonomy":"product_brand","embeddable":true,"href":"https:\/\/artcava.com\/es\/wp-json\/wp\/v2\/product_brand?post=7181"},{"taxonomy":"product_cat","embeddable":true,"href":"https:\/\/artcava.com\/es\/wp-json\/wp\/v2\/product_cat?post=7181"},{"taxonomy":"product_tag","embeddable":true,"href":"https:\/\/artcava.com\/es\/wp-json\/wp\/v2\/product_tag?post=7181"}],"curies":[{"name":"wp","href":"https:\/\/api.w.org\/{rel}","templated":true}]}}