{"id":7662,"date":"2020-12-04T11:49:22","date_gmt":"2020-12-04T10:49:22","guid":{"rendered":"https:\/\/artcava.com\/visita-por-origgens\/"},"modified":"2020-12-09T18:30:11","modified_gmt":"2020-12-09T17:30:11","slug":"visita-por-origgens","status":"publish","type":"page","link":"https:\/\/artcava.com\/es\/visita-por-origgens\/","title":{"rendered":"Visita por \u00abORIGGENS\u00bb"},"content":{"rendered":"\t\t<div data-elementor-type=\"wp-page\" data-elementor-id=\"7662\" class=\"elementor elementor-7662 elementor-5582\" data-elementor-post-type=\"page\">\n\t\t\t\t\t\t<section data-particle_enable=\"false\" data-particle-mobile-disabled=\"false\" class=\"elementor-section elementor-top-section elementor-element elementor-element-62f2bc6 elementor-section-boxed elementor-section-height-default elementor-section-height-default\" data-id=\"62f2bc6\" data-element_type=\"section\" data-e-type=\"section\">\n\t\t\t\t\t\t<div class=\"elementor-container elementor-column-gap-default\">\n\t\t\t\t\t<div class=\"elementor-column elementor-col-100 elementor-top-column elementor-element elementor-element-73e3caf\" data-id=\"73e3caf\" data-element_type=\"column\" data-e-type=\"column\">\n\t\t\t<div class=\"elementor-widget-wrap elementor-element-populated\">\n\t\t\t\t\t\t<div class=\"elementor-element elementor-element-7a7a2cd elementor-widget elementor-widget-heading\" data-id=\"7a7a2cd\" data-element_type=\"widget\" data-e-type=\"widget\" data-widget_type=\"heading.default\">\n\t\t\t\t\t<h1 class=\"elementor-heading-title elementor-size-default\">Visita por \"ORIGGENS\"<\/h1>\t\t\t\t<\/div>\n\t\t\t\t<div class=\"elementor-element elementor-element-9e24691 elementor-widget elementor-widget-text-editor\" data-id=\"9e24691\" data-element_type=\"widget\" data-e-type=\"widget\" data-widget_type=\"text-editor.default\">\n\t\t\t\t\t\t\t\t\t<h5 style=\"letter-spacing: normal;\">\u00bfQuieres conocer cu\u00e1les son los or\u00edgenes de los vi\u00f1edos en el Pened\u00e8s y la primera vi\u00f1a de Catalu\u00f1a?<\/h5>\n<p>Nuestros genes son la informaci\u00f3n que hemos heredado desde el origen del Pened\u00e8s vit\u00edcola. Esta zona no ser\u00eda lo que es a d\u00eda de hoy sin nuestros ancestros.<\/p>\n<p>La visita ORIGGENS te permitir\u00e1 hacer una ruta hist\u00f3rica por esta tierra de vinos, comenzando al paleozoico con la formaci\u00f3n de la depresi\u00f3n o valle que es el Pened\u00e8s hasta la actualidad.<\/p>\n\t\t\t\t\t\t\t\t<\/div>\n\t\t\t\t<div class=\"elementor-element elementor-element-aaef98d elementor-widget elementor-widget-spacer\" data-id=\"aaef98d\" data-element_type=\"widget\" data-e-type=\"widget\" data-widget_type=\"spacer.default\">\n\t\t\t\t\t\t\t<div class=\"elementor-spacer\">\n\t\t\t<div class=\"elementor-spacer-inner\"><\/div>\n\t\t<\/div>\n\t\t\t\t\t\t<\/div>\n\t\t\t\t<div class=\"elementor-element elementor-element-e261c2d elementor-widget elementor-widget-image\" data-id=\"e261c2d\" data-element_type=\"widget\" data-e-type=\"widget\" data-widget_type=\"image.default\">\n\t\t\t\t\t\t\t\t\t\t\t\t\t\t\t<img fetchpriority=\"high\" decoding=\"async\" width=\"800\" height=\"335\" src=\"https:\/\/artcava.com\/wp-content\/uploads\/2020\/08\/Alt-penedes-01-1024x429.jpg\" class=\"attachment-large size-large wp-image-5019\" alt=\"\" srcset=\"https:\/\/artcava.com\/wp-content\/uploads\/2020\/08\/Alt-penedes-01-1024x429.jpg 1024w, https:\/\/artcava.com\/wp-content\/uploads\/2020\/08\/Alt-penedes-01-500x210.jpg 500w, https:\/\/artcava.com\/wp-content\/uploads\/2020\/08\/Alt-penedes-01-450x189.jpg 450w, https:\/\/artcava.com\/wp-content\/uploads\/2020\/08\/Alt-penedes-01-510x214.jpg 510w, https:\/\/artcava.com\/wp-content\/uploads\/2020\/08\/Alt-penedes-01.jpg 1450w\" sizes=\"(max-width: 800px) 100vw, 800px\" \/>\t\t\t\t\t\t\t\t\t\t\t\t\t\t\t<\/div>\n\t\t\t\t<div class=\"elementor-element elementor-element-53e162a elementor-widget elementor-widget-spacer\" data-id=\"53e162a\" data-element_type=\"widget\" data-e-type=\"widget\" data-widget_type=\"spacer.default\">\n\t\t\t\t\t\t\t<div class=\"elementor-spacer\">\n\t\t\t<div class=\"elementor-spacer-inner\"><\/div>\n\t\t<\/div>\n\t\t\t\t\t\t<\/div>\n\t\t\t\t<div class=\"elementor-element elementor-element-79af562 elementor-widget elementor-widget-text-editor\" data-id=\"79af562\" data-element_type=\"widget\" data-e-type=\"widget\" data-widget_type=\"text-editor.default\">\n\t\t\t\t\t\t\t\t\t<h5>\u00bfSab\u00edas que hace millones de a\u00f1os este valle era un mar tropical? \u00bfC\u00f3mo afecta este hecho a los vinos que se hacen ahora?<\/h5>\n<p>Comenzaremos la ruta guiada al mirador de 360\u00ba del Puig de La Mireta, donde os explicaremos el origen del Pened\u00e8s, entre la cordillera Litoral y la cordillera Pre-Litoral, y conocer\u00e9is por qu\u00e9 se ha convertido en una zona vit\u00edcola tan importante.<\/p>\n<p>La visita continuar\u00e1 en el Centro de Interpretaci\u00f3n del Yacimiento Ib\u00e9rico de la Font de la Canya, donde se relata la importancia de los \u00edberos en el desarrollo de la viticultura en el Pened\u00e8s. De hecho, aqu\u00ed se puede encontrar la primera vi\u00f1a de Catalu\u00f1a.<\/p>\n<p>Seguidamente, la visita seguir\u00e1 en ArtCava, donde con nuestro en\u00f3logo ver\u00e1s c\u00f3mo se creaba el vino en la \u00e9poca medieval en nuestra mas\u00eda del S. XII hasta la actualidad.<\/p>\n\t\t\t\t\t\t\t\t<\/div>\n\t\t\t\t<div class=\"elementor-element elementor-element-eb6336d elementor-widget elementor-widget-spacer\" data-id=\"eb6336d\" data-element_type=\"widget\" data-e-type=\"widget\" data-widget_type=\"spacer.default\">\n\t\t\t\t\t\t\t<div class=\"elementor-spacer\">\n\t\t\t<div class=\"elementor-spacer-inner\"><\/div>\n\t\t<\/div>\n\t\t\t\t\t\t<\/div>\n\t\t\t\t\t<\/div>\n\t\t<\/div>\n\t\t\t\t\t<\/div>\n\t\t<\/section>\n\t\t\t\t<section data-particle_enable=\"false\" data-particle-mobile-disabled=\"false\" class=\"elementor-section elementor-top-section elementor-element elementor-element-3d5c23e elementor-section-boxed elementor-section-height-default elementor-section-height-default\" data-id=\"3d5c23e\" data-element_type=\"section\" data-e-type=\"section\">\n\t\t\t\t\t\t<div class=\"elementor-container elementor-column-gap-default\">\n\t\t\t\t\t<div class=\"elementor-column elementor-col-50 elementor-top-column elementor-element elementor-element-1b2c4d4\" data-id=\"1b2c4d4\" data-element_type=\"column\" data-e-type=\"column\">\n\t\t\t<div class=\"elementor-widget-wrap elementor-element-populated\">\n\t\t\t\t\t\t<div class=\"elementor-element elementor-element-08e5756 elementor-widget elementor-widget-image\" data-id=\"08e5756\" data-element_type=\"widget\" data-e-type=\"widget\" data-widget_type=\"image.default\">\n\t\t\t\t\t\t\t\t\t\t\t\t\t\t\t<img decoding=\"async\" width=\"450\" height=\"299\" data-src=\"https:\/\/artcava.com\/wp-content\/uploads\/2020\/07\/artcava--450x299.jpg\" class=\"attachment-medium size-medium wp-image-4441 lazyload\" alt=\"\" data-srcset=\"https:\/\/artcava.com\/wp-content\/uploads\/2020\/07\/artcava--450x299.jpg 450w, https:\/\/artcava.com\/wp-content\/uploads\/2020\/07\/artcava--scaled-500x333.jpg 500w, https:\/\/artcava.com\/wp-content\/uploads\/2020\/07\/artcava--1024x681.jpg 1024w, https:\/\/artcava.com\/wp-content\/uploads\/2020\/07\/artcava--510x339.jpg 510w\" data-sizes=\"(max-width: 450px) 100vw, 450px\" src=\"data:image\/svg+xml;base64,PHN2ZyB3aWR0aD0iMSIgaGVpZ2h0PSIxIiB4bWxucz0iaHR0cDovL3d3dy53My5vcmcvMjAwMC9zdmciPjwvc3ZnPg==\" style=\"--smush-placeholder-width: 450px; --smush-placeholder-aspect-ratio: 450\/299;\" \/>\t\t\t\t\t\t\t\t\t\t\t\t\t\t\t<\/div>\n\t\t\t\t\t<\/div>\n\t\t<\/div>\n\t\t\t\t<div class=\"elementor-column elementor-col-50 elementor-top-column elementor-element elementor-element-a3d7130\" data-id=\"a3d7130\" data-element_type=\"column\" data-e-type=\"column\">\n\t\t\t<div class=\"elementor-widget-wrap elementor-element-populated\">\n\t\t\t\t\t\t<div class=\"elementor-element elementor-element-4e189de elementor-widget elementor-widget-text-editor\" data-id=\"4e189de\" data-element_type=\"widget\" data-e-type=\"widget\" data-widget_type=\"text-editor.default\">\n\t\t\t\t\t\t\t\t\t<h5>Incluye:<\/h5>\n<p>Visita al mirador del Puig de la Mireta + Visita al Centro de Interpretaci\u00f3n del Yacimiento ib\u00e9rico de la Fuente de la Ca\u00f1a + Visita a la bodega ArtCava + Degustaci\u00f3n de nuestros cavas.<br \/><strong>Precio<\/strong>: 24 \u20ac \/ adulto y 6 \u20ac \/ ni\u00f1o<br \/><strong>Duraci\u00f3n:<\/strong> 3 horas.<br \/><strong>Disponibilidad<\/strong>: Todo el a\u00f1o.<br \/><strong>Horario:<\/strong> A concretar.<\/p>\n\t\t\t\t\t\t\t\t<\/div>\n\t\t\t\t\t<\/div>\n\t\t<\/div>\n\t\t\t\t\t<\/div>\n\t\t<\/section>\n\t\t\t\t<section data-particle_enable=\"false\" data-particle-mobile-disabled=\"false\" class=\"elementor-section elementor-top-section elementor-element elementor-element-ff2198d elementor-section-boxed elementor-section-height-default elementor-section-height-default\" data-id=\"ff2198d\" data-element_type=\"section\" data-e-type=\"section\">\n\t\t\t\t\t\t<div class=\"elementor-container elementor-column-gap-default\">\n\t\t\t\t\t<div class=\"elementor-column elementor-col-100 elementor-top-column elementor-element elementor-element-a4cbd91\" data-id=\"a4cbd91\" data-element_type=\"column\" data-e-type=\"column\">\n\t\t\t<div class=\"elementor-widget-wrap elementor-element-populated\">\n\t\t\t\t\t\t<div class=\"elementor-element elementor-element-1558829 elementor-widget elementor-widget-spacer\" data-id=\"1558829\" data-element_type=\"widget\" data-e-type=\"widget\" data-widget_type=\"spacer.default\">\n\t\t\t\t\t\t\t<div class=\"elementor-spacer\">\n\t\t\t<div class=\"elementor-spacer-inner\"><\/div>\n\t\t<\/div>\n\t\t\t\t\t\t<\/div>\n\t\t\t\t\t<\/div>\n\t\t<\/div>\n\t\t\t\t\t<\/div>\n\t\t<\/section>\n\t\t\t\t<section data-particle_enable=\"false\" data-particle-mobile-disabled=\"false\" class=\"elementor-section elementor-top-section elementor-element elementor-element-f9d06cb elementor-section-boxed elementor-section-height-default elementor-section-height-default\" data-id=\"f9d06cb\" data-element_type=\"section\" data-e-type=\"section\">\n\t\t\t\t\t\t<div class=\"elementor-container elementor-column-gap-default\">\n\t\t\t\t\t<div class=\"elementor-column elementor-col-50 elementor-top-column elementor-element elementor-element-105e228\" data-id=\"105e228\" data-element_type=\"column\" data-e-type=\"column\">\n\t\t\t<div class=\"elementor-widget-wrap elementor-element-populated\">\n\t\t\t\t\t\t<div class=\"elementor-element elementor-element-9506104 elementor-widget elementor-widget-image\" data-id=\"9506104\" data-element_type=\"widget\" data-e-type=\"widget\" data-widget_type=\"image.default\">\n\t\t\t\t\t\t\t\t\t\t\t\t\t\t\t<img decoding=\"async\" width=\"338\" height=\"450\" data-src=\"https:\/\/artcava.com\/wp-content\/uploads\/2020\/08\/IMG-20200811-WA0032-338x450.jpg\" class=\"attachment-medium size-medium wp-image-4999 lazyload\" alt=\"\" data-srcset=\"https:\/\/artcava.com\/wp-content\/uploads\/2020\/08\/IMG-20200811-WA0032-338x450.jpg 338w, https:\/\/artcava.com\/wp-content\/uploads\/2020\/08\/IMG-20200811-WA0032-500x667.jpg 500w, https:\/\/artcava.com\/wp-content\/uploads\/2020\/08\/IMG-20200811-WA0032-768x1024.jpg 768w, https:\/\/artcava.com\/wp-content\/uploads\/2020\/08\/IMG-20200811-WA0032-510x680.jpg 510w, https:\/\/artcava.com\/wp-content\/uploads\/2020\/08\/IMG-20200811-WA0032.jpg 1200w\" data-sizes=\"(max-width: 338px) 100vw, 338px\" src=\"data:image\/svg+xml;base64,PHN2ZyB3aWR0aD0iMSIgaGVpZ2h0PSIxIiB4bWxucz0iaHR0cDovL3d3dy53My5vcmcvMjAwMC9zdmciPjwvc3ZnPg==\" style=\"--smush-placeholder-width: 338px; --smush-placeholder-aspect-ratio: 338\/450;\" \/>\t\t\t\t\t\t\t\t\t\t\t\t\t\t\t<\/div>\n\t\t\t\t\t<\/div>\n\t\t<\/div>\n\t\t\t\t<div class=\"elementor-column elementor-col-50 elementor-top-column elementor-element elementor-element-a6ac3dd\" data-id=\"a6ac3dd\" data-element_type=\"column\" data-e-type=\"column\">\n\t\t\t<div class=\"elementor-widget-wrap elementor-element-populated\">\n\t\t\t\t\t\t<div class=\"elementor-element elementor-element-fe8f3e4 elementor-widget elementor-widget-spacer\" data-id=\"fe8f3e4\" data-element_type=\"widget\" data-e-type=\"widget\" data-widget_type=\"spacer.default\">\n\t\t\t\t\t\t\t<div class=\"elementor-spacer\">\n\t\t\t<div class=\"elementor-spacer-inner\"><\/div>\n\t\t<\/div>\n\t\t\t\t\t\t<\/div>\n\t\t\t\t<div class=\"elementor-element elementor-element-551c273 elementor-widget elementor-widget-text-editor\" data-id=\"551c273\" data-element_type=\"widget\" data-e-type=\"widget\" data-widget_type=\"text-editor.default\">\n\t\t\t\t\t\t\t\t\t<h5><img decoding=\"async\" class=\"emoji lazyload\" role=\"img\" draggable=\"false\" data-src=\"https:\/\/s.w.org\/images\/core\/emoji\/13.0.0\/svg\/1f4a5.svg\" alt=\"\ud83d\udca5\" src=\"data:image\/svg+xml;base64,PHN2ZyB3aWR0aD0iMSIgaGVpZ2h0PSIxIiB4bWxucz0iaHR0cDovL3d3dy53My5vcmcvMjAwMC9zdmciPjwvc3ZnPg==\">OPCIONAL<img decoding=\"async\" class=\"emoji lazyload\" role=\"img\" draggable=\"false\" data-src=\"https:\/\/s.w.org\/images\/core\/emoji\/13.0.0\/svg\/1f4a5.svg\" alt=\"\ud83d\udca5\" src=\"data:image\/svg+xml;base64,PHN2ZyB3aWR0aD0iMSIgaGVpZ2h0PSIxIiB4bWxucz0iaHR0cDovL3d3dy53My5vcmcvMjAwMC9zdmciPjwvc3ZnPg==\">: Cistella de p\u00edcnic<\/h5>\n<div>\n<p>Complementa el tour gaudint d\u2019un p\u00edcnic casol\u00e0 als entorns del nostre celler, ja sigui al pati sota les moreres o entre les vinyes.<\/p>\n<p>-La cistella inclou 6 platets i una ampolla del nostre cava.<\/p>\n<p>Preu: 40\u20ac per a 2 persones.<\/p>\n<p><em>*Cal reservar amb 24 hores d\u2019antelaci\u00f3.<\/em><\/p>\n<p><em>*Consulta per al\u00b7l\u00e8rgies i intoler\u00e0ncies<\/em><\/p>\n<\/div>\n\t\t\t\t\t\t\t\t<\/div>\n\t\t\t\t\t<\/div>\n\t\t<\/div>\n\t\t\t\t\t<\/div>\n\t\t<\/section>\n\t\t\t\t<section data-particle_enable=\"false\" data-particle-mobile-disabled=\"false\" class=\"elementor-section elementor-top-section elementor-element elementor-element-fb33c12 elementor-section-boxed elementor-section-height-default elementor-section-height-default\" data-id=\"fb33c12\" data-element_type=\"section\" data-e-type=\"section\">\n\t\t\t\t\t\t<div class=\"elementor-container elementor-column-gap-default\">\n\t\t\t\t\t<div class=\"elementor-column elementor-col-100 elementor-top-column elementor-element elementor-element-e43ae03\" data-id=\"e43ae03\" data-element_type=\"column\" data-e-type=\"column\">\n\t\t\t<div class=\"elementor-widget-wrap elementor-element-populated\">\n\t\t\t\t\t\t<div class=\"elementor-element elementor-element-b2b7693 elementor-widget elementor-widget-spacer\" data-id=\"b2b7693\" data-element_type=\"widget\" data-e-type=\"widget\" data-widget_type=\"spacer.default\">\n\t\t\t\t\t\t\t<div class=\"elementor-spacer\">\n\t\t\t<div class=\"elementor-spacer-inner\"><\/div>\n\t\t<\/div>\n\t\t\t\t\t\t<\/div>\n\t\t\t\t<div class=\"elementor-element elementor-element-9a7a2af elementor-align-center elementor-widget elementor-widget-button\" data-id=\"9a7a2af\" data-element_type=\"widget\" data-e-type=\"widget\" data-widget_type=\"button.default\">\n\t\t\t\t\t\t\t\t\t\t<a class=\"elementor-button elementor-button-link elementor-size-sm\" href=\"https:\/\/artcava.com\/es\/contacto\/\">\n\t\t\t\t\t\t<span class=\"elementor-button-content-wrapper\">\n\t\t\t\t\t\t\t\t\t<span class=\"elementor-button-text\">Reserva ahora tu visita<\/span>\n\t\t\t\t\t<\/span>\n\t\t\t\t\t<\/a>\n\t\t\t\t\t\t\t\t<\/div>\n\t\t\t\t\t<\/div>\n\t\t<\/div>\n\t\t\t\t\t<\/div>\n\t\t<\/section>\n\t\t\t\t<\/div>\n\t\t","protected":false},"excerpt":{"rendered":"<p>Visita por \u00abORIGGENS\u00bb \u00bfQuieres conocer cu\u00e1les son los or\u00edgenes de los vi\u00f1edos en el Pened\u00e8s y la primera vi\u00f1a de Catalu\u00f1a? Nuestros genes son la informaci\u00f3n que hemos heredado desde el origen del Pened\u00e8s vit\u00edcola. Esta zona no ser\u00eda lo que es a d\u00eda de hoy sin nuestros ancestros. La visita ORIGGENS te permitir\u00e1 hacer [&hellip;]<\/p>\n","protected":false},"author":76,"featured_media":0,"parent":0,"menu_order":0,"comment_status":"closed","ping_status":"closed","template":"","meta":{"footnotes":""},"class_list":["post-7662","page","type-page","status-publish","hentry"],"yoast_head":"<!-- This site is optimized with the Yoast SEO plugin v27.2 - https:\/\/yoast.com\/product\/yoast-seo-wordpress\/ -->\n<title>Visita por &quot;ORIGGENS&quot; &#183; Artcava - Masia Can Batlle<\/title>\n<meta name=\"description\" content=\"La visita ORIGGENS te permitir\u00e1 hacer una ruta hist\u00f3rica por esta tierra de vinos, comenzando al paleozoico con la formaci\u00f3n de la depresi\u00f3n o valle que es el Pened\u00e8s hasta la actualidad.\" \/>\n<meta name=\"robots\" content=\"index, follow, max-snippet:-1, max-image-preview:large, max-video-preview:-1\" \/>\n<link rel=\"canonical\" href=\"https:\/\/artcava.com\/es\/visita-por-origgens\/\" \/>\n<meta property=\"og:locale\" content=\"es_ES\" \/>\n<meta property=\"og:type\" content=\"article\" \/>\n<meta property=\"og:title\" content=\"Visita por &quot;ORIGGENS&quot; &#183; Artcava - Masia Can Batlle\" \/>\n<meta property=\"og:description\" content=\"La visita ORIGGENS te permitir\u00e1 hacer una ruta hist\u00f3rica por esta tierra de vinos, comenzando al paleozoico con la formaci\u00f3n de la depresi\u00f3n o valle que es el Pened\u00e8s hasta la actualidad.\" \/>\n<meta property=\"og:url\" content=\"https:\/\/artcava.com\/es\/visita-por-origgens\/\" \/>\n<meta property=\"og:site_name\" content=\"Artcava - Masia Can Batlle\" \/>\n<meta property=\"article:publisher\" content=\"https:\/\/www.facebook.com\/elteucava\/\" \/>\n<meta property=\"article:modified_time\" content=\"2020-12-09T17:30:11+00:00\" \/>\n<meta property=\"og:image\" content=\"https:\/\/artcava.com\/wp-content\/uploads\/2020\/08\/Alt-penedes-01.jpg\" \/>\n<meta name=\"twitter:card\" content=\"summary_large_image\" \/>\n<meta name=\"twitter:label1\" content=\"Tiempo de lectura\" \/>\n\t<meta name=\"twitter:data1\" content=\"2 minutos\" \/>\n<script type=\"application\/ld+json\" class=\"yoast-schema-graph\">{\"@context\":\"https:\/\/schema.org\",\"@graph\":[{\"@type\":\"WebPage\",\"@id\":\"https:\/\/artcava.com\/es\/visita-por-origgens\/\",\"url\":\"https:\/\/artcava.com\/es\/visita-por-origgens\/\",\"name\":\"Visita por \\\"ORIGGENS\\\" &#183; Artcava - Masia Can Batlle\",\"isPartOf\":{\"@id\":\"https:\/\/artcava.com\/#website\"},\"primaryImageOfPage\":{\"@id\":\"https:\/\/artcava.com\/es\/visita-por-origgens\/#primaryimage\"},\"image\":{\"@id\":\"https:\/\/artcava.com\/es\/visita-por-origgens\/#primaryimage\"},\"thumbnailUrl\":\"https:\/\/artcava.com\/wp-content\/uploads\/2020\/08\/Alt-penedes-01.jpg\",\"datePublished\":\"2020-12-04T10:49:22+00:00\",\"dateModified\":\"2020-12-09T17:30:11+00:00\",\"description\":\"La visita ORIGGENS te permitir\u00e1 hacer una ruta hist\u00f3rica por esta tierra de vinos, comenzando al paleozoico con la formaci\u00f3n de la depresi\u00f3n o valle que es el Pened\u00e8s hasta la actualidad.\",\"breadcrumb\":{\"@id\":\"https:\/\/artcava.com\/es\/visita-por-origgens\/#breadcrumb\"},\"inLanguage\":\"es\",\"potentialAction\":[{\"@type\":\"ReadAction\",\"target\":[\"https:\/\/artcava.com\/es\/visita-por-origgens\/\"]}]},{\"@type\":\"ImageObject\",\"inLanguage\":\"es\",\"@id\":\"https:\/\/artcava.com\/es\/visita-por-origgens\/#primaryimage\",\"url\":\"https:\/\/artcava.com\/wp-content\/uploads\/2020\/08\/Alt-penedes-01.jpg\",\"contentUrl\":\"https:\/\/artcava.com\/wp-content\/uploads\/2020\/08\/Alt-penedes-01.jpg\"},{\"@type\":\"BreadcrumbList\",\"@id\":\"https:\/\/artcava.com\/es\/visita-por-origgens\/#breadcrumb\",\"itemListElement\":[{\"@type\":\"ListItem\",\"position\":1,\"name\":\"Inici\",\"item\":\"https:\/\/artcava.com\/es\/inici-artcava\/\"},{\"@type\":\"ListItem\",\"position\":2,\"name\":\"Visita por \u00abORIGGENS\u00bb\"}]},{\"@type\":\"WebSite\",\"@id\":\"https:\/\/artcava.com\/#website\",\"url\":\"https:\/\/artcava.com\/\",\"name\":\"Artcava - Masia Can Batlle\",\"description\":\"L&#039;experi\u00e8ncia definitiva sobre el cava\",\"publisher\":{\"@id\":\"https:\/\/artcava.com\/#organization\"},\"potentialAction\":[{\"@type\":\"SearchAction\",\"target\":{\"@type\":\"EntryPoint\",\"urlTemplate\":\"https:\/\/artcava.com\/?s={search_term_string}\"},\"query-input\":{\"@type\":\"PropertyValueSpecification\",\"valueRequired\":true,\"valueName\":\"search_term_string\"}}],\"inLanguage\":\"es\"},{\"@type\":\"Organization\",\"@id\":\"https:\/\/artcava.com\/#organization\",\"name\":\"Artcava - Celler Can Batlle SL\",\"url\":\"https:\/\/artcava.com\/\",\"logo\":{\"@type\":\"ImageObject\",\"inLanguage\":\"es\",\"@id\":\"https:\/\/artcava.com\/#\/schema\/logo\/image\/\",\"url\":\"https:\/\/artcava.com\/wp-content\/uploads\/2020\/07\/logo-cartcava-winery.png\",\"contentUrl\":\"https:\/\/artcava.com\/wp-content\/uploads\/2020\/07\/logo-cartcava-winery.png\",\"width\":811,\"height\":776,\"caption\":\"Artcava - Celler Can Batlle SL\"},\"image\":{\"@id\":\"https:\/\/artcava.com\/#\/schema\/logo\/image\/\"},\"sameAs\":[\"https:\/\/www.facebook.com\/elteucava\/\",\"https:\/\/www.instagram.com\/artcava_experience\/\",\"https:\/\/www.instagram.com\/lamanelabyartcava\/\"]}]}<\/script>\n<!-- \/ Yoast SEO plugin. -->","yoast_head_json":{"title":"Visita por \"ORIGGENS\" &#183; Artcava - Masia Can Batlle","description":"La visita ORIGGENS te permitir\u00e1 hacer una ruta hist\u00f3rica por esta tierra de vinos, comenzando al paleozoico con la formaci\u00f3n de la depresi\u00f3n o valle que es el Pened\u00e8s hasta la actualidad.","robots":{"index":"index","follow":"follow","max-snippet":"max-snippet:-1","max-image-preview":"max-image-preview:large","max-video-preview":"max-video-preview:-1"},"canonical":"https:\/\/artcava.com\/es\/visita-por-origgens\/","og_locale":"es_ES","og_type":"article","og_title":"Visita por \"ORIGGENS\" &#183; Artcava - Masia Can Batlle","og_description":"La visita ORIGGENS te permitir\u00e1 hacer una ruta hist\u00f3rica por esta tierra de vinos, comenzando al paleozoico con la formaci\u00f3n de la depresi\u00f3n o valle que es el Pened\u00e8s hasta la actualidad.","og_url":"https:\/\/artcava.com\/es\/visita-por-origgens\/","og_site_name":"Artcava - Masia Can Batlle","article_publisher":"https:\/\/www.facebook.com\/elteucava\/","article_modified_time":"2020-12-09T17:30:11+00:00","og_image":[{"url":"https:\/\/artcava.com\/wp-content\/uploads\/2020\/08\/Alt-penedes-01.jpg","type":"","width":"","height":""}],"twitter_card":"summary_large_image","twitter_misc":{"Tiempo de lectura":"2 minutos"},"schema":{"@context":"https:\/\/schema.org","@graph":[{"@type":"WebPage","@id":"https:\/\/artcava.com\/es\/visita-por-origgens\/","url":"https:\/\/artcava.com\/es\/visita-por-origgens\/","name":"Visita por \"ORIGGENS\" &#183; Artcava - Masia Can Batlle","isPartOf":{"@id":"https:\/\/artcava.com\/#website"},"primaryImageOfPage":{"@id":"https:\/\/artcava.com\/es\/visita-por-origgens\/#primaryimage"},"image":{"@id":"https:\/\/artcava.com\/es\/visita-por-origgens\/#primaryimage"},"thumbnailUrl":"https:\/\/artcava.com\/wp-content\/uploads\/2020\/08\/Alt-penedes-01.jpg","datePublished":"2020-12-04T10:49:22+00:00","dateModified":"2020-12-09T17:30:11+00:00","description":"La visita ORIGGENS te permitir\u00e1 hacer una ruta hist\u00f3rica por esta tierra de vinos, comenzando al paleozoico con la formaci\u00f3n de la depresi\u00f3n o valle que es el Pened\u00e8s hasta la actualidad.","breadcrumb":{"@id":"https:\/\/artcava.com\/es\/visita-por-origgens\/#breadcrumb"},"inLanguage":"es","potentialAction":[{"@type":"ReadAction","target":["https:\/\/artcava.com\/es\/visita-por-origgens\/"]}]},{"@type":"ImageObject","inLanguage":"es","@id":"https:\/\/artcava.com\/es\/visita-por-origgens\/#primaryimage","url":"https:\/\/artcava.com\/wp-content\/uploads\/2020\/08\/Alt-penedes-01.jpg","contentUrl":"https:\/\/artcava.com\/wp-content\/uploads\/2020\/08\/Alt-penedes-01.jpg"},{"@type":"BreadcrumbList","@id":"https:\/\/artcava.com\/es\/visita-por-origgens\/#breadcrumb","itemListElement":[{"@type":"ListItem","position":1,"name":"Inici","item":"https:\/\/artcava.com\/es\/inici-artcava\/"},{"@type":"ListItem","position":2,"name":"Visita por \u00abORIGGENS\u00bb"}]},{"@type":"WebSite","@id":"https:\/\/artcava.com\/#website","url":"https:\/\/artcava.com\/","name":"Artcava - Masia Can Batlle","description":"L&#039;experi\u00e8ncia definitiva sobre el cava","publisher":{"@id":"https:\/\/artcava.com\/#organization"},"potentialAction":[{"@type":"SearchAction","target":{"@type":"EntryPoint","urlTemplate":"https:\/\/artcava.com\/?s={search_term_string}"},"query-input":{"@type":"PropertyValueSpecification","valueRequired":true,"valueName":"search_term_string"}}],"inLanguage":"es"},{"@type":"Organization","@id":"https:\/\/artcava.com\/#organization","name":"Artcava - Celler Can Batlle SL","url":"https:\/\/artcava.com\/","logo":{"@type":"ImageObject","inLanguage":"es","@id":"https:\/\/artcava.com\/#\/schema\/logo\/image\/","url":"https:\/\/artcava.com\/wp-content\/uploads\/2020\/07\/logo-cartcava-winery.png","contentUrl":"https:\/\/artcava.com\/wp-content\/uploads\/2020\/07\/logo-cartcava-winery.png","width":811,"height":776,"caption":"Artcava - Celler Can Batlle SL"},"image":{"@id":"https:\/\/artcava.com\/#\/schema\/logo\/image\/"},"sameAs":["https:\/\/www.facebook.com\/elteucava\/","https:\/\/www.instagram.com\/artcava_experience\/","https:\/\/www.instagram.com\/lamanelabyartcava\/"]}]}},"jetpack_sharing_enabled":true,"_links":{"self":[{"href":"https:\/\/artcava.com\/es\/wp-json\/wp\/v2\/pages\/7662","targetHints":{"allow":["GET"]}}],"collection":[{"href":"https:\/\/artcava.com\/es\/wp-json\/wp\/v2\/pages"}],"about":[{"href":"https:\/\/artcava.com\/es\/wp-json\/wp\/v2\/types\/page"}],"author":[{"embeddable":true,"href":"https:\/\/artcava.com\/es\/wp-json\/wp\/v2\/users\/76"}],"replies":[{"embeddable":true,"href":"https:\/\/artcava.com\/es\/wp-json\/wp\/v2\/comments?post=7662"}],"version-history":[{"count":5,"href":"https:\/\/artcava.com\/es\/wp-json\/wp\/v2\/pages\/7662\/revisions"}],"predecessor-version":[{"id":8002,"href":"https:\/\/artcava.com\/es\/wp-json\/wp\/v2\/pages\/7662\/revisions\/8002"}],"wp:attachment":[{"href":"https:\/\/artcava.com\/es\/wp-json\/wp\/v2\/media?parent=7662"}],"curies":[{"name":"wp","href":"https:\/\/api.w.org\/{rel}","templated":true}]}}