{"id":7632,"date":"2020-12-04T11:24:11","date_gmt":"2020-12-04T10:24:11","guid":{"rendered":"https:\/\/artcava.com\/taller-crea-tu-cava\/"},"modified":"2026-05-01T11:43:26","modified_gmt":"2026-05-01T09:43:26","slug":"taller-crea-el-teu-cava","status":"publish","type":"page","link":"https:\/\/artcava.com\/es\/taller-crea-el-teu-cava\/","title":{"rendered":"Taller Crea tu cava"},"content":{"rendered":"\t\t<div data-elementor-type=\"wp-page\" data-elementor-id=\"7632\" class=\"elementor elementor-7632 elementor-5524\" data-elementor-post-type=\"page\">\n\t\t\t\t\t\t<section data-particle_enable=\"false\" data-particle-mobile-disabled=\"false\" class=\"elementor-section elementor-top-section elementor-element elementor-element-ba1ae81 elementor-section-boxed elementor-section-height-default elementor-section-height-default\" data-id=\"ba1ae81\" data-element_type=\"section\" data-e-type=\"section\">\n\t\t\t\t\t\t<div class=\"elementor-container elementor-column-gap-default\">\n\t\t\t\t\t<div class=\"elementor-column elementor-col-50 elementor-top-column elementor-element elementor-element-52a291f\" data-id=\"52a291f\" data-element_type=\"column\" data-e-type=\"column\">\n\t\t\t<div class=\"elementor-widget-wrap elementor-element-populated\">\n\t\t\t\t\t\t<div class=\"elementor-element elementor-element-8a5798a elementor-widget elementor-widget-heading\" data-id=\"8a5798a\" data-element_type=\"widget\" data-e-type=\"widget\" data-widget_type=\"heading.default\">\n\t\t\t\t\t<h1 class=\"elementor-heading-title elementor-size-default\">La experiencia definitiva sobre el cava en el Pened\u00e8s<\/h1>\t\t\t\t<\/div>\n\t\t\t\t<div class=\"elementor-element elementor-element-d7439d9 elementor-widget elementor-widget-spacer\" data-id=\"d7439d9\" data-element_type=\"widget\" data-e-type=\"widget\" data-widget_type=\"spacer.default\">\n\t\t\t\t\t\t\t<div class=\"elementor-spacer\">\n\t\t\t<div class=\"elementor-spacer-inner\"><\/div>\n\t\t<\/div>\n\t\t\t\t\t\t<\/div>\n\t\t\t\t<div class=\"elementor-element elementor-element-b4324ef elementor-widget elementor-widget-text-editor\" data-id=\"b4324ef\" data-element_type=\"widget\" data-e-type=\"widget\" data-widget_type=\"text-editor.default\">\n\t\t\t\t\t\t\t\t\t<p>El taller \u00abCrea tu cava\u00bb es la actividad m\u00e1s divertida y singular que podr\u00e1s hacer durante tu visita a nuestra bodega. Descubriras todos los secretos del <strong>cava<\/strong>, el vino espumoso catalan, as\u00ed como su proceso de elaboraci\u00f3n.<\/p><p>Durant la visita no solo podras catar nuestros mejores cavas, sino tambien hacer el deguelle de tu propia botella para llevartela a casa, sin olvidar la visita a la antigua masia y a todas nuestras instalaciones.<\/p><p>Despu\u00e9s de hacer la cata de nuestros cavas, nos dirigiremos a la sala de elaboraci\u00f3n. Una vez ah\u00ed, podras escoger el cava que m\u00e1s te haya gustado y, con tus propias manos, hacer el deg\u00fcelle de una botella. A continuaci\u00f3n, le introduciras su corcho, la chapa y la etiquetaras. Esta ser\u00e1 tu botella de cava, i la podras disfrutar donde y cuando quieras, recordando la m\u00e1gica experiencia que viviste con nosotros.<\/p><h2>Una actividad singular cerca de Barcelona<\/h2><p>Se trata de un taller \u00fanico en el mundo del enoturismo, y en todo momento estar\u00e1s acompa\u00f1ado de profesionales para que puedas conocer todos los secretos que rodean esta bebida.<\/p><p><strong>Incluido:<\/strong> Visita + cata de 3 cavas Palag\u00f3 + taller de deguelle + una botella de cava de regalo.<br><strong>Precio:<\/strong> 60\u20ac\/persona (de 2 a 20 personas).<br><strong>Duraci\u00f3n:<\/strong> 3 hs.<br><strong>Disponibilidad<\/strong> Todo el a\u00f1o.<br><strong>Horario:<\/strong> 10:30 a 13:30 hs<\/p><p>*Consulta disponibilidad de visita en otro horario.<\/p><p>Si te surge alguna duda , puedes contactar con nosotros a trav\u00e9s del correo electr\u00f3nico <a style=\"font-family: var( --e-global-typography-text-font-family ); font-weight: var( --e-global-typography-text-font-weight ); background-color: #ffffff;\" href=\"mailto:reserves@artcava.com\"><strong>reserves@artcava.com<\/strong><\/a>.<\/p>\t\t\t\t\t\t\t\t<\/div>\n\t\t\t\t<div class=\"elementor-element elementor-element-f3eac02 elementor-widget elementor-widget-image\" data-id=\"f3eac02\" data-element_type=\"widget\" data-e-type=\"widget\" data-widget_type=\"image.default\">\n\t\t\t\t\t\t\t\t\t\t\t\t\t\t\t<img fetchpriority=\"high\" decoding=\"async\" width=\"500\" height=\"375\" src=\"https:\/\/artcava.com\/wp-content\/uploads\/2020\/12\/experiencias.jpg\" class=\"attachment-full size-full wp-image-7748\" alt=\"\" \/>\t\t\t\t\t\t\t\t\t\t\t\t\t\t\t<\/div>\n\t\t\t\t\t<\/div>\n\t\t<\/div>\n\t\t\t\t<div class=\"elementor-column elementor-col-50 elementor-top-column elementor-element elementor-element-1723d9c\" data-id=\"1723d9c\" data-element_type=\"column\" data-e-type=\"column\">\n\t\t\t<div class=\"elementor-widget-wrap elementor-element-populated\">\n\t\t\t\t\t\t<div class=\"elementor-element elementor-element-d3be265 elementor-widget elementor-widget-shortcode\" data-id=\"d3be265\" data-element_type=\"widget\" data-e-type=\"widget\" data-widget_type=\"shortcode.default\">\n\t\t\t\t\t\t\t<div class=\"elementor-shortcode\"><script type=\"text\/javascript\" src=\"https:\/\/widgets.bokun.io\/assets\/javascripts\/apps\/build\/BokunWidgetsLoader.js?bookingChannelUUID=607c1f94-4868-43af-9b9e-e7146434cf46\" async=\"\"><\/script>\n     \n    <div class=\"bokunWidget\" data-src=\"https:\/\/widgets.bokun.io\/online-sales\/607c1f94-4868-43af-9b9e-e7146434cf46\/experience-calendar\/444688\"><\/div>\n    <noscript>Please enable javascript in your browser to book<\/noscript>\n<\/div>\n\t\t\t\t\t\t<\/div>\n\t\t\t\t<div class=\"elementor-element elementor-element-539d2d8 elementor-widget elementor-widget-image\" data-id=\"539d2d8\" data-element_type=\"widget\" data-e-type=\"widget\" data-widget_type=\"image.default\">\n\t\t\t\t\t\t\t\t\t\t\t\t\t\t\t<img decoding=\"async\" width=\"300\" height=\"156\" data-src=\"https:\/\/artcava.com\/wp-content\/uploads\/2018\/05\/payment-stripe_2-1.png\" class=\"attachment-large size-large wp-image-3547 lazyload\" alt=\"\" src=\"data:image\/svg+xml;base64,PHN2ZyB3aWR0aD0iMSIgaGVpZ2h0PSIxIiB4bWxucz0iaHR0cDovL3d3dy53My5vcmcvMjAwMC9zdmciPjwvc3ZnPg==\" style=\"--smush-placeholder-width: 300px; --smush-placeholder-aspect-ratio: 300\/156;\" \/>\t\t\t\t\t\t\t\t\t\t\t\t\t\t\t<\/div>\n\t\t\t\t\t<\/div>\n\t\t<\/div>\n\t\t\t\t\t<\/div>\n\t\t<\/section>\n\t\t\t\t<\/div>\n\t\t","protected":false},"excerpt":{"rendered":"<p>La experiencia definitiva sobre el cava en el Pened\u00e8s El taller \u00abCrea tu cava\u00bb es la actividad m\u00e1s divertida y singular que podr\u00e1s hacer durante tu visita a nuestra bodega. Descubriras todos los secretos del cava, el vino espumoso catalan, as\u00ed como su proceso de elaboraci\u00f3n. Durant la visita no solo podras catar nuestros mejores [&hellip;]<\/p>\n","protected":false},"author":76,"featured_media":7748,"parent":0,"menu_order":0,"comment_status":"closed","ping_status":"closed","template":"elementor_header_footer","meta":{"footnotes":""},"class_list":["post-7632","page","type-page","status-publish","has-post-thumbnail","hentry"],"yoast_head":"<!-- This site is optimized with the Yoast SEO plugin v27.4 - https:\/\/yoast.com\/product\/yoast-seo-wordpress\/ -->\n<title>Taller Crea tu cava &#183; Artcava - Masia Can Batlle<\/title>\n<meta name=\"description\" content=\"El taller &quot;Crea tu cava&quot; es la actividad m\u00e1s divertida y singular que podr\u00e1s hacer durante tu visita a nuestra bodega. Descubrir\u00e1s todos los secretos del cava, el vino espumoso catal\u00e1n, as\u00ed como su proceso de elaboraci\u00f3n. Durante la visita no s\u00f3lo podr\u00e1s degustar nuestros mejores cavas, sino que tambi\u00e9n degollar\u00e1s tu propia botella para llevartela a casa, sin olvidar la visita a la antigua mas\u00eda y a nuestras instalaciones.\" \/>\n<meta name=\"robots\" content=\"index, follow, max-snippet:-1, max-image-preview:large, max-video-preview:-1\" \/>\n<link rel=\"canonical\" href=\"https:\/\/artcava.com\/es\/taller-crea-el-teu-cava\/\" \/>\n<meta property=\"og:locale\" content=\"es_ES\" \/>\n<meta property=\"og:type\" content=\"article\" \/>\n<meta property=\"og:title\" content=\"Taller Crea tu cava &#183; Artcava - Masia Can Batlle\" \/>\n<meta property=\"og:description\" content=\"El taller &quot;Crea tu cava&quot; es la actividad m\u00e1s divertida y singular que podr\u00e1s hacer durante tu visita a nuestra bodega. Descubrir\u00e1s todos los secretos del cava, el vino espumoso catal\u00e1n, as\u00ed como su proceso de elaboraci\u00f3n. Durante la visita no s\u00f3lo podr\u00e1s degustar nuestros mejores cavas, sino que tambi\u00e9n degollar\u00e1s tu propia botella para llevartela a casa, sin olvidar la visita a la antigua mas\u00eda y a nuestras instalaciones.\" \/>\n<meta property=\"og:url\" content=\"https:\/\/artcava.com\/es\/taller-crea-el-teu-cava\/\" \/>\n<meta property=\"og:site_name\" content=\"Artcava - Masia Can Batlle\" \/>\n<meta property=\"article:publisher\" content=\"https:\/\/www.facebook.com\/elteucava\/\" \/>\n<meta property=\"article:modified_time\" content=\"2026-05-01T09:43:26+00:00\" \/>\n<meta property=\"og:image\" content=\"https:\/\/artcava.com\/wp-content\/uploads\/2020\/12\/experiencias.jpg\" \/>\n\t<meta property=\"og:image:width\" content=\"500\" \/>\n\t<meta property=\"og:image:height\" content=\"375\" \/>\n\t<meta property=\"og:image:type\" content=\"image\/jpeg\" \/>\n<meta name=\"twitter:card\" content=\"summary_large_image\" \/>\n<meta name=\"twitter:label1\" content=\"Tiempo de lectura\" \/>\n\t<meta name=\"twitter:data1\" content=\"2 minutos\" \/>\n<script type=\"application\/ld+json\" class=\"yoast-schema-graph\">{\"@context\":\"https:\\\/\\\/schema.org\",\"@graph\":[{\"@type\":\"WebPage\",\"@id\":\"https:\\\/\\\/artcava.com\\\/es\\\/taller-crea-el-teu-cava\\\/\",\"url\":\"https:\\\/\\\/artcava.com\\\/es\\\/taller-crea-el-teu-cava\\\/\",\"name\":\"Taller Crea tu cava &#183; Artcava - Masia Can Batlle\",\"isPartOf\":{\"@id\":\"https:\\\/\\\/artcava.com\\\/#website\"},\"primaryImageOfPage\":{\"@id\":\"https:\\\/\\\/artcava.com\\\/es\\\/taller-crea-el-teu-cava\\\/#primaryimage\"},\"image\":{\"@id\":\"https:\\\/\\\/artcava.com\\\/es\\\/taller-crea-el-teu-cava\\\/#primaryimage\"},\"thumbnailUrl\":\"https:\\\/\\\/artcava.com\\\/wp-content\\\/uploads\\\/2020\\\/12\\\/experiencias.jpg\",\"datePublished\":\"2020-12-04T10:24:11+00:00\",\"dateModified\":\"2026-05-01T09:43:26+00:00\",\"description\":\"El taller \\\"Crea tu cava\\\" es la actividad m\u00e1s divertida y singular que podr\u00e1s hacer durante tu visita a nuestra bodega. Descubrir\u00e1s todos los secretos del cava, el vino espumoso catal\u00e1n, as\u00ed como su proceso de elaboraci\u00f3n. Durante la visita no s\u00f3lo podr\u00e1s degustar nuestros mejores cavas, sino que tambi\u00e9n degollar\u00e1s tu propia botella para llevartela a casa, sin olvidar la visita a la antigua mas\u00eda y a nuestras instalaciones.\",\"breadcrumb\":{\"@id\":\"https:\\\/\\\/artcava.com\\\/es\\\/taller-crea-el-teu-cava\\\/#breadcrumb\"},\"inLanguage\":\"es\",\"potentialAction\":[{\"@type\":\"ReadAction\",\"target\":[\"https:\\\/\\\/artcava.com\\\/es\\\/taller-crea-el-teu-cava\\\/\"]}]},{\"@type\":\"ImageObject\",\"inLanguage\":\"es\",\"@id\":\"https:\\\/\\\/artcava.com\\\/es\\\/taller-crea-el-teu-cava\\\/#primaryimage\",\"url\":\"https:\\\/\\\/artcava.com\\\/wp-content\\\/uploads\\\/2020\\\/12\\\/experiencias.jpg\",\"contentUrl\":\"https:\\\/\\\/artcava.com\\\/wp-content\\\/uploads\\\/2020\\\/12\\\/experiencias.jpg\",\"width\":500,\"height\":375},{\"@type\":\"BreadcrumbList\",\"@id\":\"https:\\\/\\\/artcava.com\\\/es\\\/taller-crea-el-teu-cava\\\/#breadcrumb\",\"itemListElement\":[{\"@type\":\"ListItem\",\"position\":1,\"name\":\"Inici\",\"item\":\"https:\\\/\\\/artcava.com\\\/es\\\/\"},{\"@type\":\"ListItem\",\"position\":2,\"name\":\"Taller Crea tu cava\"}]},{\"@type\":\"WebSite\",\"@id\":\"https:\\\/\\\/artcava.com\\\/#website\",\"url\":\"https:\\\/\\\/artcava.com\\\/\",\"name\":\"Artcava - Masia Can Batlle\",\"description\":\"L&#039;experi\u00e8ncia definitiva sobre el cava\",\"publisher\":{\"@id\":\"https:\\\/\\\/artcava.com\\\/#organization\"},\"potentialAction\":[{\"@type\":\"SearchAction\",\"target\":{\"@type\":\"EntryPoint\",\"urlTemplate\":\"https:\\\/\\\/artcava.com\\\/?s={search_term_string}\"},\"query-input\":{\"@type\":\"PropertyValueSpecification\",\"valueRequired\":true,\"valueName\":\"search_term_string\"}}],\"inLanguage\":\"es\"},{\"@type\":\"Organization\",\"@id\":\"https:\\\/\\\/artcava.com\\\/#organization\",\"name\":\"Artcava - Celler Can Batlle SL\",\"url\":\"https:\\\/\\\/artcava.com\\\/\",\"logo\":{\"@type\":\"ImageObject\",\"inLanguage\":\"es\",\"@id\":\"https:\\\/\\\/artcava.com\\\/#\\\/schema\\\/logo\\\/image\\\/\",\"url\":\"https:\\\/\\\/artcava.com\\\/wp-content\\\/uploads\\\/2020\\\/07\\\/logo-cartcava-winery.png\",\"contentUrl\":\"https:\\\/\\\/artcava.com\\\/wp-content\\\/uploads\\\/2020\\\/07\\\/logo-cartcava-winery.png\",\"width\":811,\"height\":776,\"caption\":\"Artcava - Celler Can Batlle SL\"},\"image\":{\"@id\":\"https:\\\/\\\/artcava.com\\\/#\\\/schema\\\/logo\\\/image\\\/\"},\"sameAs\":[\"https:\\\/\\\/www.facebook.com\\\/elteucava\\\/\",\"https:\\\/\\\/www.instagram.com\\\/artcava_experience\\\/\",\"https:\\\/\\\/www.instagram.com\\\/lamanelabyartcava\\\/\"]}]}<\/script>\n<!-- \/ Yoast SEO plugin. -->","yoast_head_json":{"title":"Taller Crea tu cava &#183; Artcava - Masia Can Batlle","description":"El taller \"Crea tu cava\" es la actividad m\u00e1s divertida y singular que podr\u00e1s hacer durante tu visita a nuestra bodega. Descubrir\u00e1s todos los secretos del cava, el vino espumoso catal\u00e1n, as\u00ed como su proceso de elaboraci\u00f3n. Durante la visita no s\u00f3lo podr\u00e1s degustar nuestros mejores cavas, sino que tambi\u00e9n degollar\u00e1s tu propia botella para llevartela a casa, sin olvidar la visita a la antigua mas\u00eda y a nuestras instalaciones.","robots":{"index":"index","follow":"follow","max-snippet":"max-snippet:-1","max-image-preview":"max-image-preview:large","max-video-preview":"max-video-preview:-1"},"canonical":"https:\/\/artcava.com\/es\/taller-crea-el-teu-cava\/","og_locale":"es_ES","og_type":"article","og_title":"Taller Crea tu cava &#183; Artcava - Masia Can Batlle","og_description":"El taller \"Crea tu cava\" es la actividad m\u00e1s divertida y singular que podr\u00e1s hacer durante tu visita a nuestra bodega. Descubrir\u00e1s todos los secretos del cava, el vino espumoso catal\u00e1n, as\u00ed como su proceso de elaboraci\u00f3n. Durante la visita no s\u00f3lo podr\u00e1s degustar nuestros mejores cavas, sino que tambi\u00e9n degollar\u00e1s tu propia botella para llevartela a casa, sin olvidar la visita a la antigua mas\u00eda y a nuestras instalaciones.","og_url":"https:\/\/artcava.com\/es\/taller-crea-el-teu-cava\/","og_site_name":"Artcava - Masia Can Batlle","article_publisher":"https:\/\/www.facebook.com\/elteucava\/","article_modified_time":"2026-05-01T09:43:26+00:00","og_image":[{"width":500,"height":375,"url":"https:\/\/artcava.com\/wp-content\/uploads\/2020\/12\/experiencias.jpg","type":"image\/jpeg"}],"twitter_card":"summary_large_image","twitter_misc":{"Tiempo de lectura":"2 minutos"},"schema":{"@context":"https:\/\/schema.org","@graph":[{"@type":"WebPage","@id":"https:\/\/artcava.com\/es\/taller-crea-el-teu-cava\/","url":"https:\/\/artcava.com\/es\/taller-crea-el-teu-cava\/","name":"Taller Crea tu cava &#183; Artcava - Masia Can Batlle","isPartOf":{"@id":"https:\/\/artcava.com\/#website"},"primaryImageOfPage":{"@id":"https:\/\/artcava.com\/es\/taller-crea-el-teu-cava\/#primaryimage"},"image":{"@id":"https:\/\/artcava.com\/es\/taller-crea-el-teu-cava\/#primaryimage"},"thumbnailUrl":"https:\/\/artcava.com\/wp-content\/uploads\/2020\/12\/experiencias.jpg","datePublished":"2020-12-04T10:24:11+00:00","dateModified":"2026-05-01T09:43:26+00:00","description":"El taller \"Crea tu cava\" es la actividad m\u00e1s divertida y singular que podr\u00e1s hacer durante tu visita a nuestra bodega. Descubrir\u00e1s todos los secretos del cava, el vino espumoso catal\u00e1n, as\u00ed como su proceso de elaboraci\u00f3n. Durante la visita no s\u00f3lo podr\u00e1s degustar nuestros mejores cavas, sino que tambi\u00e9n degollar\u00e1s tu propia botella para llevartela a casa, sin olvidar la visita a la antigua mas\u00eda y a nuestras instalaciones.","breadcrumb":{"@id":"https:\/\/artcava.com\/es\/taller-crea-el-teu-cava\/#breadcrumb"},"inLanguage":"es","potentialAction":[{"@type":"ReadAction","target":["https:\/\/artcava.com\/es\/taller-crea-el-teu-cava\/"]}]},{"@type":"ImageObject","inLanguage":"es","@id":"https:\/\/artcava.com\/es\/taller-crea-el-teu-cava\/#primaryimage","url":"https:\/\/artcava.com\/wp-content\/uploads\/2020\/12\/experiencias.jpg","contentUrl":"https:\/\/artcava.com\/wp-content\/uploads\/2020\/12\/experiencias.jpg","width":500,"height":375},{"@type":"BreadcrumbList","@id":"https:\/\/artcava.com\/es\/taller-crea-el-teu-cava\/#breadcrumb","itemListElement":[{"@type":"ListItem","position":1,"name":"Inici","item":"https:\/\/artcava.com\/es\/"},{"@type":"ListItem","position":2,"name":"Taller Crea tu cava"}]},{"@type":"WebSite","@id":"https:\/\/artcava.com\/#website","url":"https:\/\/artcava.com\/","name":"Artcava - Masia Can Batlle","description":"L&#039;experi\u00e8ncia definitiva sobre el cava","publisher":{"@id":"https:\/\/artcava.com\/#organization"},"potentialAction":[{"@type":"SearchAction","target":{"@type":"EntryPoint","urlTemplate":"https:\/\/artcava.com\/?s={search_term_string}"},"query-input":{"@type":"PropertyValueSpecification","valueRequired":true,"valueName":"search_term_string"}}],"inLanguage":"es"},{"@type":"Organization","@id":"https:\/\/artcava.com\/#organization","name":"Artcava - Celler Can Batlle SL","url":"https:\/\/artcava.com\/","logo":{"@type":"ImageObject","inLanguage":"es","@id":"https:\/\/artcava.com\/#\/schema\/logo\/image\/","url":"https:\/\/artcava.com\/wp-content\/uploads\/2020\/07\/logo-cartcava-winery.png","contentUrl":"https:\/\/artcava.com\/wp-content\/uploads\/2020\/07\/logo-cartcava-winery.png","width":811,"height":776,"caption":"Artcava - Celler Can Batlle SL"},"image":{"@id":"https:\/\/artcava.com\/#\/schema\/logo\/image\/"},"sameAs":["https:\/\/www.facebook.com\/elteucava\/","https:\/\/www.instagram.com\/artcava_experience\/","https:\/\/www.instagram.com\/lamanelabyartcava\/"]}]}},"jetpack_sharing_enabled":true,"_links":{"self":[{"href":"https:\/\/artcava.com\/es\/wp-json\/wp\/v2\/pages\/7632","targetHints":{"allow":["GET"]}}],"collection":[{"href":"https:\/\/artcava.com\/es\/wp-json\/wp\/v2\/pages"}],"about":[{"href":"https:\/\/artcava.com\/es\/wp-json\/wp\/v2\/types\/page"}],"author":[{"embeddable":true,"href":"https:\/\/artcava.com\/es\/wp-json\/wp\/v2\/users\/76"}],"replies":[{"embeddable":true,"href":"https:\/\/artcava.com\/es\/wp-json\/wp\/v2\/comments?post=7632"}],"version-history":[{"count":3,"href":"https:\/\/artcava.com\/es\/wp-json\/wp\/v2\/pages\/7632\/revisions"}],"predecessor-version":[{"id":18488,"href":"https:\/\/artcava.com\/es\/wp-json\/wp\/v2\/pages\/7632\/revisions\/18488"}],"wp:featuredmedia":[{"embeddable":true,"href":"https:\/\/artcava.com\/es\/wp-json\/wp\/v2\/media\/7748"}],"wp:attachment":[{"href":"https:\/\/artcava.com\/es\/wp-json\/wp\/v2\/media?parent=7632"}],"curies":[{"name":"wp","href":"https:\/\/api.w.org\/{rel}","templated":true}]}}