{"id":7625,"date":"2020-12-04T11:16:31","date_gmt":"2020-12-04T10:16:31","guid":{"rendered":"https:\/\/artcava.com\/talleres-para-empresas-y-eventos\/"},"modified":"2026-04-18T15:54:16","modified_gmt":"2026-04-18T13:54:16","slug":"mice","status":"publish","type":"page","link":"https:\/\/artcava.com\/es\/mice\/","title":{"rendered":"Talleres para empresas y eventos"},"content":{"rendered":"\t\t<div data-elementor-type=\"wp-page\" data-elementor-id=\"7625\" class=\"elementor elementor-7625 elementor-5810\" data-elementor-post-type=\"page\">\n\t\t\t\t\t\t<section data-particle_enable=\"false\" data-particle-mobile-disabled=\"false\" class=\"elementor-section elementor-top-section elementor-element elementor-element-abba8ed elementor-section-boxed elementor-section-height-default elementor-section-height-default\" data-id=\"abba8ed\" data-element_type=\"section\" data-e-type=\"section\">\n\t\t\t\t\t\t<div class=\"elementor-container elementor-column-gap-default\">\n\t\t\t\t\t<div class=\"elementor-column elementor-col-100 elementor-top-column elementor-element elementor-element-35d4f21\" data-id=\"35d4f21\" data-element_type=\"column\" data-e-type=\"column\">\n\t\t\t<div class=\"elementor-widget-wrap elementor-element-populated\">\n\t\t\t\t\t\t<div class=\"elementor-element elementor-element-4af1efa elementor-widget elementor-widget-heading\" data-id=\"4af1efa\" data-element_type=\"widget\" data-e-type=\"widget\" data-widget_type=\"heading.default\">\n\t\t\t\t\t<h2 class=\"elementor-heading-title elementor-size-default\">Talleres para empresas y eventos<\/h2>\t\t\t\t<\/div>\n\t\t\t\t<div class=\"elementor-element elementor-element-08d9e45 elementor-widget elementor-widget-spacer\" data-id=\"08d9e45\" data-element_type=\"widget\" data-e-type=\"widget\" data-widget_type=\"spacer.default\">\n\t\t\t\t\t\t\t<div class=\"elementor-spacer\">\n\t\t\t<div class=\"elementor-spacer-inner\"><\/div>\n\t\t<\/div>\n\t\t\t\t\t\t<\/div>\n\t\t\t\t\t<\/div>\n\t\t<\/div>\n\t\t\t\t\t<\/div>\n\t\t<\/section>\n\t\t\t\t<section data-particle_enable=\"false\" data-particle-mobile-disabled=\"false\" class=\"elementor-section elementor-top-section elementor-element elementor-element-080f8b3 elementor-section-boxed elementor-section-height-default elementor-section-height-default\" data-id=\"080f8b3\" data-element_type=\"section\" data-e-type=\"section\">\n\t\t\t\t\t\t<div class=\"elementor-container elementor-column-gap-default\">\n\t\t\t\t\t<div class=\"elementor-column elementor-col-100 elementor-top-column elementor-element elementor-element-d96deae\" data-id=\"d96deae\" data-element_type=\"column\" data-e-type=\"column\">\n\t\t\t<div class=\"elementor-widget-wrap elementor-element-populated\">\n\t\t\t\t\t\t<div class=\"elementor-element elementor-element-296a073 elementor-widget elementor-widget-text-editor\" data-id=\"296a073\" data-element_type=\"widget\" data-e-type=\"widget\" data-widget_type=\"text-editor.default\">\n\t\t\t\t\t\t\t\t\t<p><img fetchpriority=\"high\" decoding=\"async\" class=\"size-medium wp-image-3600 alignright\" src=\"https:\/\/artcava.com\/wp-content\/uploads\/2019\/07\/mice-sala-blanca-450x338.jpg\" alt=\"\" width=\"450\" height=\"338\" srcset=\"https:\/\/artcava.com\/wp-content\/uploads\/2019\/07\/mice-sala-blanca-450x338.jpg 450w, https:\/\/artcava.com\/wp-content\/uploads\/2019\/07\/mice-sala-blanca-500x375.jpg 500w, https:\/\/artcava.com\/wp-content\/uploads\/2019\/07\/mice-sala-blanca-768x576.jpg 768w, https:\/\/artcava.com\/wp-content\/uploads\/2019\/07\/mice-sala-blanca-1024x768.jpg 1024w, https:\/\/artcava.com\/wp-content\/uploads\/2019\/07\/mice-sala-blanca-510x383.jpg 510w, https:\/\/artcava.com\/wp-content\/uploads\/2019\/07\/mice-sala-blanca-1080x810.jpg 1080w, https:\/\/artcava.com\/wp-content\/uploads\/2019\/07\/mice-sala-blanca.jpg 1600w\" sizes=\"(max-width: 450px) 100vw, 450px\" \/>En ArtCava creemos en la singularidad, la creatividad y el arte de los eventos, y ofrecemos experiencias \u00fanicas y actividades personalizadas.<\/p>\n<p>Ofrecemos diferentes actividades para descubrir nuestra regi\u00f3n vin\u00edcola en 4&#215;4, quad, bicicletas el\u00e9ctricas o marcha n\u00f3rdica. Tambi\u00e9n organizamos b\u00fasquedas del tesoro en el vi\u00f1edo, p\u00edcnics, yoga y conciertos o fiestas en armon\u00eda con la naturaleza, as\u00ed como diferentes actividades ben\u00e9ficas. En nuestra bodega tambi\u00e9n podr\u00e1s degustar comidas caseras o disfrutar de una barbacoa al aire libre mientras contemplas el privilegiado entorno del Pened\u00e8s.  <\/p>\n<p>\u00a1D\u00e9jate sorprender por nuestra bodega y todas las posibilidades que ofrece!<\/p>\n<p><br><\/p>\t\t\t\t\t\t\t\t<\/div>\n\t\t\t\t\t<\/div>\n\t\t<\/div>\n\t\t\t\t\t<\/div>\n\t\t<\/section>\n\t\t\t\t<\/div>\n\t\t","protected":false},"excerpt":{"rendered":"<p>Talleres para empresas y eventos En ArtCava creemos en la singularidad, la creatividad y el arte de los eventos, y ofrecemos experiencias \u00fanicas y actividades personalizadas. Ofrecemos diferentes actividades para descubrir nuestra regi\u00f3n vin\u00edcola en 4&#215;4, quad, bicicletas el\u00e9ctricas o marcha n\u00f3rdica. Tambi\u00e9n organizamos b\u00fasquedas del tesoro en el vi\u00f1edo, p\u00edcnics, yoga y conciertos o [&hellip;]<\/p>\n","protected":false},"author":76,"featured_media":0,"parent":0,"menu_order":0,"comment_status":"closed","ping_status":"closed","template":"elementor_header_footer","meta":{"footnotes":""},"class_list":["post-7625","page","type-page","status-publish","hentry"],"yoast_head":"<!-- This site is optimized with the Yoast SEO plugin v27.4 - https:\/\/yoast.com\/product\/yoast-seo-wordpress\/ -->\n<title>Talleres para empresas y eventos &#183; Artcava - Masia Can Batlle<\/title>\n<meta name=\"description\" content=\"Ofrecemos diferentes actividades para descubrirte nuestra regi\u00f3n vin\u00edcola en 4 \u00d7 4, quad, bicicletas el\u00e9ctricas o marcha n\u00f3rdica. Tambi\u00e9n organizamos caza de tesoros en la vi\u00f1a, p\u00edcnics, yoga y conciertos o fiestas en armon\u00eda con la naturaleza, as\u00ed como diferentes actividades ben\u00e9ficas.\" \/>\n<meta name=\"robots\" content=\"index, follow, max-snippet:-1, max-image-preview:large, max-video-preview:-1\" \/>\n<link rel=\"canonical\" href=\"https:\/\/artcava.com\/es\/mice\/\" \/>\n<meta property=\"og:locale\" content=\"es_ES\" \/>\n<meta property=\"og:type\" content=\"article\" \/>\n<meta property=\"og:title\" content=\"Talleres para empresas y eventos &#183; Artcava - Masia Can Batlle\" \/>\n<meta property=\"og:description\" content=\"Ofrecemos diferentes actividades para descubrirte nuestra regi\u00f3n vin\u00edcola en 4 \u00d7 4, quad, bicicletas el\u00e9ctricas o marcha n\u00f3rdica. Tambi\u00e9n organizamos caza de tesoros en la vi\u00f1a, p\u00edcnics, yoga y conciertos o fiestas en armon\u00eda con la naturaleza, as\u00ed como diferentes actividades ben\u00e9ficas.\" \/>\n<meta property=\"og:url\" content=\"https:\/\/artcava.com\/es\/mice\/\" \/>\n<meta property=\"og:site_name\" content=\"Artcava - Masia Can Batlle\" \/>\n<meta property=\"article:publisher\" content=\"https:\/\/www.facebook.com\/elteucava\/\" \/>\n<meta property=\"article:modified_time\" content=\"2026-04-18T13:54:16+00:00\" \/>\n<meta property=\"og:image\" content=\"https:\/\/artcava.com\/wp-content\/uploads\/2019\/07\/mice-sala-blanca.jpg\" \/>\n\t<meta property=\"og:image:width\" content=\"1600\" \/>\n\t<meta property=\"og:image:height\" content=\"1200\" \/>\n\t<meta property=\"og:image:type\" content=\"image\/jpeg\" \/>\n<meta name=\"twitter:card\" content=\"summary_large_image\" \/>\n<meta name=\"twitter:label1\" content=\"Tiempo de lectura\" \/>\n\t<meta name=\"twitter:data1\" content=\"1 minuto\" \/>\n<script type=\"application\/ld+json\" class=\"yoast-schema-graph\">{\"@context\":\"https:\\\/\\\/schema.org\",\"@graph\":[{\"@type\":\"WebPage\",\"@id\":\"https:\\\/\\\/artcava.com\\\/es\\\/mice\\\/\",\"url\":\"https:\\\/\\\/artcava.com\\\/es\\\/mice\\\/\",\"name\":\"Talleres para empresas y eventos &#183; Artcava - Masia Can Batlle\",\"isPartOf\":{\"@id\":\"https:\\\/\\\/artcava.com\\\/#website\"},\"primaryImageOfPage\":{\"@id\":\"https:\\\/\\\/artcava.com\\\/es\\\/mice\\\/#primaryimage\"},\"image\":{\"@id\":\"https:\\\/\\\/artcava.com\\\/es\\\/mice\\\/#primaryimage\"},\"thumbnailUrl\":\"https:\\\/\\\/artcava.com\\\/wp-content\\\/uploads\\\/2019\\\/07\\\/mice-sala-blanca-450x338.jpg\",\"datePublished\":\"2020-12-04T10:16:31+00:00\",\"dateModified\":\"2026-04-18T13:54:16+00:00\",\"description\":\"Ofrecemos diferentes actividades para descubrirte nuestra regi\u00f3n vin\u00edcola en 4 \u00d7 4, quad, bicicletas el\u00e9ctricas o marcha n\u00f3rdica. Tambi\u00e9n organizamos caza de tesoros en la vi\u00f1a, p\u00edcnics, yoga y conciertos o fiestas en armon\u00eda con la naturaleza, as\u00ed como diferentes actividades ben\u00e9ficas.\",\"breadcrumb\":{\"@id\":\"https:\\\/\\\/artcava.com\\\/es\\\/mice\\\/#breadcrumb\"},\"inLanguage\":\"es\",\"potentialAction\":[{\"@type\":\"ReadAction\",\"target\":[\"https:\\\/\\\/artcava.com\\\/es\\\/mice\\\/\"]}]},{\"@type\":\"ImageObject\",\"inLanguage\":\"es\",\"@id\":\"https:\\\/\\\/artcava.com\\\/es\\\/mice\\\/#primaryimage\",\"url\":\"https:\\\/\\\/artcava.com\\\/wp-content\\\/uploads\\\/2019\\\/07\\\/mice-sala-blanca-450x338.jpg\",\"contentUrl\":\"https:\\\/\\\/artcava.com\\\/wp-content\\\/uploads\\\/2019\\\/07\\\/mice-sala-blanca-450x338.jpg\"},{\"@type\":\"BreadcrumbList\",\"@id\":\"https:\\\/\\\/artcava.com\\\/es\\\/mice\\\/#breadcrumb\",\"itemListElement\":[{\"@type\":\"ListItem\",\"position\":1,\"name\":\"Inici\",\"item\":\"https:\\\/\\\/artcava.com\\\/es\\\/inici-artcava\\\/\"},{\"@type\":\"ListItem\",\"position\":2,\"name\":\"Talleres para empresas y eventos\"}]},{\"@type\":\"WebSite\",\"@id\":\"https:\\\/\\\/artcava.com\\\/#website\",\"url\":\"https:\\\/\\\/artcava.com\\\/\",\"name\":\"Artcava - Masia Can Batlle\",\"description\":\"L&#039;experi\u00e8ncia definitiva sobre el cava\",\"publisher\":{\"@id\":\"https:\\\/\\\/artcava.com\\\/#organization\"},\"potentialAction\":[{\"@type\":\"SearchAction\",\"target\":{\"@type\":\"EntryPoint\",\"urlTemplate\":\"https:\\\/\\\/artcava.com\\\/?s={search_term_string}\"},\"query-input\":{\"@type\":\"PropertyValueSpecification\",\"valueRequired\":true,\"valueName\":\"search_term_string\"}}],\"inLanguage\":\"es\"},{\"@type\":\"Organization\",\"@id\":\"https:\\\/\\\/artcava.com\\\/#organization\",\"name\":\"Artcava - Celler Can Batlle SL\",\"url\":\"https:\\\/\\\/artcava.com\\\/\",\"logo\":{\"@type\":\"ImageObject\",\"inLanguage\":\"es\",\"@id\":\"https:\\\/\\\/artcava.com\\\/#\\\/schema\\\/logo\\\/image\\\/\",\"url\":\"https:\\\/\\\/artcava.com\\\/wp-content\\\/uploads\\\/2020\\\/07\\\/logo-cartcava-winery.png\",\"contentUrl\":\"https:\\\/\\\/artcava.com\\\/wp-content\\\/uploads\\\/2020\\\/07\\\/logo-cartcava-winery.png\",\"width\":811,\"height\":776,\"caption\":\"Artcava - Celler Can Batlle SL\"},\"image\":{\"@id\":\"https:\\\/\\\/artcava.com\\\/#\\\/schema\\\/logo\\\/image\\\/\"},\"sameAs\":[\"https:\\\/\\\/www.facebook.com\\\/elteucava\\\/\",\"https:\\\/\\\/www.instagram.com\\\/artcava_experience\\\/\",\"https:\\\/\\\/www.instagram.com\\\/lamanelabyartcava\\\/\"]}]}<\/script>\n<!-- \/ Yoast SEO plugin. -->","yoast_head_json":{"title":"Talleres para empresas y eventos &#183; Artcava - Masia Can Batlle","description":"Ofrecemos diferentes actividades para descubrirte nuestra regi\u00f3n vin\u00edcola en 4 \u00d7 4, quad, bicicletas el\u00e9ctricas o marcha n\u00f3rdica. Tambi\u00e9n organizamos caza de tesoros en la vi\u00f1a, p\u00edcnics, yoga y conciertos o fiestas en armon\u00eda con la naturaleza, as\u00ed como diferentes actividades ben\u00e9ficas.","robots":{"index":"index","follow":"follow","max-snippet":"max-snippet:-1","max-image-preview":"max-image-preview:large","max-video-preview":"max-video-preview:-1"},"canonical":"https:\/\/artcava.com\/es\/mice\/","og_locale":"es_ES","og_type":"article","og_title":"Talleres para empresas y eventos &#183; Artcava - Masia Can Batlle","og_description":"Ofrecemos diferentes actividades para descubrirte nuestra regi\u00f3n vin\u00edcola en 4 \u00d7 4, quad, bicicletas el\u00e9ctricas o marcha n\u00f3rdica. Tambi\u00e9n organizamos caza de tesoros en la vi\u00f1a, p\u00edcnics, yoga y conciertos o fiestas en armon\u00eda con la naturaleza, as\u00ed como diferentes actividades ben\u00e9ficas.","og_url":"https:\/\/artcava.com\/es\/mice\/","og_site_name":"Artcava - Masia Can Batlle","article_publisher":"https:\/\/www.facebook.com\/elteucava\/","article_modified_time":"2026-04-18T13:54:16+00:00","og_image":[{"width":1600,"height":1200,"url":"https:\/\/artcava.com\/wp-content\/uploads\/2019\/07\/mice-sala-blanca.jpg","type":"image\/jpeg"}],"twitter_card":"summary_large_image","twitter_misc":{"Tiempo de lectura":"1 minuto"},"schema":{"@context":"https:\/\/schema.org","@graph":[{"@type":"WebPage","@id":"https:\/\/artcava.com\/es\/mice\/","url":"https:\/\/artcava.com\/es\/mice\/","name":"Talleres para empresas y eventos &#183; Artcava - Masia Can Batlle","isPartOf":{"@id":"https:\/\/artcava.com\/#website"},"primaryImageOfPage":{"@id":"https:\/\/artcava.com\/es\/mice\/#primaryimage"},"image":{"@id":"https:\/\/artcava.com\/es\/mice\/#primaryimage"},"thumbnailUrl":"https:\/\/artcava.com\/wp-content\/uploads\/2019\/07\/mice-sala-blanca-450x338.jpg","datePublished":"2020-12-04T10:16:31+00:00","dateModified":"2026-04-18T13:54:16+00:00","description":"Ofrecemos diferentes actividades para descubrirte nuestra regi\u00f3n vin\u00edcola en 4 \u00d7 4, quad, bicicletas el\u00e9ctricas o marcha n\u00f3rdica. Tambi\u00e9n organizamos caza de tesoros en la vi\u00f1a, p\u00edcnics, yoga y conciertos o fiestas en armon\u00eda con la naturaleza, as\u00ed como diferentes actividades ben\u00e9ficas.","breadcrumb":{"@id":"https:\/\/artcava.com\/es\/mice\/#breadcrumb"},"inLanguage":"es","potentialAction":[{"@type":"ReadAction","target":["https:\/\/artcava.com\/es\/mice\/"]}]},{"@type":"ImageObject","inLanguage":"es","@id":"https:\/\/artcava.com\/es\/mice\/#primaryimage","url":"https:\/\/artcava.com\/wp-content\/uploads\/2019\/07\/mice-sala-blanca-450x338.jpg","contentUrl":"https:\/\/artcava.com\/wp-content\/uploads\/2019\/07\/mice-sala-blanca-450x338.jpg"},{"@type":"BreadcrumbList","@id":"https:\/\/artcava.com\/es\/mice\/#breadcrumb","itemListElement":[{"@type":"ListItem","position":1,"name":"Inici","item":"https:\/\/artcava.com\/es\/inici-artcava\/"},{"@type":"ListItem","position":2,"name":"Talleres para empresas y eventos"}]},{"@type":"WebSite","@id":"https:\/\/artcava.com\/#website","url":"https:\/\/artcava.com\/","name":"Artcava - Masia Can Batlle","description":"L&#039;experi\u00e8ncia definitiva sobre el cava","publisher":{"@id":"https:\/\/artcava.com\/#organization"},"potentialAction":[{"@type":"SearchAction","target":{"@type":"EntryPoint","urlTemplate":"https:\/\/artcava.com\/?s={search_term_string}"},"query-input":{"@type":"PropertyValueSpecification","valueRequired":true,"valueName":"search_term_string"}}],"inLanguage":"es"},{"@type":"Organization","@id":"https:\/\/artcava.com\/#organization","name":"Artcava - Celler Can Batlle SL","url":"https:\/\/artcava.com\/","logo":{"@type":"ImageObject","inLanguage":"es","@id":"https:\/\/artcava.com\/#\/schema\/logo\/image\/","url":"https:\/\/artcava.com\/wp-content\/uploads\/2020\/07\/logo-cartcava-winery.png","contentUrl":"https:\/\/artcava.com\/wp-content\/uploads\/2020\/07\/logo-cartcava-winery.png","width":811,"height":776,"caption":"Artcava - Celler Can Batlle SL"},"image":{"@id":"https:\/\/artcava.com\/#\/schema\/logo\/image\/"},"sameAs":["https:\/\/www.facebook.com\/elteucava\/","https:\/\/www.instagram.com\/artcava_experience\/","https:\/\/www.instagram.com\/lamanelabyartcava\/"]}]}},"jetpack_sharing_enabled":true,"_links":{"self":[{"href":"https:\/\/artcava.com\/es\/wp-json\/wp\/v2\/pages\/7625","targetHints":{"allow":["GET"]}}],"collection":[{"href":"https:\/\/artcava.com\/es\/wp-json\/wp\/v2\/pages"}],"about":[{"href":"https:\/\/artcava.com\/es\/wp-json\/wp\/v2\/types\/page"}],"author":[{"embeddable":true,"href":"https:\/\/artcava.com\/es\/wp-json\/wp\/v2\/users\/76"}],"replies":[{"embeddable":true,"href":"https:\/\/artcava.com\/es\/wp-json\/wp\/v2\/comments?post=7625"}],"version-history":[{"count":3,"href":"https:\/\/artcava.com\/es\/wp-json\/wp\/v2\/pages\/7625\/revisions"}],"predecessor-version":[{"id":18426,"href":"https:\/\/artcava.com\/es\/wp-json\/wp\/v2\/pages\/7625\/revisions\/18426"}],"wp:attachment":[{"href":"https:\/\/artcava.com\/es\/wp-json\/wp\/v2\/media?parent=7625"}],"curies":[{"name":"wp","href":"https:\/\/api.w.org\/{rel}","templated":true}]}}