{"id":7618,"date":"2020-12-04T11:13:48","date_gmt":"2020-12-04T10:13:48","guid":{"rendered":"https:\/\/artcava.com\/tast-and-go-2\/"},"modified":"2026-04-14T04:20:29","modified_gmt":"2026-04-14T02:20:29","slug":"tast-and-go","status":"publish","type":"page","link":"https:\/\/artcava.com\/es\/tast-and-go\/","title":{"rendered":"Taste and go"},"content":{"rendered":"\t\t<div data-elementor-type=\"wp-page\" data-elementor-id=\"7618\" class=\"elementor elementor-7618\" data-elementor-post-type=\"page\">\n\t\t\t\t\t\t<section data-particle_enable=\"false\" data-particle-mobile-disabled=\"false\" class=\"elementor-section elementor-top-section elementor-element elementor-element-30f9f77 elementor-section-boxed elementor-section-height-default elementor-section-height-default\" data-id=\"30f9f77\" data-element_type=\"section\" data-e-type=\"section\">\n\t\t\t\t\t\t<div class=\"elementor-container elementor-column-gap-default\">\n\t\t\t\t\t<div class=\"elementor-column elementor-col-100 elementor-top-column elementor-element elementor-element-07ffa4f\" data-id=\"07ffa4f\" data-element_type=\"column\" data-e-type=\"column\">\n\t\t\t<div class=\"elementor-widget-wrap elementor-element-populated\">\n\t\t\t\t\t\t<div class=\"elementor-element elementor-element-4e2c8af elementor-arrows-position-inside elementor-pagination-position-outside elementor-widget elementor-widget-image-carousel\" data-id=\"4e2c8af\" data-element_type=\"widget\" data-e-type=\"widget\" data-settings=\"{&quot;navigation&quot;:&quot;both&quot;,&quot;autoplay&quot;:&quot;yes&quot;,&quot;pause_on_hover&quot;:&quot;yes&quot;,&quot;pause_on_interaction&quot;:&quot;yes&quot;,&quot;autoplay_speed&quot;:5000,&quot;infinite&quot;:&quot;yes&quot;,&quot;speed&quot;:500}\" data-widget_type=\"image-carousel.default\">\n\t\t\t\t\t\t\t<div class=\"elementor-image-carousel-wrapper swiper\" role=\"region\" aria-roledescription=\"carousel\" aria-label=\"Carrusel de im\u00e1genes\" dir=\"ltr\">\n\t\t\t<div class=\"elementor-image-carousel swiper-wrapper\" aria-live=\"off\">\n\t\t\t\t\t\t\t\t<div class=\"swiper-slide\" role=\"group\" aria-roledescription=\"slide\" aria-label=\"1 de 3\"><figure class=\"swiper-slide-inner\"><img decoding=\"async\" class=\"swiper-slide-image lazyload\" data-src=\"https:\/\/artcava.com\/wp-content\/uploads\/2020\/10\/DSC_4227-450x300.jpg\" alt=\"DSC_4227\" src=\"data:image\/svg+xml;base64,PHN2ZyB3aWR0aD0iMSIgaGVpZ2h0PSIxIiB4bWxucz0iaHR0cDovL3d3dy53My5vcmcvMjAwMC9zdmciPjwvc3ZnPg==\" style=\"--smush-placeholder-width: 450px; --smush-placeholder-aspect-ratio: 450\/300;\" \/><\/figure><\/div><div class=\"swiper-slide\" role=\"group\" aria-roledescription=\"slide\" aria-label=\"2 de 3\"><figure class=\"swiper-slide-inner\"><img decoding=\"async\" class=\"swiper-slide-image lazyload\" data-src=\"https:\/\/artcava.com\/wp-content\/uploads\/2020\/10\/DSC_4236-450x300.jpg\" alt=\"DSC_4236\" src=\"data:image\/svg+xml;base64,PHN2ZyB3aWR0aD0iMSIgaGVpZ2h0PSIxIiB4bWxucz0iaHR0cDovL3d3dy53My5vcmcvMjAwMC9zdmciPjwvc3ZnPg==\" style=\"--smush-placeholder-width: 450px; --smush-placeholder-aspect-ratio: 450\/300;\" \/><\/figure><\/div><div class=\"swiper-slide\" role=\"group\" aria-roledescription=\"slide\" aria-label=\"3 de 3\"><figure class=\"swiper-slide-inner\"><img decoding=\"async\" class=\"swiper-slide-image lazyload\" data-src=\"https:\/\/artcava.com\/wp-content\/uploads\/2020\/10\/DSC_4214-450x300.jpg\" alt=\"DSC_4214\" src=\"data:image\/svg+xml;base64,PHN2ZyB3aWR0aD0iMSIgaGVpZ2h0PSIxIiB4bWxucz0iaHR0cDovL3d3dy53My5vcmcvMjAwMC9zdmciPjwvc3ZnPg==\" style=\"--smush-placeholder-width: 450px; --smush-placeholder-aspect-ratio: 450\/300;\" \/><\/figure><\/div>\t\t\t<\/div>\n\t\t\t\t\t\t\t\t\t\t\t\t<div class=\"elementor-swiper-button elementor-swiper-button-prev\" role=\"button\" tabindex=\"0\">\n\t\t\t\t\t\t<i aria-hidden=\"true\" class=\"eicon-chevron-left\"><\/i>\t\t\t\t\t<\/div>\n\t\t\t\t\t<div class=\"elementor-swiper-button elementor-swiper-button-next\" role=\"button\" tabindex=\"0\">\n\t\t\t\t\t\t<i aria-hidden=\"true\" class=\"eicon-chevron-right\"><\/i>\t\t\t\t\t<\/div>\n\t\t\t\t\n\t\t\t\t\t\t\t\t\t<div class=\"swiper-pagination\"><\/div>\n\t\t\t\t\t\t\t\t\t<\/div>\n\t\t\t\t\t\t<\/div>\n\t\t\t\t\t<\/div>\n\t\t<\/div>\n\t\t\t\t\t<\/div>\n\t\t<\/section>\n\t\t\t\t<section data-particle_enable=\"false\" data-particle-mobile-disabled=\"false\" class=\"elementor-section elementor-top-section elementor-element elementor-element-da872c9 elementor-section-stretched elementor-section-boxed elementor-section-height-default elementor-section-height-default\" data-id=\"da872c9\" data-element_type=\"section\" data-e-type=\"section\" data-settings=\"{&quot;stretch_section&quot;:&quot;section-stretched&quot;}\">\n\t\t\t\t\t\t<div class=\"elementor-container elementor-column-gap-wider\">\n\t\t\t\t\t<div class=\"elementor-column elementor-col-50 elementor-top-column elementor-element elementor-element-99c109c\" data-id=\"99c109c\" data-element_type=\"column\" data-e-type=\"column\">\n\t\t\t<div class=\"elementor-widget-wrap elementor-element-populated\">\n\t\t\t\t\t\t<div class=\"elementor-element elementor-element-190d62e elementor-widget elementor-widget-heading\" data-id=\"190d62e\" data-element_type=\"widget\" data-e-type=\"widget\" data-widget_type=\"heading.default\">\n\t\t\t\t\t<h1 class=\"elementor-heading-title elementor-size-default\">Taste&amp;Go<\/h1>\t\t\t\t<\/div>\n\t\t\t\t<div class=\"elementor-element elementor-element-9cd5b65 elementor-widget elementor-widget-text-editor\" data-id=\"9cd5b65\" data-element_type=\"widget\" data-e-type=\"widget\" data-widget_type=\"text-editor.default\">\n\t\t\t\t\t\t\t\t\t<p>Ven a disfrutar a ArtCava mientras vives una experiencia revolucionaria y singular: una cata de nuestros mejores cavas pensada para quienes ya conocen el proceso de elaboraci\u00f3n y quieren ir directo al grano.<\/p>\n<p><strong>Precio<\/strong>: 24\u20ac\/persona.<br><strong>Duraci\u00f3n<\/strong>: &nbsp;2 horas.<br><strong>Disponibilidad<\/strong>: &nbsp;Todo el a\u00f1o.<br><strong>Horario<\/strong>: 17:30 a 19:30 horas.<\/p>\n<p>Para cualquier duda, puedes contactarnos a trav\u00e9s del correo electr\u00f3nico <strong style=\"font-family: var( --e-global-typography-text-font-family ); font-weight: var( --e-global-typography-text-font-weight ); background-color: rgb(255, 255, 255);\"><a style=\"font-family: var( --e-global-typography-text-font-family ); font-weight: var( --e-global-typography-text-font-weight ); background-color: #ffffff;\" href=\"mailto:reserves@artcava.com\">reserves@artcava.com<\/a>.<\/strong><\/p>\t\t\t\t\t\t\t\t<\/div>\n\t\t\t\t<div class=\"elementor-element elementor-element-a4c054a elementor-widget elementor-widget-spacer\" data-id=\"a4c054a\" data-element_type=\"widget\" data-e-type=\"widget\" data-widget_type=\"spacer.default\">\n\t\t\t\t\t\t\t<div class=\"elementor-spacer\">\n\t\t\t<div class=\"elementor-spacer-inner\"><\/div>\n\t\t<\/div>\n\t\t\t\t\t\t<\/div>\n\t\t\t\t<div class=\"elementor-element elementor-element-9bedcb7 elementor-widget elementor-widget-shortcode\" data-id=\"9bedcb7\" data-element_type=\"widget\" data-e-type=\"widget\" data-widget_type=\"shortcode.default\">\n\t\t\t\t\t\t\t<div class=\"elementor-shortcode\"><script type=\"text\/javascript\" src=\"https:\/\/widgets.bokun.io\/assets\/javascripts\/apps\/build\/BokunWidgetsLoader.js?bookingChannelUUID=607c1f94-4868-43af-9b9e-e7146434cf46\" async=\"\"><\/script>\n     \n    <div class=\"bokunWidget\" data-src=\"https:\/\/widgets.bokun.io\/online-sales\/607c1f94-4868-43af-9b9e-e7146434cf46\/experience-calendar\/444922\"><\/div>\n    <noscript>Please enable javascript in your browser to book<\/noscript>\n<\/div>\n\t\t\t\t\t\t<\/div>\n\t\t\t\t<div class=\"elementor-element elementor-element-0e37ea7 elementor-widget elementor-widget-image\" data-id=\"0e37ea7\" data-element_type=\"widget\" data-e-type=\"widget\" data-widget_type=\"image.default\">\n\t\t\t\t\t\t\t\t\t\t\t\t\t\t\t<img decoding=\"async\" width=\"300\" height=\"156\" data-src=\"https:\/\/artcava.com\/wp-content\/uploads\/2018\/05\/payment-stripe_2-1.png\" class=\"attachment-large size-large wp-image-3547 lazyload\" alt=\"\" src=\"data:image\/svg+xml;base64,PHN2ZyB3aWR0aD0iMSIgaGVpZ2h0PSIxIiB4bWxucz0iaHR0cDovL3d3dy53My5vcmcvMjAwMC9zdmciPjwvc3ZnPg==\" style=\"--smush-placeholder-width: 300px; --smush-placeholder-aspect-ratio: 300\/156;\" \/>\t\t\t\t\t\t\t\t\t\t\t\t\t\t\t<\/div>\n\t\t\t\t\t<\/div>\n\t\t<\/div>\n\t\t\t\t<div class=\"elementor-column elementor-col-50 elementor-top-column elementor-element elementor-element-a115ae3\" data-id=\"a115ae3\" data-element_type=\"column\" data-e-type=\"column\">\n\t\t\t<div class=\"elementor-widget-wrap elementor-element-populated\">\n\t\t\t\t\t\t<div class=\"elementor-element elementor-element-2b3f63a elementor-widget elementor-widget-heading\" data-id=\"2b3f63a\" data-element_type=\"widget\" data-e-type=\"widget\" data-widget_type=\"heading.default\">\n\t\t\t\t\t<h1 class=\"elementor-heading-title elementor-size-default\">Taste&amp;Go Beer<\/h1>\t\t\t\t<\/div>\n\t\t\t\t<div class=\"elementor-element elementor-element-f195e99 elementor-widget elementor-widget-text-editor\" data-id=\"f195e99\" data-element_type=\"widget\" data-e-type=\"widget\" data-widget_type=\"text-editor.default\">\n\t\t\t\t\t\t\t\t\t<p>Participa en nuestra cata m\u00e1s revolucionaria y singular. De la uni\u00f3n de ArtCava y <a href=\"https:\/\/torrentbeer.cat\/blog\/\" target=\"_blank\" rel=\"noopener\">Cerveses Torrent<\/a> nace el Taste&amp;Go Beer.<br>Descubre nuestros productos artesanos y m\u00e1s premium en el interior de nuestra bodega, junto a la sala de elaboraci\u00f3n. Con una ambientaci\u00f3n acorde a la ocasi\u00f3n, te invitamos a disfrutar durante dos horas de esta actividad los s\u00e1bados por la tarde, consistente en la degustaci\u00f3n variada de tres cavas Palag\u00f3 y tres cervezas artesanas Torrent, todo ello acompa\u00f1ado y dirigido por el en\u00f3logo de ArtCava y el creador de las cervezas Torrent.   <\/p><p>Si eres amante del cava o de la cerveza, esta actividad es para ti.<\/p><p><strong>Precio<\/strong>: 30\u20ac\/persona.<br><strong>Duraci\u00f3n<\/strong>: 2 horas.<br><strong>Disponibilidad<\/strong>: Un s\u00e1bado al mes.<br><strong>Horario<\/strong>: 17:30 a 19:30 horas.<\/p><p>Si te surge alguna duda , puedes contactar con nosotros a trav\u00e9s del correo electr\u00f3nico <a style=\"font-family: var( --e-global-typography-text-font-family ); font-weight: var( --e-global-typography-text-font-weight ); background-color: #ffffff;\" href=\"mailto:reserves@artcava.com\"><strong>reserves@artcava.com<\/strong><\/a>.<\/p>\t\t\t\t\t\t\t\t<\/div>\n\t\t\t\t<div class=\"elementor-element elementor-element-3dd8ec7 elementor-widget elementor-widget-shortcode\" data-id=\"3dd8ec7\" data-element_type=\"widget\" data-e-type=\"widget\" data-widget_type=\"shortcode.default\">\n\t\t\t\t\t\t\t<div class=\"elementor-shortcode\"><script type=\"text\/javascript\" src=\"https:\/\/widgets.bokun.io\/assets\/javascripts\/apps\/build\/BokunWidgetsLoader.js?bookingChannelUUID=607c1f94-4868-43af-9b9e-e7146434cf46\" async=\"\"><\/script>\n     \n    <div class=\"bokunWidget\" data-src=\"https:\/\/widgets.bokun.io\/online-sales\/607c1f94-4868-43af-9b9e-e7146434cf46\/experience-calendar\/446129\"><\/div>\n    <noscript>Please enable javascript in your browser to book<\/noscript>\n<\/div>\n\t\t\t\t\t\t<\/div>\n\t\t\t\t<div class=\"elementor-element elementor-element-107a591 elementor-widget elementor-widget-image\" data-id=\"107a591\" data-element_type=\"widget\" data-e-type=\"widget\" data-widget_type=\"image.default\">\n\t\t\t\t\t\t\t\t\t\t\t\t\t\t\t<img decoding=\"async\" width=\"300\" height=\"156\" data-src=\"https:\/\/artcava.com\/wp-content\/uploads\/2018\/05\/payment-stripe_2-1.png\" class=\"attachment-large size-large wp-image-3547 lazyload\" alt=\"\" src=\"data:image\/svg+xml;base64,PHN2ZyB3aWR0aD0iMSIgaGVpZ2h0PSIxIiB4bWxucz0iaHR0cDovL3d3dy53My5vcmcvMjAwMC9zdmciPjwvc3ZnPg==\" style=\"--smush-placeholder-width: 300px; --smush-placeholder-aspect-ratio: 300\/156;\" \/>\t\t\t\t\t\t\t\t\t\t\t\t\t\t\t<\/div>\n\t\t\t\t\t<\/div>\n\t\t<\/div>\n\t\t\t\t\t<\/div>\n\t\t<\/section>\n\t\t\t\t<\/div>\n\t\t","protected":false},"excerpt":{"rendered":"<p>Taste&amp;Go Ven a disfrutar a ArtCava mientras vives una experiencia revolucionaria y singular: una cata de nuestros mejores cavas pensada para quienes ya conocen el proceso de elaboraci\u00f3n y quieren ir directo al grano. Precio: 24\u20ac\/persona.Duraci\u00f3n: &nbsp;2 horas.Disponibilidad: &nbsp;Todo el a\u00f1o.Horario: 17:30 a 19:30 horas. Para cualquier duda, puedes contactarnos a trav\u00e9s del correo electr\u00f3nico [&hellip;]<\/p>\n","protected":false},"author":76,"featured_media":0,"parent":0,"menu_order":0,"comment_status":"closed","ping_status":"closed","template":"","meta":{"footnotes":""},"class_list":["post-7618","page","type-page","status-publish","hentry"],"yoast_head":"<!-- This site is optimized with the Yoast SEO plugin v27.4 - https:\/\/yoast.com\/product\/yoast-seo-wordpress\/ -->\n<title>Taste and go &#183; Artcava - Masia Can Batlle<\/title>\n<meta name=\"description\" content=\"Ven a divertirte a ArtCava mientras disfrutas de una experiencia revolucionaria y singular, una cata de nuestros mejores cavas ideada para aquellos que ya conocen la elaboraci\u00f3n del producto y quieren ir directos al grano.\" \/>\n<meta name=\"robots\" content=\"noindex, nofollow\" \/>\n<meta property=\"og:locale\" content=\"es_ES\" \/>\n<meta property=\"og:type\" content=\"article\" \/>\n<meta property=\"og:title\" content=\"Taste and go &#183; Artcava - Masia Can Batlle\" \/>\n<meta property=\"og:description\" content=\"Ven a divertirte a ArtCava mientras disfrutas de una experiencia revolucionaria y singular, una cata de nuestros mejores cavas ideada para aquellos que ya conocen la elaboraci\u00f3n del producto y quieren ir directos al grano.\" \/>\n<meta property=\"og:url\" content=\"https:\/\/artcava.com\/es\/tast-and-go\/\" \/>\n<meta property=\"og:site_name\" content=\"Artcava - Masia Can Batlle\" \/>\n<meta property=\"article:publisher\" content=\"https:\/\/www.facebook.com\/elteucava\/\" \/>\n<meta property=\"article:modified_time\" content=\"2026-04-14T02:20:29+00:00\" \/>\n<meta property=\"og:image\" content=\"https:\/\/artcava.com\/wp-content\/uploads\/2020\/10\/DSC_4227-450x300.jpg\" \/>\n<meta name=\"twitter:card\" content=\"summary_large_image\" \/>\n<meta name=\"twitter:label1\" content=\"Tiempo de lectura\" \/>\n\t<meta name=\"twitter:data1\" content=\"1 minuto\" \/>\n<script type=\"application\/ld+json\" class=\"yoast-schema-graph\">{\"@context\":\"https:\\\/\\\/schema.org\",\"@graph\":[{\"@type\":\"WebPage\",\"@id\":\"https:\\\/\\\/artcava.com\\\/es\\\/tast-and-go\\\/\",\"url\":\"https:\\\/\\\/artcava.com\\\/es\\\/tast-and-go\\\/\",\"name\":\"Taste and go &#183; Artcava - Masia Can Batlle\",\"isPartOf\":{\"@id\":\"https:\\\/\\\/artcava.com\\\/#website\"},\"primaryImageOfPage\":{\"@id\":\"https:\\\/\\\/artcava.com\\\/es\\\/tast-and-go\\\/#primaryimage\"},\"image\":{\"@id\":\"https:\\\/\\\/artcava.com\\\/es\\\/tast-and-go\\\/#primaryimage\"},\"thumbnailUrl\":\"https:\\\/\\\/artcava.com\\\/wp-content\\\/uploads\\\/2020\\\/10\\\/DSC_4227-450x300.jpg\",\"datePublished\":\"2020-12-04T10:13:48+00:00\",\"dateModified\":\"2026-04-14T02:20:29+00:00\",\"description\":\"Ven a divertirte a ArtCava mientras disfrutas de una experiencia revolucionaria y singular, una cata de nuestros mejores cavas ideada para aquellos que ya conocen la elaboraci\u00f3n del producto y quieren ir directos al grano.\",\"breadcrumb\":{\"@id\":\"https:\\\/\\\/artcava.com\\\/es\\\/tast-and-go\\\/#breadcrumb\"},\"inLanguage\":\"es\",\"potentialAction\":[{\"@type\":\"ReadAction\",\"target\":[\"https:\\\/\\\/artcava.com\\\/es\\\/tast-and-go\\\/\"]}]},{\"@type\":\"ImageObject\",\"inLanguage\":\"es\",\"@id\":\"https:\\\/\\\/artcava.com\\\/es\\\/tast-and-go\\\/#primaryimage\",\"url\":\"https:\\\/\\\/artcava.com\\\/wp-content\\\/uploads\\\/2020\\\/10\\\/DSC_4227-450x300.jpg\",\"contentUrl\":\"https:\\\/\\\/artcava.com\\\/wp-content\\\/uploads\\\/2020\\\/10\\\/DSC_4227-450x300.jpg\"},{\"@type\":\"BreadcrumbList\",\"@id\":\"https:\\\/\\\/artcava.com\\\/es\\\/tast-and-go\\\/#breadcrumb\",\"itemListElement\":[{\"@type\":\"ListItem\",\"position\":1,\"name\":\"Inici\",\"item\":\"https:\\\/\\\/artcava.com\\\/es\\\/\"},{\"@type\":\"ListItem\",\"position\":2,\"name\":\"Taste and go\"}]},{\"@type\":\"WebSite\",\"@id\":\"https:\\\/\\\/artcava.com\\\/#website\",\"url\":\"https:\\\/\\\/artcava.com\\\/\",\"name\":\"Artcava - Masia Can Batlle\",\"description\":\"L&#039;experi\u00e8ncia definitiva sobre el cava\",\"publisher\":{\"@id\":\"https:\\\/\\\/artcava.com\\\/#organization\"},\"potentialAction\":[{\"@type\":\"SearchAction\",\"target\":{\"@type\":\"EntryPoint\",\"urlTemplate\":\"https:\\\/\\\/artcava.com\\\/?s={search_term_string}\"},\"query-input\":{\"@type\":\"PropertyValueSpecification\",\"valueRequired\":true,\"valueName\":\"search_term_string\"}}],\"inLanguage\":\"es\"},{\"@type\":\"Organization\",\"@id\":\"https:\\\/\\\/artcava.com\\\/#organization\",\"name\":\"Artcava - Celler Can Batlle SL\",\"url\":\"https:\\\/\\\/artcava.com\\\/\",\"logo\":{\"@type\":\"ImageObject\",\"inLanguage\":\"es\",\"@id\":\"https:\\\/\\\/artcava.com\\\/#\\\/schema\\\/logo\\\/image\\\/\",\"url\":\"https:\\\/\\\/artcava.com\\\/wp-content\\\/uploads\\\/2020\\\/07\\\/logo-cartcava-winery.png\",\"contentUrl\":\"https:\\\/\\\/artcava.com\\\/wp-content\\\/uploads\\\/2020\\\/07\\\/logo-cartcava-winery.png\",\"width\":811,\"height\":776,\"caption\":\"Artcava - Celler Can Batlle SL\"},\"image\":{\"@id\":\"https:\\\/\\\/artcava.com\\\/#\\\/schema\\\/logo\\\/image\\\/\"},\"sameAs\":[\"https:\\\/\\\/www.facebook.com\\\/elteucava\\\/\",\"https:\\\/\\\/www.instagram.com\\\/artcava_experience\\\/\",\"https:\\\/\\\/www.instagram.com\\\/lamanelabyartcava\\\/\"]}]}<\/script>\n<!-- \/ Yoast SEO plugin. -->","yoast_head_json":{"title":"Taste and go &#183; Artcava - Masia Can Batlle","description":"Ven a divertirte a ArtCava mientras disfrutas de una experiencia revolucionaria y singular, una cata de nuestros mejores cavas ideada para aquellos que ya conocen la elaboraci\u00f3n del producto y quieren ir directos al grano.","robots":{"index":"noindex","follow":"nofollow"},"og_locale":"es_ES","og_type":"article","og_title":"Taste and go &#183; Artcava - Masia Can Batlle","og_description":"Ven a divertirte a ArtCava mientras disfrutas de una experiencia revolucionaria y singular, una cata de nuestros mejores cavas ideada para aquellos que ya conocen la elaboraci\u00f3n del producto y quieren ir directos al grano.","og_url":"https:\/\/artcava.com\/es\/tast-and-go\/","og_site_name":"Artcava - Masia Can Batlle","article_publisher":"https:\/\/www.facebook.com\/elteucava\/","article_modified_time":"2026-04-14T02:20:29+00:00","og_image":[{"url":"https:\/\/artcava.com\/wp-content\/uploads\/2020\/10\/DSC_4227-450x300.jpg","type":"","width":"","height":""}],"twitter_card":"summary_large_image","twitter_misc":{"Tiempo de lectura":"1 minuto"},"schema":{"@context":"https:\/\/schema.org","@graph":[{"@type":"WebPage","@id":"https:\/\/artcava.com\/es\/tast-and-go\/","url":"https:\/\/artcava.com\/es\/tast-and-go\/","name":"Taste and go &#183; Artcava - Masia Can Batlle","isPartOf":{"@id":"https:\/\/artcava.com\/#website"},"primaryImageOfPage":{"@id":"https:\/\/artcava.com\/es\/tast-and-go\/#primaryimage"},"image":{"@id":"https:\/\/artcava.com\/es\/tast-and-go\/#primaryimage"},"thumbnailUrl":"https:\/\/artcava.com\/wp-content\/uploads\/2020\/10\/DSC_4227-450x300.jpg","datePublished":"2020-12-04T10:13:48+00:00","dateModified":"2026-04-14T02:20:29+00:00","description":"Ven a divertirte a ArtCava mientras disfrutas de una experiencia revolucionaria y singular, una cata de nuestros mejores cavas ideada para aquellos que ya conocen la elaboraci\u00f3n del producto y quieren ir directos al grano.","breadcrumb":{"@id":"https:\/\/artcava.com\/es\/tast-and-go\/#breadcrumb"},"inLanguage":"es","potentialAction":[{"@type":"ReadAction","target":["https:\/\/artcava.com\/es\/tast-and-go\/"]}]},{"@type":"ImageObject","inLanguage":"es","@id":"https:\/\/artcava.com\/es\/tast-and-go\/#primaryimage","url":"https:\/\/artcava.com\/wp-content\/uploads\/2020\/10\/DSC_4227-450x300.jpg","contentUrl":"https:\/\/artcava.com\/wp-content\/uploads\/2020\/10\/DSC_4227-450x300.jpg"},{"@type":"BreadcrumbList","@id":"https:\/\/artcava.com\/es\/tast-and-go\/#breadcrumb","itemListElement":[{"@type":"ListItem","position":1,"name":"Inici","item":"https:\/\/artcava.com\/es\/"},{"@type":"ListItem","position":2,"name":"Taste and go"}]},{"@type":"WebSite","@id":"https:\/\/artcava.com\/#website","url":"https:\/\/artcava.com\/","name":"Artcava - Masia Can Batlle","description":"L&#039;experi\u00e8ncia definitiva sobre el cava","publisher":{"@id":"https:\/\/artcava.com\/#organization"},"potentialAction":[{"@type":"SearchAction","target":{"@type":"EntryPoint","urlTemplate":"https:\/\/artcava.com\/?s={search_term_string}"},"query-input":{"@type":"PropertyValueSpecification","valueRequired":true,"valueName":"search_term_string"}}],"inLanguage":"es"},{"@type":"Organization","@id":"https:\/\/artcava.com\/#organization","name":"Artcava - Celler Can Batlle SL","url":"https:\/\/artcava.com\/","logo":{"@type":"ImageObject","inLanguage":"es","@id":"https:\/\/artcava.com\/#\/schema\/logo\/image\/","url":"https:\/\/artcava.com\/wp-content\/uploads\/2020\/07\/logo-cartcava-winery.png","contentUrl":"https:\/\/artcava.com\/wp-content\/uploads\/2020\/07\/logo-cartcava-winery.png","width":811,"height":776,"caption":"Artcava - Celler Can Batlle SL"},"image":{"@id":"https:\/\/artcava.com\/#\/schema\/logo\/image\/"},"sameAs":["https:\/\/www.facebook.com\/elteucava\/","https:\/\/www.instagram.com\/artcava_experience\/","https:\/\/www.instagram.com\/lamanelabyartcava\/"]}]}},"jetpack_sharing_enabled":true,"_links":{"self":[{"href":"https:\/\/artcava.com\/es\/wp-json\/wp\/v2\/pages\/7618","targetHints":{"allow":["GET"]}}],"collection":[{"href":"https:\/\/artcava.com\/es\/wp-json\/wp\/v2\/pages"}],"about":[{"href":"https:\/\/artcava.com\/es\/wp-json\/wp\/v2\/types\/page"}],"author":[{"embeddable":true,"href":"https:\/\/artcava.com\/es\/wp-json\/wp\/v2\/users\/76"}],"replies":[{"embeddable":true,"href":"https:\/\/artcava.com\/es\/wp-json\/wp\/v2\/comments?post=7618"}],"version-history":[{"count":3,"href":"https:\/\/artcava.com\/es\/wp-json\/wp\/v2\/pages\/7618\/revisions"}],"predecessor-version":[{"id":18359,"href":"https:\/\/artcava.com\/es\/wp-json\/wp\/v2\/pages\/7618\/revisions\/18359"}],"wp:attachment":[{"href":"https:\/\/artcava.com\/es\/wp-json\/wp\/v2\/media?parent=7618"}],"curies":[{"name":"wp","href":"https:\/\/api.w.org\/{rel}","templated":true}]}}