{"id":7612,"date":"2020-12-04T11:09:24","date_gmt":"2020-12-04T10:09:24","guid":{"rendered":"https:\/\/artcava.com\/visita-de-dia-entero-por-la-bodega-de-artcava\/"},"modified":"2024-08-17T14:28:09","modified_gmt":"2024-08-17T12:28:09","slug":"visita-de-dia-entero-por-la-bodega-de-artcava","status":"publish","type":"page","link":"https:\/\/artcava.com\/es\/visita-de-dia-entero-por-la-bodega-de-artcava\/","title":{"rendered":"Visita de d\u00eda entero por la bodega de ArtCava"},"content":{"rendered":"\t\t<div data-elementor-type=\"wp-page\" data-elementor-id=\"7612\" class=\"elementor elementor-7612 elementor-4716\" data-elementor-post-type=\"page\">\n\t\t\t\t\t\t<section data-particle_enable=\"false\" data-particle-mobile-disabled=\"false\" class=\"elementor-section elementor-top-section elementor-element elementor-element-3cff0ecb elementor-section-boxed elementor-section-height-default elementor-section-height-default\" data-id=\"3cff0ecb\" data-element_type=\"section\" data-e-type=\"section\">\n\t\t\t\t\t\t<div class=\"elementor-container elementor-column-gap-default\">\n\t\t\t\t\t<div class=\"elementor-column elementor-col-100 elementor-top-column elementor-element elementor-element-138ab0dc\" data-id=\"138ab0dc\" data-element_type=\"column\" data-e-type=\"column\">\n\t\t\t<div class=\"elementor-widget-wrap elementor-element-populated\">\n\t\t\t\t\t\t<div class=\"elementor-element elementor-element-b6d90d6 elementor-widget elementor-widget-heading\" data-id=\"b6d90d6\" data-element_type=\"widget\" data-e-type=\"widget\" data-widget_type=\"heading.default\">\n\t\t\t\t\t<h2 class=\"elementor-heading-title elementor-size-default\">Visita de d\u00eda entero por la bodega de ArtCava<\/h2>\t\t\t\t<\/div>\n\t\t\t\t<div class=\"elementor-element elementor-element-547e217 elementor-widget elementor-widget-spacer\" data-id=\"547e217\" data-element_type=\"widget\" data-e-type=\"widget\" data-widget_type=\"spacer.default\">\n\t\t\t\t\t\t\t<div class=\"elementor-spacer\">\n\t\t\t<div class=\"elementor-spacer-inner\"><\/div>\n\t\t<\/div>\n\t\t\t\t\t\t<\/div>\n\t\t\t\t<div class=\"elementor-element elementor-element-d26fa3a elementor-widget elementor-widget-text-editor\" data-id=\"d26fa3a\" data-element_type=\"widget\" data-e-type=\"widget\" data-widget_type=\"text-editor.default\">\n\t\t\t\t\t\t\t\t\t<p>Si deseas pasar todo un d\u00eda rodeado de vi\u00f1edos y experiencias relacionadas con el mundo del cava, esta es la mejor opci\u00f3n para ti. Empezar\u00e1s el d\u00eda con un desayuno t\u00edpico de pay\u00e9s. Seguidamente, disfrutar\u00e1s de la visita guiada a nuestra bodega, que incluye una degustaci\u00f3n de nuestros mejores cavas. Para hacer la experiencia a\u00fan m\u00e1s aut\u00e9ntica, deg\u00fcellar\u00e1s con tus propias manos una botella de uno de nuestros cavas, el que m\u00e1s te haya gustado durante la cata, y te la podr\u00e1s llevar a casa.<\/p>\n<p>Mientras llega la hora de comer, podr\u00e1s disfrutar de una copa de cava o de vermut en&nbsp;<a href=\"https:\/\/sites.google.com\/view\/manela-cooptruck\" target=\"_blank\">La Manela<\/a>, nuestro Wine-Bar ubicado en el exterior de la bodega. Finalmente, nuestro chef os preparar\u00e1 un men\u00fa t\u00edpico mediterr\u00e1neo que, como no puede ser de otra manera, ir\u00e1 acompa\u00f1ado de cava.<\/p>\n<p>Pasar\u00e1s todo el d\u00eda en las manos de nuestro equipo y te sentir\u00e1s parte de la familia.<\/p>\n<p><em>* El men\u00fa se puede adaptar a cualquier tipo de requisito especial (para ni\u00f1os, vegetarianos, sin gluten, etc).<\/em><\/p>\n<p><strong>Incluye<\/strong>: Desayuno de pay\u00e9s + visita a la bodega de Artcava + cata de 3 cavas Palag\u00f3 +<a href=\"https:\/\/artcava.com\/es\/taller-crea-tu-cava\/\" target=\"_blank\" rel=\"noopener\">taller \u00abCrea tu propio cava\u00bb<\/a> + comida&nbsp;<br><strong>Precio<\/strong>: 113 \u20ac \/ persona (de 2 a 20 personas)<br><strong>Disponibilidad<\/strong>: Todo el a\u00f1o.<br><strong>Horario de inicio<\/strong>: 9:00 horas.<\/p>\n<p>Si tienes alguna duda, puedes contactar con nosotros a trav\u00e9s del correo electr\u00f3nico&nbsp;<strong style=\"font-family: var( --e-global-typography-text-font-family ); font-weight: var( --e-global-typography-text-font-weight ); background-color: #ffffff;\"><a style=\"font-family: var( --e-global-typography-text-font-family ); font-weight: var( --e-global-typography-text-font-weight ); background-color: #ffffff;\" href=\"mailto:reserves@artcava.com\">reserves@artcava.com<\/a><\/strong><\/p>\t\t\t\t\t\t\t\t<\/div>\n\t\t\t\t\t<\/div>\n\t\t<\/div>\n\t\t\t\t\t<\/div>\n\t\t<\/section>\n\t\t\t\t<section data-particle_enable=\"false\" data-particle-mobile-disabled=\"false\" class=\"elementor-section elementor-top-section elementor-element elementor-element-5b9a55d elementor-section-boxed elementor-section-height-default elementor-section-height-default\" data-id=\"5b9a55d\" data-element_type=\"section\" data-e-type=\"section\">\n\t\t\t\t\t\t<div class=\"elementor-container elementor-column-gap-default\">\n\t\t\t\t\t<div class=\"elementor-column elementor-col-100 elementor-top-column elementor-element elementor-element-08065b9\" data-id=\"08065b9\" data-element_type=\"column\" data-e-type=\"column\">\n\t\t\t<div class=\"elementor-widget-wrap elementor-element-populated\">\n\t\t\t\t\t\t<div class=\"elementor-element elementor-element-197fa09 elementor-widget elementor-widget-spacer\" data-id=\"197fa09\" data-element_type=\"widget\" data-e-type=\"widget\" data-widget_type=\"spacer.default\">\n\t\t\t\t\t\t\t<div class=\"elementor-spacer\">\n\t\t\t<div class=\"elementor-spacer-inner\"><\/div>\n\t\t<\/div>\n\t\t\t\t\t\t<\/div>\n\t\t\t\t<div class=\"elementor-element elementor-element-9dd5251 elementor-align-center elementor-widget elementor-widget-button\" data-id=\"9dd5251\" data-element_type=\"widget\" data-e-type=\"widget\" data-widget_type=\"button.default\">\n\t\t\t\t\t\t\t\t\t\t<a class=\"elementor-button elementor-button-link elementor-size-sm\" href=\"https:\/\/artcava.com\/es\/contacto\/\">\n\t\t\t\t\t\t<span class=\"elementor-button-content-wrapper\">\n\t\t\t\t\t\t\t\t\t<span class=\"elementor-button-text\">Reserva ahora tu visita<\/span>\n\t\t\t\t\t<\/span>\n\t\t\t\t\t<\/a>\n\t\t\t\t\t\t\t\t<\/div>\n\t\t\t\t\t<\/div>\n\t\t<\/div>\n\t\t\t\t\t<\/div>\n\t\t<\/section>\n\t\t\t\t<\/div>\n\t\t","protected":false},"excerpt":{"rendered":"<p>Visita de d\u00eda entero por la bodega de ArtCava Si deseas pasar todo un d\u00eda rodeado de vi\u00f1edos y experiencias relacionadas con el mundo del cava, esta es la mejor opci\u00f3n para ti. Empezar\u00e1s el d\u00eda con un desayuno t\u00edpico de pay\u00e9s. Seguidamente, disfrutar\u00e1s de la visita guiada a nuestra bodega, que incluye una degustaci\u00f3n [&hellip;]<\/p>\n","protected":false},"author":2,"featured_media":0,"parent":0,"menu_order":0,"comment_status":"closed","ping_status":"closed","template":"","meta":{"footnotes":""},"class_list":["post-7612","page","type-page","status-publish","hentry"],"yoast_head":"<!-- This site is optimized with the Yoast SEO plugin v27.2 - https:\/\/yoast.com\/product\/yoast-seo-wordpress\/ -->\n<title>Visita de d\u00eda entero por la bodega de ArtCava &#183; Artcava - Masia Can Batlle<\/title>\n<meta name=\"description\" content=\"Si deseas pasar todo un d\u00eda rodeado de vi\u00f1edos y experiencias relacionadas con el mundo del cava, esta es la mejor opci\u00f3n para ti.\" \/>\n<meta name=\"robots\" content=\"index, follow, max-snippet:-1, max-image-preview:large, max-video-preview:-1\" \/>\n<link rel=\"canonical\" href=\"https:\/\/artcava.com\/visita-dia-sencer\/\" \/>\n<meta property=\"og:locale\" content=\"es_ES\" \/>\n<meta property=\"og:type\" content=\"article\" \/>\n<meta property=\"og:title\" content=\"Visita de d\u00eda entero por la bodega de ArtCava &#183; Artcava - Masia Can Batlle\" \/>\n<meta property=\"og:description\" content=\"Si deseas pasar todo un d\u00eda rodeado de vi\u00f1edos y experiencias relacionadas con el mundo del cava, esta es la mejor opci\u00f3n para ti.\" \/>\n<meta property=\"og:url\" content=\"https:\/\/artcava.com\/visita-dia-sencer\/\" \/>\n<meta property=\"og:site_name\" content=\"Artcava - Masia Can Batlle\" \/>\n<meta property=\"article:publisher\" content=\"https:\/\/www.facebook.com\/elteucava\/\" \/>\n<meta property=\"article:modified_time\" content=\"2024-08-17T12:28:09+00:00\" \/>\n<meta name=\"twitter:card\" content=\"summary_large_image\" \/>\n<meta name=\"twitter:label1\" content=\"Tiempo de lectura\" \/>\n\t<meta name=\"twitter:data1\" content=\"2 minutos\" \/>\n<script type=\"application\/ld+json\" class=\"yoast-schema-graph\">{\"@context\":\"https:\/\/schema.org\",\"@graph\":[{\"@type\":\"WebPage\",\"@id\":\"https:\/\/artcava.com\/visita-dia-sencer\/\",\"url\":\"https:\/\/artcava.com\/visita-dia-sencer\/\",\"name\":\"Visita de d\u00eda entero por la bodega de ArtCava &#183; Artcava - Masia Can Batlle\",\"isPartOf\":{\"@id\":\"https:\/\/artcava.com\/#website\"},\"datePublished\":\"2020-12-04T10:09:24+00:00\",\"dateModified\":\"2024-08-17T12:28:09+00:00\",\"description\":\"Si deseas pasar todo un d\u00eda rodeado de vi\u00f1edos y experiencias relacionadas con el mundo del cava, esta es la mejor opci\u00f3n para ti.\",\"breadcrumb\":{\"@id\":\"https:\/\/artcava.com\/visita-dia-sencer\/#breadcrumb\"},\"inLanguage\":\"es\",\"potentialAction\":[{\"@type\":\"ReadAction\",\"target\":[\"https:\/\/artcava.com\/visita-dia-sencer\/\"]}]},{\"@type\":\"BreadcrumbList\",\"@id\":\"https:\/\/artcava.com\/visita-dia-sencer\/#breadcrumb\",\"itemListElement\":[{\"@type\":\"ListItem\",\"position\":1,\"name\":\"Inici\",\"item\":\"https:\/\/artcava.com\/es\/inici-artcava\/\"},{\"@type\":\"ListItem\",\"position\":2,\"name\":\"Visita de d\u00eda entero por la bodega de ArtCava\"}]},{\"@type\":\"WebSite\",\"@id\":\"https:\/\/artcava.com\/#website\",\"url\":\"https:\/\/artcava.com\/\",\"name\":\"Artcava - Masia Can Batlle\",\"description\":\"L&#039;experi\u00e8ncia definitiva sobre el cava\",\"publisher\":{\"@id\":\"https:\/\/artcava.com\/#organization\"},\"potentialAction\":[{\"@type\":\"SearchAction\",\"target\":{\"@type\":\"EntryPoint\",\"urlTemplate\":\"https:\/\/artcava.com\/?s={search_term_string}\"},\"query-input\":{\"@type\":\"PropertyValueSpecification\",\"valueRequired\":true,\"valueName\":\"search_term_string\"}}],\"inLanguage\":\"es\"},{\"@type\":\"Organization\",\"@id\":\"https:\/\/artcava.com\/#organization\",\"name\":\"Artcava - Celler Can Batlle SL\",\"url\":\"https:\/\/artcava.com\/\",\"logo\":{\"@type\":\"ImageObject\",\"inLanguage\":\"es\",\"@id\":\"https:\/\/artcava.com\/#\/schema\/logo\/image\/\",\"url\":\"https:\/\/artcava.com\/wp-content\/uploads\/2020\/07\/logo-cartcava-winery.png\",\"contentUrl\":\"https:\/\/artcava.com\/wp-content\/uploads\/2020\/07\/logo-cartcava-winery.png\",\"width\":811,\"height\":776,\"caption\":\"Artcava - Celler Can Batlle SL\"},\"image\":{\"@id\":\"https:\/\/artcava.com\/#\/schema\/logo\/image\/\"},\"sameAs\":[\"https:\/\/www.facebook.com\/elteucava\/\",\"https:\/\/www.instagram.com\/artcava_experience\/\",\"https:\/\/www.instagram.com\/lamanelabyartcava\/\"]}]}<\/script>\n<!-- \/ Yoast SEO plugin. -->","yoast_head_json":{"title":"Visita de d\u00eda entero por la bodega de ArtCava &#183; Artcava - Masia Can Batlle","description":"Si deseas pasar todo un d\u00eda rodeado de vi\u00f1edos y experiencias relacionadas con el mundo del cava, esta es la mejor opci\u00f3n para ti.","robots":{"index":"index","follow":"follow","max-snippet":"max-snippet:-1","max-image-preview":"max-image-preview:large","max-video-preview":"max-video-preview:-1"},"canonical":"https:\/\/artcava.com\/visita-dia-sencer\/","og_locale":"es_ES","og_type":"article","og_title":"Visita de d\u00eda entero por la bodega de ArtCava &#183; Artcava - Masia Can Batlle","og_description":"Si deseas pasar todo un d\u00eda rodeado de vi\u00f1edos y experiencias relacionadas con el mundo del cava, esta es la mejor opci\u00f3n para ti.","og_url":"https:\/\/artcava.com\/visita-dia-sencer\/","og_site_name":"Artcava - Masia Can Batlle","article_publisher":"https:\/\/www.facebook.com\/elteucava\/","article_modified_time":"2024-08-17T12:28:09+00:00","twitter_card":"summary_large_image","twitter_misc":{"Tiempo de lectura":"2 minutos"},"schema":{"@context":"https:\/\/schema.org","@graph":[{"@type":"WebPage","@id":"https:\/\/artcava.com\/visita-dia-sencer\/","url":"https:\/\/artcava.com\/visita-dia-sencer\/","name":"Visita de d\u00eda entero por la bodega de ArtCava &#183; Artcava - Masia Can Batlle","isPartOf":{"@id":"https:\/\/artcava.com\/#website"},"datePublished":"2020-12-04T10:09:24+00:00","dateModified":"2024-08-17T12:28:09+00:00","description":"Si deseas pasar todo un d\u00eda rodeado de vi\u00f1edos y experiencias relacionadas con el mundo del cava, esta es la mejor opci\u00f3n para ti.","breadcrumb":{"@id":"https:\/\/artcava.com\/visita-dia-sencer\/#breadcrumb"},"inLanguage":"es","potentialAction":[{"@type":"ReadAction","target":["https:\/\/artcava.com\/visita-dia-sencer\/"]}]},{"@type":"BreadcrumbList","@id":"https:\/\/artcava.com\/visita-dia-sencer\/#breadcrumb","itemListElement":[{"@type":"ListItem","position":1,"name":"Inici","item":"https:\/\/artcava.com\/es\/inici-artcava\/"},{"@type":"ListItem","position":2,"name":"Visita de d\u00eda entero por la bodega de ArtCava"}]},{"@type":"WebSite","@id":"https:\/\/artcava.com\/#website","url":"https:\/\/artcava.com\/","name":"Artcava - Masia Can Batlle","description":"L&#039;experi\u00e8ncia definitiva sobre el cava","publisher":{"@id":"https:\/\/artcava.com\/#organization"},"potentialAction":[{"@type":"SearchAction","target":{"@type":"EntryPoint","urlTemplate":"https:\/\/artcava.com\/?s={search_term_string}"},"query-input":{"@type":"PropertyValueSpecification","valueRequired":true,"valueName":"search_term_string"}}],"inLanguage":"es"},{"@type":"Organization","@id":"https:\/\/artcava.com\/#organization","name":"Artcava - Celler Can Batlle SL","url":"https:\/\/artcava.com\/","logo":{"@type":"ImageObject","inLanguage":"es","@id":"https:\/\/artcava.com\/#\/schema\/logo\/image\/","url":"https:\/\/artcava.com\/wp-content\/uploads\/2020\/07\/logo-cartcava-winery.png","contentUrl":"https:\/\/artcava.com\/wp-content\/uploads\/2020\/07\/logo-cartcava-winery.png","width":811,"height":776,"caption":"Artcava - Celler Can Batlle SL"},"image":{"@id":"https:\/\/artcava.com\/#\/schema\/logo\/image\/"},"sameAs":["https:\/\/www.facebook.com\/elteucava\/","https:\/\/www.instagram.com\/artcava_experience\/","https:\/\/www.instagram.com\/lamanelabyartcava\/"]}]}},"jetpack_sharing_enabled":true,"_links":{"self":[{"href":"https:\/\/artcava.com\/es\/wp-json\/wp\/v2\/pages\/7612","targetHints":{"allow":["GET"]}}],"collection":[{"href":"https:\/\/artcava.com\/es\/wp-json\/wp\/v2\/pages"}],"about":[{"href":"https:\/\/artcava.com\/es\/wp-json\/wp\/v2\/types\/page"}],"author":[{"embeddable":true,"href":"https:\/\/artcava.com\/es\/wp-json\/wp\/v2\/users\/2"}],"replies":[{"embeddable":true,"href":"https:\/\/artcava.com\/es\/wp-json\/wp\/v2\/comments?post=7612"}],"version-history":[{"count":3,"href":"https:\/\/artcava.com\/es\/wp-json\/wp\/v2\/pages\/7612\/revisions"}],"predecessor-version":[{"id":15176,"href":"https:\/\/artcava.com\/es\/wp-json\/wp\/v2\/pages\/7612\/revisions\/15176"}],"wp:attachment":[{"href":"https:\/\/artcava.com\/es\/wp-json\/wp\/v2\/media?parent=7612"}],"curies":[{"name":"wp","href":"https:\/\/api.w.org\/{rel}","templated":true}]}}