{"id":7512,"date":"2020-12-04T10:16:18","date_gmt":"2020-12-04T09:16:18","guid":{"rendered":"https:\/\/artcava.com\/conoce-a-nuestro-enologo\/"},"modified":"2024-08-17T14:35:06","modified_gmt":"2024-08-17T12:35:06","slug":"conoce-a-nuestro-enologo","status":"publish","type":"page","link":"https:\/\/artcava.com\/es\/conoce-a-nuestro-enologo\/","title":{"rendered":"Conoce a nuestro En\u00f3logo"},"content":{"rendered":"\t\t<div data-elementor-type=\"wp-page\" data-elementor-id=\"7512\" class=\"elementor elementor-7512 elementor-5249\" data-elementor-post-type=\"page\">\n\t\t\t\t\t\t<section data-particle_enable=\"false\" data-particle-mobile-disabled=\"false\" class=\"elementor-section elementor-top-section elementor-element elementor-element-04adf34 elementor-section-boxed elementor-section-height-default elementor-section-height-default\" data-id=\"04adf34\" data-element_type=\"section\" data-e-type=\"section\">\n\t\t\t\t\t\t<div class=\"elementor-container elementor-column-gap-default\">\n\t\t\t\t\t<div class=\"elementor-column elementor-col-100 elementor-top-column elementor-element elementor-element-a0bd1d5\" data-id=\"a0bd1d5\" data-element_type=\"column\" data-e-type=\"column\">\n\t\t\t<div class=\"elementor-widget-wrap elementor-element-populated\">\n\t\t\t\t\t\t<div class=\"elementor-element elementor-element-036f3b0 elementor-widget elementor-widget-heading\" data-id=\"036f3b0\" data-element_type=\"widget\" data-e-type=\"widget\" data-widget_type=\"heading.default\">\n\t\t\t\t\t<h1 class=\"elementor-heading-title elementor-size-default\">Conoce a nuestro En\u00f3logo<\/h1>\t\t\t\t<\/div>\n\t\t\t\t<div class=\"elementor-element elementor-element-2705570 elementor-widget elementor-widget-text-editor\" data-id=\"2705570\" data-element_type=\"widget\" data-e-type=\"widget\" data-widget_type=\"text-editor.default\">\n\t\t\t\t\t\t\t\t\t<h2><span style=\"font-size: 1.4rem; letter-spacing: 0px;\">Un recorrido para los amantes del vino que quieran profundizar en c\u00f3mo se elabora este producto y recorrer la regi\u00f3n del Pened\u00e8s.<\/span><\/h2>\n<p>\u00bfTe gustar\u00eda saber c\u00f3mo elaboramos nuestros cavas en ArtCava? Con esta experiencia te abriremos las puertas de la bodega, donde podr\u00e1s disfrutar de una visita exclusiva por las instalaciones de la mano de nuestro en\u00f3logo. Degustar\u00e1s una muestra de \u00abvino en curso\u00bb y algunos vinos de moda de la regi\u00f3n, as\u00ed como otros productos de la tierra.<\/p>\n<p>Se trata de un recorrido exclusivo por la bodega de ArtCava: degustar\u00e1s unos vinos excelentes y espumosos exclusivos. Pasear\u00e1s por los vi\u00f1edos junto con el en\u00f3logo y aprender\u00e1s sobre la viticultura y el proceso de elaboraci\u00f3n del vino. Adem\u00e1s, vas a visitar otros rincones y paisajes de la regi\u00f3n vitivin\u00edcola del Pened\u00e8s.<\/p>\n<p><strong>Incluye:<\/strong>&nbsp;<br>&#8211; Recogida en la estaci\u00f3n de tren local con ch\u00f3fer y furgoneta y transporte durante todo el d\u00eda.<br>&#8211; Visita guiada a vi\u00f1edos privados y explicaci\u00f3n de variedades de uva, suelos, m\u00e9todos de cultivo y trabajos de vi\u00f1a.<br>&#8211; Visita y cata de vinos a diferentes bodegas de la regi\u00f3n y a los miradores m\u00e1s impresionantes del valle.<br>&#8211; Visita guiada privada por los vi\u00f1edos y la bodega de ArtCava y cata de 5 vinos exclusivos de la cartera de nuestro en\u00f3logo.<br>-Comida en una mas\u00eda privada del S.XII o restaurante local (seg\u00fan disponibilidad).<br><strong>Precio:<\/strong><br>&#8211; Visita privada para dos: 320 \u20ac \/ persona.<br>&#8211; Visita privada para grupos: 250 \u20ac \/ persona (recomendable de 3 a 8 personas).<br><strong>Duraci\u00f3n<\/strong>: de 9:00h a 18:00 horas.<br><strong>Disponibilidad<\/strong>: Todo el a\u00f1o.<\/p>\n<p>Si tienes alguna pregunta, &nbsp;no dudes en contactar con nosotros a trav\u00e9s del correo electr\u00f3nico&nbsp;<strong style=\"font-family: var( --e-global-typography-text-font-family ); font-weight: var( --e-global-typography-text-font-weight ); background-color: #ffffff;\"><a style=\"font-family: var( --e-global-typography-text-font-family ); font-weight: var( --e-global-typography-text-font-weight ); background-color: #ffffff;\" href=\"mailto:reserves@artcava.com\">reserves@artcava.com<\/a>.<\/strong><\/p>\n<p><\/p>\t\t\t\t\t\t\t\t<\/div>\n\t\t\t\t\t<\/div>\n\t\t<\/div>\n\t\t\t\t\t<\/div>\n\t\t<\/section>\n\t\t\t\t<section data-particle_enable=\"false\" data-particle-mobile-disabled=\"false\" class=\"elementor-section elementor-top-section elementor-element elementor-element-21772c0 elementor-section-boxed elementor-section-height-default elementor-section-height-default\" data-id=\"21772c0\" data-element_type=\"section\" data-e-type=\"section\">\n\t\t\t\t\t\t<div class=\"elementor-container elementor-column-gap-default\">\n\t\t\t\t\t<div class=\"elementor-column elementor-col-100 elementor-top-column elementor-element elementor-element-abca4d3\" data-id=\"abca4d3\" data-element_type=\"column\" data-e-type=\"column\">\n\t\t\t<div class=\"elementor-widget-wrap elementor-element-populated\">\n\t\t\t\t\t\t<div class=\"elementor-element elementor-element-0e01ad0 elementor-widget elementor-widget-spacer\" data-id=\"0e01ad0\" data-element_type=\"widget\" data-e-type=\"widget\" data-widget_type=\"spacer.default\">\n\t\t\t\t\t\t\t<div class=\"elementor-spacer\">\n\t\t\t<div class=\"elementor-spacer-inner\"><\/div>\n\t\t<\/div>\n\t\t\t\t\t\t<\/div>\n\t\t\t\t<div class=\"elementor-element elementor-element-d299cae elementor-align-center elementor-widget elementor-widget-button\" data-id=\"d299cae\" data-element_type=\"widget\" data-e-type=\"widget\" data-widget_type=\"button.default\">\n\t\t\t\t\t\t\t\t\t\t<a class=\"elementor-button elementor-button-link elementor-size-sm\" href=\"https:\/\/artcava.com\/es\/contacto\/\">\n\t\t\t\t\t\t<span class=\"elementor-button-content-wrapper\">\n\t\t\t\t\t\t\t\t\t<span class=\"elementor-button-text\">Reserva ahora tu visita<\/span>\n\t\t\t\t\t<\/span>\n\t\t\t\t\t<\/a>\n\t\t\t\t\t\t\t\t<\/div>\n\t\t\t\t\t<\/div>\n\t\t<\/div>\n\t\t\t\t\t<\/div>\n\t\t<\/section>\n\t\t\t\t<\/div>\n\t\t","protected":false},"excerpt":{"rendered":"<p>Conoce a nuestro En\u00f3logo Un recorrido para los amantes del vino que quieran profundizar en c\u00f3mo se elabora este producto y recorrer la regi\u00f3n del Pened\u00e8s. \u00bfTe gustar\u00eda saber c\u00f3mo elaboramos nuestros cavas en ArtCava? Con esta experiencia te abriremos las puertas de la bodega, donde podr\u00e1s disfrutar de una visita exclusiva por las instalaciones [&hellip;]<\/p>\n","protected":false},"author":76,"featured_media":0,"parent":0,"menu_order":0,"comment_status":"closed","ping_status":"closed","template":"elementor_header_footer","meta":{"footnotes":""},"class_list":["post-7512","page","type-page","status-publish","hentry"],"yoast_head":"<!-- This site is optimized with the Yoast SEO plugin v27.2 - https:\/\/yoast.com\/product\/yoast-seo-wordpress\/ -->\n<title>Conoce a nuestro En\u00f3logo &#183; Artcava - Masia Can Batlle<\/title>\n<meta name=\"robots\" content=\"index, follow, max-snippet:-1, max-image-preview:large, max-video-preview:-1\" \/>\n<link rel=\"canonical\" href=\"https:\/\/artcava.com\/es\/conoce-a-nuestro-enologo\/\" \/>\n<meta property=\"og:locale\" content=\"es_ES\" \/>\n<meta property=\"og:type\" content=\"article\" \/>\n<meta property=\"og:title\" content=\"Conoce a nuestro En\u00f3logo &#183; Artcava - Masia Can Batlle\" \/>\n<meta property=\"og:description\" content=\"Conoce a nuestro En\u00f3logo Un recorrido para los amantes del vino que quieran profundizar en c\u00f3mo se elabora este producto y recorrer la regi\u00f3n del Pened\u00e8s. \u00bfTe gustar\u00eda saber c\u00f3mo elaboramos nuestros cavas en ArtCava? Con esta experiencia te abriremos las puertas de la bodega, donde podr\u00e1s disfrutar de una visita exclusiva por las instalaciones [&hellip;]\" \/>\n<meta property=\"og:url\" content=\"https:\/\/artcava.com\/es\/conoce-a-nuestro-enologo\/\" \/>\n<meta property=\"og:site_name\" content=\"Artcava - Masia Can Batlle\" \/>\n<meta property=\"article:publisher\" content=\"https:\/\/www.facebook.com\/elteucava\/\" \/>\n<meta property=\"article:modified_time\" content=\"2024-08-17T12:35:06+00:00\" \/>\n<meta name=\"twitter:card\" content=\"summary_large_image\" \/>\n<meta name=\"twitter:label1\" content=\"Tiempo de lectura\" \/>\n\t<meta name=\"twitter:data1\" content=\"2 minutos\" \/>\n<script type=\"application\/ld+json\" class=\"yoast-schema-graph\">{\"@context\":\"https:\/\/schema.org\",\"@graph\":[{\"@type\":\"WebPage\",\"@id\":\"https:\/\/artcava.com\/es\/conoce-a-nuestro-enologo\/\",\"url\":\"https:\/\/artcava.com\/es\/conoce-a-nuestro-enologo\/\",\"name\":\"Conoce a nuestro En\u00f3logo &#183; Artcava - Masia Can Batlle\",\"isPartOf\":{\"@id\":\"https:\/\/artcava.com\/#website\"},\"datePublished\":\"2020-12-04T09:16:18+00:00\",\"dateModified\":\"2024-08-17T12:35:06+00:00\",\"breadcrumb\":{\"@id\":\"https:\/\/artcava.com\/es\/conoce-a-nuestro-enologo\/#breadcrumb\"},\"inLanguage\":\"es\",\"potentialAction\":[{\"@type\":\"ReadAction\",\"target\":[\"https:\/\/artcava.com\/es\/conoce-a-nuestro-enologo\/\"]}]},{\"@type\":\"BreadcrumbList\",\"@id\":\"https:\/\/artcava.com\/es\/conoce-a-nuestro-enologo\/#breadcrumb\",\"itemListElement\":[{\"@type\":\"ListItem\",\"position\":1,\"name\":\"Inici\",\"item\":\"https:\/\/artcava.com\/es\/inici-artcava\/\"},{\"@type\":\"ListItem\",\"position\":2,\"name\":\"Conoce a nuestro En\u00f3logo\"}]},{\"@type\":\"WebSite\",\"@id\":\"https:\/\/artcava.com\/#website\",\"url\":\"https:\/\/artcava.com\/\",\"name\":\"Artcava - Masia Can Batlle\",\"description\":\"L&#039;experi\u00e8ncia definitiva sobre el cava\",\"publisher\":{\"@id\":\"https:\/\/artcava.com\/#organization\"},\"potentialAction\":[{\"@type\":\"SearchAction\",\"target\":{\"@type\":\"EntryPoint\",\"urlTemplate\":\"https:\/\/artcava.com\/?s={search_term_string}\"},\"query-input\":{\"@type\":\"PropertyValueSpecification\",\"valueRequired\":true,\"valueName\":\"search_term_string\"}}],\"inLanguage\":\"es\"},{\"@type\":\"Organization\",\"@id\":\"https:\/\/artcava.com\/#organization\",\"name\":\"Artcava - Celler Can Batlle SL\",\"url\":\"https:\/\/artcava.com\/\",\"logo\":{\"@type\":\"ImageObject\",\"inLanguage\":\"es\",\"@id\":\"https:\/\/artcava.com\/#\/schema\/logo\/image\/\",\"url\":\"https:\/\/artcava.com\/wp-content\/uploads\/2020\/07\/logo-cartcava-winery.png\",\"contentUrl\":\"https:\/\/artcava.com\/wp-content\/uploads\/2020\/07\/logo-cartcava-winery.png\",\"width\":811,\"height\":776,\"caption\":\"Artcava - Celler Can Batlle SL\"},\"image\":{\"@id\":\"https:\/\/artcava.com\/#\/schema\/logo\/image\/\"},\"sameAs\":[\"https:\/\/www.facebook.com\/elteucava\/\",\"https:\/\/www.instagram.com\/artcava_experience\/\",\"https:\/\/www.instagram.com\/lamanelabyartcava\/\"]}]}<\/script>\n<!-- \/ Yoast SEO plugin. -->","yoast_head_json":{"title":"Conoce a nuestro En\u00f3logo &#183; Artcava - Masia Can Batlle","robots":{"index":"index","follow":"follow","max-snippet":"max-snippet:-1","max-image-preview":"max-image-preview:large","max-video-preview":"max-video-preview:-1"},"canonical":"https:\/\/artcava.com\/es\/conoce-a-nuestro-enologo\/","og_locale":"es_ES","og_type":"article","og_title":"Conoce a nuestro En\u00f3logo &#183; Artcava - Masia Can Batlle","og_description":"Conoce a nuestro En\u00f3logo Un recorrido para los amantes del vino que quieran profundizar en c\u00f3mo se elabora este producto y recorrer la regi\u00f3n del Pened\u00e8s. \u00bfTe gustar\u00eda saber c\u00f3mo elaboramos nuestros cavas en ArtCava? Con esta experiencia te abriremos las puertas de la bodega, donde podr\u00e1s disfrutar de una visita exclusiva por las instalaciones [&hellip;]","og_url":"https:\/\/artcava.com\/es\/conoce-a-nuestro-enologo\/","og_site_name":"Artcava - Masia Can Batlle","article_publisher":"https:\/\/www.facebook.com\/elteucava\/","article_modified_time":"2024-08-17T12:35:06+00:00","twitter_card":"summary_large_image","twitter_misc":{"Tiempo de lectura":"2 minutos"},"schema":{"@context":"https:\/\/schema.org","@graph":[{"@type":"WebPage","@id":"https:\/\/artcava.com\/es\/conoce-a-nuestro-enologo\/","url":"https:\/\/artcava.com\/es\/conoce-a-nuestro-enologo\/","name":"Conoce a nuestro En\u00f3logo &#183; Artcava - Masia Can Batlle","isPartOf":{"@id":"https:\/\/artcava.com\/#website"},"datePublished":"2020-12-04T09:16:18+00:00","dateModified":"2024-08-17T12:35:06+00:00","breadcrumb":{"@id":"https:\/\/artcava.com\/es\/conoce-a-nuestro-enologo\/#breadcrumb"},"inLanguage":"es","potentialAction":[{"@type":"ReadAction","target":["https:\/\/artcava.com\/es\/conoce-a-nuestro-enologo\/"]}]},{"@type":"BreadcrumbList","@id":"https:\/\/artcava.com\/es\/conoce-a-nuestro-enologo\/#breadcrumb","itemListElement":[{"@type":"ListItem","position":1,"name":"Inici","item":"https:\/\/artcava.com\/es\/inici-artcava\/"},{"@type":"ListItem","position":2,"name":"Conoce a nuestro En\u00f3logo"}]},{"@type":"WebSite","@id":"https:\/\/artcava.com\/#website","url":"https:\/\/artcava.com\/","name":"Artcava - Masia Can Batlle","description":"L&#039;experi\u00e8ncia definitiva sobre el cava","publisher":{"@id":"https:\/\/artcava.com\/#organization"},"potentialAction":[{"@type":"SearchAction","target":{"@type":"EntryPoint","urlTemplate":"https:\/\/artcava.com\/?s={search_term_string}"},"query-input":{"@type":"PropertyValueSpecification","valueRequired":true,"valueName":"search_term_string"}}],"inLanguage":"es"},{"@type":"Organization","@id":"https:\/\/artcava.com\/#organization","name":"Artcava - Celler Can Batlle SL","url":"https:\/\/artcava.com\/","logo":{"@type":"ImageObject","inLanguage":"es","@id":"https:\/\/artcava.com\/#\/schema\/logo\/image\/","url":"https:\/\/artcava.com\/wp-content\/uploads\/2020\/07\/logo-cartcava-winery.png","contentUrl":"https:\/\/artcava.com\/wp-content\/uploads\/2020\/07\/logo-cartcava-winery.png","width":811,"height":776,"caption":"Artcava - Celler Can Batlle SL"},"image":{"@id":"https:\/\/artcava.com\/#\/schema\/logo\/image\/"},"sameAs":["https:\/\/www.facebook.com\/elteucava\/","https:\/\/www.instagram.com\/artcava_experience\/","https:\/\/www.instagram.com\/lamanelabyartcava\/"]}]}},"jetpack_sharing_enabled":true,"_links":{"self":[{"href":"https:\/\/artcava.com\/es\/wp-json\/wp\/v2\/pages\/7512","targetHints":{"allow":["GET"]}}],"collection":[{"href":"https:\/\/artcava.com\/es\/wp-json\/wp\/v2\/pages"}],"about":[{"href":"https:\/\/artcava.com\/es\/wp-json\/wp\/v2\/types\/page"}],"author":[{"embeddable":true,"href":"https:\/\/artcava.com\/es\/wp-json\/wp\/v2\/users\/76"}],"replies":[{"embeddable":true,"href":"https:\/\/artcava.com\/es\/wp-json\/wp\/v2\/comments?post=7512"}],"version-history":[{"count":3,"href":"https:\/\/artcava.com\/es\/wp-json\/wp\/v2\/pages\/7512\/revisions"}],"predecessor-version":[{"id":15186,"href":"https:\/\/artcava.com\/es\/wp-json\/wp\/v2\/pages\/7512\/revisions\/15186"}],"wp:attachment":[{"href":"https:\/\/artcava.com\/es\/wp-json\/wp\/v2\/media?parent=7512"}],"curies":[{"name":"wp","href":"https:\/\/api.w.org\/{rel}","templated":true}]}}