{"id":18146,"date":"2025-10-22T21:03:18","date_gmt":"2025-10-22T19:03:18","guid":{"rendered":"https:\/\/artcava.com\/aviso-legal\/"},"modified":"2025-10-22T21:07:40","modified_gmt":"2025-10-22T19:07:40","slug":"aviso-legal","status":"publish","type":"page","link":"https:\/\/artcava.com\/es\/aviso-legal\/","title":{"rendered":"Aviso Legal"},"content":{"rendered":"\n<p>En&nbsp;cumplimiento&nbsp;del&nbsp;art\u00edculo&nbsp;10 de la&nbsp;Ley&nbsp;34\/2002, de 11 de&nbsp;julio, de Servicios de la Sociedad de la&nbsp;Informaci\u00f3n&nbsp;y Comercio&nbsp;Electr\u00f3nico&nbsp;(LSSICE), se ponen a&nbsp;disposici\u00f3n&nbsp;de los&nbsp;usuarios&nbsp;del&nbsp;sitio&nbsp;web los&nbsp;siguientes&nbsp;datos&nbsp;identificativos&nbsp;del titular,&nbsp;as\u00ed&nbsp;como&nbsp;otros&nbsp;datos&nbsp;de&nbsp;inter\u00e9s:&nbsp;<\/p>\n\n\n\n<p>Titular del&nbsp;sitio&nbsp;web (Responsable): Celler Can Batlle S.L., con CIF B63199301.&nbsp;<\/p>\n\n\n\n<p>Direcci\u00f3n: Masia Can Batlle, s\/n, 08793 Avinyonet del Pened\u00e8s (Barcelona), Espa\u00f1a.&nbsp;<\/p>\n\n\n\n<p>Correo&nbsp;electr\u00f3nico&nbsp;de contacto: info@artcava.com&nbsp;<\/p>\n\n\n\n<p>Nombre comercial: ARTCAVA (Celler Can Batlle)&nbsp;<\/p>\n\n\n\n<p>Nombre de&nbsp;dominio: www.artcava.com&nbsp;<\/p>\n\n\n\n<p>La&nbsp;utilizaci\u00f3n&nbsp;de este&nbsp;sitio&nbsp;web&nbsp;atribuye&nbsp;la&nbsp;condici\u00f3n&nbsp;de&nbsp;usuario, lo que implica la&nbsp;adhesi\u00f3n&nbsp;a las condiciones&nbsp;establecidas&nbsp;en este&nbsp;Aviso Legal, en la&nbsp;versi\u00f3n&nbsp;publicada en el&nbsp;momento&nbsp;en que se&nbsp;acceda. El&nbsp;usuario&nbsp;se&nbsp;compromete&nbsp;a usar el&nbsp;sitio&nbsp;web de&nbsp;conformidad&nbsp;con la&nbsp;ley, la moral, el&nbsp;orden&nbsp;p\u00fablico&nbsp;y las&nbsp;buenas&nbsp;costumbres&nbsp;generalmente&nbsp;aceptadas. Si el&nbsp;usuario&nbsp;no&nbsp;estuviera&nbsp;de&nbsp;acuerdo&nbsp;con&nbsp;estas&nbsp;condiciones,&nbsp;deber\u00e1&nbsp;abstenerse&nbsp;de&nbsp;utilizar&nbsp;esta&nbsp;p\u00e1gina.&nbsp;<\/p>\n\n\n\n<p>Condiciones de uso generales:&nbsp;<\/p>\n\n\n\n<p>El&nbsp;usuario&nbsp;se obliga a no&nbsp;utilizar&nbsp;este&nbsp;sitio&nbsp;web con fines&nbsp;il\u00edcitos&nbsp;o&nbsp;lesivos&nbsp;de los&nbsp;derechos&nbsp;o&nbsp;intereses&nbsp;de ARTCAVA o de&nbsp;terceros, y a no&nbsp;realizar&nbsp;actuaciones&nbsp;que&nbsp;pudieran&nbsp;da\u00f1ar,&nbsp;sobrecargar&nbsp;o deteriorar el normal&nbsp;funcionamiento&nbsp;del&nbsp;sitio&nbsp;o los&nbsp;sistemas&nbsp;inform\u00e1ticos&nbsp;de ARTCAVA. Queda&nbsp;estrictamente&nbsp;prohibido:&nbsp;<\/p>\n\n\n\n<p>Reproducir, copiar, distribuir,&nbsp;poner&nbsp;a&nbsp;disposici\u00f3n&nbsp;o de&nbsp;cualquier&nbsp;otra&nbsp;forma comunicar&nbsp;p\u00fablicamente, transformar o modificar los&nbsp;contenidos&nbsp;de esta web, salvo en los casos&nbsp;autorizados&nbsp;en la&nbsp;ley&nbsp;o&nbsp;expresamente&nbsp;consentidos&nbsp;por&nbsp;escrito&nbsp;por ARTCAVA o por&nbsp;quien&nbsp;ostente&nbsp;la&nbsp;titularidad&nbsp;de los&nbsp;derechos&nbsp;correspondientes.&nbsp;<\/p>\n\n\n\n<p>Vulnerar&nbsp;derechos&nbsp;de&nbsp;propiedad&nbsp;intelectual&nbsp;o industrial de ARTCAVA o de&nbsp;terceros.&nbsp;<\/p>\n\n\n\n<p>Emplear&nbsp;los&nbsp;contenidos&nbsp;(textos,&nbsp;fotograf\u00edas,&nbsp;gr\u00e1ficos,&nbsp;im\u00e1genes, software,&nbsp;c\u00f3digo&nbsp;fuente, etc.) de este&nbsp;sitio&nbsp;web para&nbsp;incluirlos, total o&nbsp;parcialmente, en&nbsp;otros&nbsp;sitios&nbsp;sin&nbsp;autorizaci\u00f3n&nbsp;previa&nbsp;y por&nbsp;escrito&nbsp;de ARTCAVA.&nbsp;<\/p>\n\n\n\n<p>Utilizar&nbsp;este&nbsp;sitio&nbsp;web para&nbsp;transmitir,&nbsp;instalar&nbsp;o publicar virus,&nbsp;malware&nbsp;u&nbsp;otros&nbsp;programas&nbsp;o&nbsp;archivos&nbsp;perjudiciales; o para enviar&nbsp;publicidad&nbsp;no&nbsp;solicitada&nbsp;(spam).&nbsp;<\/p>\n\n\n\n<p>ARTCAVA se reserva el&nbsp;derecho&nbsp;de&nbsp;actualizar, modificar o eliminar la&nbsp;informaci\u00f3n&nbsp;contenida&nbsp;en&nbsp;su&nbsp;sitio&nbsp;web,&nbsp;incluyendo&nbsp;el&nbsp;presente&nbsp;Aviso Legal,&nbsp;pudiendo&nbsp;incluso&nbsp;limitar o no&nbsp;permitir&nbsp;el&nbsp;acceso&nbsp;a&nbsp;dicha&nbsp;informaci\u00f3n&nbsp;sin&nbsp;previo&nbsp;aviso. ARTCAVA se&nbsp;compromete&nbsp;a&nbsp;realizar&nbsp;sus&nbsp;mejores&nbsp;esfuerzos&nbsp;para&nbsp;mantener&nbsp;la web disponible y&nbsp;actualizada,&nbsp;pero&nbsp;no&nbsp;garantiza&nbsp;la&nbsp;inexistencia&nbsp;de&nbsp;interrupciones&nbsp;o&nbsp;errores&nbsp;en el&nbsp;acceso&nbsp;al&nbsp;sitio&nbsp;web. En particular, ARTCAVA&nbsp;podr\u00e1&nbsp;suspender&nbsp;temporalmente&nbsp;el&nbsp;servicio&nbsp;por&nbsp;necesidades&nbsp;de&nbsp;mantenimiento,&nbsp;seguridad&nbsp;o por&nbsp;circunstancias&nbsp;fuera&nbsp;de&nbsp;su&nbsp;control.&nbsp;<\/p>\n\n\n\n<p>Propiedad&nbsp;intelectual&nbsp;e industrial:&nbsp;<\/p>\n\n\n\n<p>Todos los&nbsp;contenidos&nbsp;que se&nbsp;muestran&nbsp;en www.artcava.com, y en especial&nbsp;dise\u00f1os, textos,&nbsp;im\u00e1genes, logos,&nbsp;iconos, software, nombres&nbsp;comerciales,&nbsp;marcas&nbsp;o&nbsp;cualquier&nbsp;otro&nbsp;signo susceptible de&nbsp;utilizaci\u00f3n&nbsp;industrial y comercial,&nbsp;est\u00e1n&nbsp;sujetos&nbsp;a&nbsp;derechos&nbsp;de&nbsp;propiedad&nbsp;intelectual&nbsp;e industrial de los que ARTCAVA es titular o leg\u00edtima&nbsp;licenciataria. Queda prohibida la&nbsp;explotaci\u00f3n,&nbsp;reproducci\u00f3n,&nbsp;distribuci\u00f3n,&nbsp;comunicaci\u00f3n&nbsp;p\u00fablica o&nbsp;transformaci\u00f3n&nbsp;de&nbsp;dichos&nbsp;contenidos&nbsp;m\u00e1s&nbsp;all\u00e1&nbsp;de las&nbsp;actividades&nbsp;autorizadas&nbsp;expresamente&nbsp;por el titular de los&nbsp;derechos. El&nbsp;usuario&nbsp;\u00fanicamente&nbsp;tiene&nbsp;derecho&nbsp;a un uso&nbsp;privado&nbsp;de los&nbsp;contenidos&nbsp;del&nbsp;sitio&nbsp;web, con fines&nbsp;exclusivamente&nbsp;informativos&nbsp;y no&nbsp;comerciales, y&nbsp;\u00fanicamente&nbsp;para la&nbsp;finalidad&nbsp;de&nbsp;disfrutar&nbsp;de los&nbsp;servicios&nbsp;ofrecidos.&nbsp;Cualquier&nbsp;uso no&nbsp;autorizado&nbsp;previamente&nbsp;por&nbsp;escrito&nbsp;por ARTCAVA&nbsp;ser\u00e1&nbsp;considerado&nbsp;un&nbsp;incumplimiento&nbsp;grave&nbsp;de los&nbsp;derechos&nbsp;de&nbsp;propiedad&nbsp;intelectual&nbsp;o industrial del autor. ARTCAVA se reserva la&nbsp;posibilidad&nbsp;de&nbsp;ejercer&nbsp;las acciones&nbsp;legales&nbsp;que&nbsp;correspondan&nbsp;contra los&nbsp;usuarios&nbsp;que violen o&nbsp;infrinjan&nbsp;sus&nbsp;derechos&nbsp;de&nbsp;propiedad&nbsp;intelectual&nbsp;y\/o industrial.&nbsp;<\/p>\n\n\n\n<p>Los&nbsp;contenidos&nbsp;ajenos&nbsp;a ARTCAVA que&nbsp;pudieran&nbsp;aparecer&nbsp;en el&nbsp;sitio&nbsp;web (por&nbsp;ejemplo,&nbsp;logotipos&nbsp;de&nbsp;empresas&nbsp;colaboradoras,&nbsp;im\u00e1genes&nbsp;licenciadas&nbsp;de&nbsp;terceros, etc.)&nbsp;pertenecen&nbsp;a&nbsp;sus&nbsp;respectivos&nbsp;propietarios,&nbsp;quienes&nbsp;son responsables de&nbsp;cualquier&nbsp;controversia&nbsp;que&nbsp;pudiera&nbsp;suscitarse&nbsp;con respecto a los&nbsp;mismos. La presencia de tales&nbsp;contenidos&nbsp;de&nbsp;terceros&nbsp;en el&nbsp;sitio&nbsp;web de ARTCAVA no implica en&nbsp;ning\u00fan&nbsp;caso la&nbsp;existencia&nbsp;de un&nbsp;patrocinio,&nbsp;recomendaci\u00f3n,&nbsp;relaci\u00f3n&nbsp;o&nbsp;apoyo&nbsp;por&nbsp;parte&nbsp;de ARTCAVA&nbsp;hacia&nbsp;dichos&nbsp;terceros.&nbsp;<\/p>\n\n\n\n<p>Limitaci\u00f3n&nbsp;de&nbsp;responsabilidad:&nbsp;<\/p>\n\n\n\n<p>Por el&nbsp;funcionamiento&nbsp;del&nbsp;sitio: ARTCAVA no&nbsp;garantiza&nbsp;la&nbsp;disponibilidad&nbsp;y&nbsp;continuidad&nbsp;del&nbsp;funcionamiento&nbsp;del&nbsp;sitio&nbsp;web.&nbsp;Aunque&nbsp;realizaremos&nbsp;nuestros&nbsp;mejores&nbsp;esfuerzos&nbsp;para&nbsp;garantizar&nbsp;la&nbsp;m\u00e1xima&nbsp;disponibilidad,&nbsp;puede&nbsp;haber&nbsp;interrupciones&nbsp;por&nbsp;causas&nbsp;t\u00e9cnicas,&nbsp;mantenimiento&nbsp;o por&nbsp;cualquier&nbsp;otro&nbsp;motivo. ARTCAVA no&nbsp;asume&nbsp;responsabilidad&nbsp;por los&nbsp;perjuicios&nbsp;que se&nbsp;pudieran&nbsp;derivar de la falta de&nbsp;disponibilidad&nbsp;o&nbsp;accesibilidad&nbsp;al&nbsp;sitio, la&nbsp;p\u00e9rdida&nbsp;de&nbsp;datos&nbsp;o la&nbsp;existencia&nbsp;de virus u&nbsp;otros&nbsp;elementos&nbsp;lesivos&nbsp;en los&nbsp;contenidos,&nbsp;pese&nbsp;a&nbsp;haber&nbsp;adoptado&nbsp;todas&nbsp;las&nbsp;medidas&nbsp;tecnol\u00f3gicas&nbsp;necesarias&nbsp;para&nbsp;evitarlos.&nbsp;<\/p>\n\n\n\n<p>Por los&nbsp;contenidos&nbsp;ajenos: En el&nbsp;sitio&nbsp;web&nbsp;puede&nbsp;haber&nbsp;enlaces&nbsp;a&nbsp;p\u00e1ginas&nbsp;externas&nbsp;de&nbsp;terceros&nbsp;(por&nbsp;ejemplo, perfiles de&nbsp;redes&nbsp;sociales&nbsp;de ARTCAVA,&nbsp;sitios&nbsp;de&nbsp;colaboradores,&nbsp;art\u00edculos&nbsp;de&nbsp;inter\u00e9s, etc.). ARTCAVA no se&nbsp;hace&nbsp;responsable de los&nbsp;contenidos&nbsp;ni del&nbsp;correcto&nbsp;funcionamiento&nbsp;de tales&nbsp;sitios&nbsp;web de&nbsp;terceros, que son&nbsp;gestionados&nbsp;por&nbsp;sus&nbsp;respectivos&nbsp;titulares y&nbsp;est\u00e1n&nbsp;fuera&nbsp;del control de ARTCAVA. La presencia de estos&nbsp;enlaces&nbsp;tiene&nbsp;finalidad&nbsp;meramente&nbsp;informativa, no&nbsp;implicando&nbsp;recomendaci\u00f3n&nbsp;o&nbsp;aprobaci\u00f3n&nbsp;de los&nbsp;contenidos&nbsp;enlazados. En&nbsp;todo&nbsp;caso, ARTCAVA se&nbsp;compromete&nbsp;a retirar&nbsp;inmediatamente&nbsp;cualquier&nbsp;enlace&nbsp;hacia&nbsp;contenidos&nbsp;il\u00edcitos, que vulneren&nbsp;derechos&nbsp;fundamentales&nbsp;o que&nbsp;induzcan&nbsp;a error, tan&nbsp;pronto&nbsp;tenga&nbsp;conocimiento&nbsp;fehaciente&nbsp;de tales&nbsp;circunstancias,&nbsp;actuando&nbsp;en&nbsp;colaboraci\u00f3n&nbsp;con las&nbsp;autoridades&nbsp;competentes.&nbsp;<\/p>\n\n\n\n<p>Por&nbsp;contenidos&nbsp;generados&nbsp;por el&nbsp;usuario: En el&nbsp;supuesto&nbsp;de que se&nbsp;permitan&nbsp;comentarios,&nbsp;foros&nbsp;u&nbsp;otras&nbsp;interacciones de&nbsp;usuarios&nbsp;en el&nbsp;sitio&nbsp;(por&nbsp;ejemplo,&nbsp;valoraciones&nbsp;de&nbsp;productos,&nbsp;testimonios, etc.), ARTCAVA no se&nbsp;responsabiliza&nbsp;de las&nbsp;opiniones&nbsp;o&nbsp;contenidos&nbsp;aportados&nbsp;por los&nbsp;usuarios. No&nbsp;obstante, nos&nbsp;reservamos&nbsp;el&nbsp;derecho&nbsp;a moderar, revisar y eliminar&nbsp;aquellos&nbsp;comentarios&nbsp;o&nbsp;contenidos&nbsp;de&nbsp;usuarios&nbsp;que&nbsp;consideremos&nbsp;inapropiados,&nbsp;il\u00edcitos,&nbsp;ofensivos&nbsp;o que vulneren las presentes condiciones. Del&nbsp;mismo&nbsp;modo, si&nbsp;usted&nbsp;encuentra&nbsp;en el&nbsp;sitio&nbsp;web&nbsp;alg\u00fan&nbsp;contenido&nbsp;generado&nbsp;por&nbsp;terceros&nbsp;que&nbsp;considere&nbsp;inadecuado,&nbsp;puede&nbsp;notificarlo&nbsp;a trav\u00e9s del&nbsp;correo&nbsp;info@artcava.com.&nbsp;<\/p>\n\n\n\n<p>Protecci\u00f3n&nbsp;de&nbsp;datos: Los&nbsp;datos&nbsp;personales&nbsp;que se&nbsp;pudieran&nbsp;recabar&nbsp;a trav\u00e9s del&nbsp;sitio&nbsp;web&nbsp;ser\u00e1n&nbsp;tratados&nbsp;conforme a&nbsp;nuestra&nbsp;Pol\u00edtica de&nbsp;Privacidad. ARTCAVA&nbsp;cumple&nbsp;con la normativa&nbsp;vigente&nbsp;en&nbsp;materia&nbsp;de&nbsp;protecci\u00f3n&nbsp;de&nbsp;datos&nbsp;(RGPD, LOPDGDD), y ha&nbsp;implementado&nbsp;medidas&nbsp;t\u00e9cnicas&nbsp;y&nbsp;organizativas&nbsp;para&nbsp;garantizar&nbsp;la&nbsp;confidencialidad&nbsp;e&nbsp;integridad&nbsp;de la&nbsp;informaci\u00f3n.&nbsp;<\/p>\n\n\n\n<p>Uso de&nbsp;cookies: Este&nbsp;sitio&nbsp;web&nbsp;utiliza&nbsp;cookies&nbsp;propias&nbsp;y de&nbsp;terceros&nbsp;con&nbsp;finalidades&nbsp;t\u00e9cnicas,&nbsp;anal\u00edticas&nbsp;y&nbsp;publicitarias,&nbsp;pero&nbsp;siempre&nbsp;respetando&nbsp;la normativa&nbsp;vigente&nbsp;y&nbsp;sus&nbsp;preferencias&nbsp;de&nbsp;privacidad. Al&nbsp;acceder&nbsp;por&nbsp;primera&nbsp;vez, se&nbsp;le&nbsp;solicit\u00f3&nbsp;su&nbsp;consentimiento&nbsp;para el uso de las&nbsp;cookies&nbsp;no&nbsp;esenciales,&nbsp;mediante&nbsp;el&nbsp;correspondiente&nbsp;banner&nbsp;de&nbsp;cookies.&nbsp;Puede&nbsp;obtener&nbsp;m\u00e1s&nbsp;informaci\u00f3n&nbsp;y configurar&nbsp;sus&nbsp;preferencias&nbsp;en&nbsp;cualquier&nbsp;momento&nbsp;consultando&nbsp;nuestra&nbsp;Pol\u00edtica de&nbsp;Cookies.&nbsp;<\/p>\n\n\n\n<p>Legislaci\u00f3n&nbsp;aplicable y&nbsp;jurisdicci\u00f3n: El&nbsp;presente&nbsp;Aviso Legal,&nbsp;as\u00ed&nbsp;como&nbsp;cualquier&nbsp;uso del&nbsp;sitio&nbsp;web, se&nbsp;regir\u00e1&nbsp;e&nbsp;interpretar\u00e1&nbsp;de&nbsp;acuerdo&nbsp;con las&nbsp;leyes&nbsp;de Espa\u00f1a. Para&nbsp;cualquier&nbsp;controversia&nbsp;que&nbsp;pudiera&nbsp;derivarse&nbsp;del&nbsp;acceso&nbsp;o uso de este&nbsp;sitio&nbsp;web, y con&nbsp;sujeci\u00f3n&nbsp;a lo&nbsp;establecido&nbsp;por la normativa de consumidores y&nbsp;usuarios, las partes se&nbsp;someten&nbsp;a la&nbsp;jurisdicci\u00f3n&nbsp;de los&nbsp;juzgados&nbsp;y&nbsp;tribunales&nbsp;que&nbsp;correspondan&nbsp;seg\u00fan&nbsp;la&nbsp;legislaci\u00f3n&nbsp;aplicable (en el caso de consumidores, por lo general los del domicilio del consumidor). En el caso de&nbsp;usuarios&nbsp;empresariales, con renuncia a&nbsp;cualquier&nbsp;otro&nbsp;fuero, las partes&nbsp;acuerdan&nbsp;someterse&nbsp;a los&nbsp;juzgados&nbsp;y&nbsp;tribunales&nbsp;de Barcelona (Espa\u00f1a).&nbsp;<\/p>\n\n\n\n<p>Nota: ARTCAVA se&nbsp;compromete&nbsp;a no&nbsp;vender&nbsp;bebidas&nbsp;alcoh\u00f3licas&nbsp;a&nbsp;menores&nbsp;de 18&nbsp;a\u00f1os. El&nbsp;usuario&nbsp;declara ser&nbsp;mayor&nbsp;de&nbsp;edad&nbsp;al&nbsp;utilizar&nbsp;este&nbsp;sitio&nbsp;y, en particular, al&nbsp;realizar&nbsp;pedidos&nbsp;de&nbsp;productos&nbsp;alcoh\u00f3licos.&nbsp;<\/p>\n","protected":false},"excerpt":{"rendered":"<p>En&nbsp;cumplimiento&nbsp;del&nbsp;art\u00edculo&nbsp;10 de la&nbsp;Ley&nbsp;34\/2002, de 11 de&nbsp;julio, de Servicios de la Sociedad de la&nbsp;Informaci\u00f3n&nbsp;y Comercio&nbsp;Electr\u00f3nico&nbsp;(LSSICE), se ponen a&nbsp;disposici\u00f3n&nbsp;de los&nbsp;usuarios&nbsp;del&nbsp;sitio&nbsp;web los&nbsp;siguientes&nbsp;datos&nbsp;identificativos&nbsp;del titular,&nbsp;as\u00ed&nbsp;como&nbsp;otros&nbsp;datos&nbsp;de&nbsp;inter\u00e9s:&nbsp; Titular del&nbsp;sitio&nbsp;web (Responsable): Celler Can Batlle S.L., con CIF B63199301.&nbsp; Direcci\u00f3n: Masia Can Batlle, s\/n, 08793 Avinyonet del Pened\u00e8s (Barcelona), Espa\u00f1a.&nbsp; Correo&nbsp;electr\u00f3nico&nbsp;de contacto: info@artcava.com&nbsp; Nombre comercial: ARTCAVA (Celler Can Batlle)&nbsp; Nombre de&nbsp;dominio: www.artcava.com&nbsp; La&nbsp;utilizaci\u00f3n&nbsp;de este&nbsp;sitio&nbsp;web&nbsp;atribuye&nbsp;la&nbsp;condici\u00f3n&nbsp;de&nbsp;usuario, [&hellip;]<\/p>\n","protected":false},"author":76,"featured_media":0,"parent":0,"menu_order":0,"comment_status":"closed","ping_status":"closed","template":"","meta":{"footnotes":""},"class_list":["post-18146","page","type-page","status-publish","hentry"],"yoast_head":"<!-- This site is optimized with the Yoast SEO plugin v27.4 - https:\/\/yoast.com\/product\/yoast-seo-wordpress\/ -->\n<title>Aviso Legal &#183; Artcava - Masia Can Batlle<\/title>\n<meta name=\"robots\" content=\"index, follow, max-snippet:-1, max-image-preview:large, max-video-preview:-1\" \/>\n<link rel=\"canonical\" href=\"https:\/\/artcava.com\/es\/aviso-legal\/\" \/>\n<meta property=\"og:locale\" content=\"es_ES\" \/>\n<meta property=\"og:type\" content=\"article\" \/>\n<meta property=\"og:title\" content=\"Aviso Legal &#183; Artcava - Masia Can Batlle\" \/>\n<meta property=\"og:description\" content=\"En&nbsp;cumplimiento&nbsp;del&nbsp;art\u00edculo&nbsp;10 de la&nbsp;Ley&nbsp;34\/2002, de 11 de&nbsp;julio, de Servicios de la Sociedad de la&nbsp;Informaci\u00f3n&nbsp;y Comercio&nbsp;Electr\u00f3nico&nbsp;(LSSICE), se ponen a&nbsp;disposici\u00f3n&nbsp;de los&nbsp;usuarios&nbsp;del&nbsp;sitio&nbsp;web los&nbsp;siguientes&nbsp;datos&nbsp;identificativos&nbsp;del titular,&nbsp;as\u00ed&nbsp;como&nbsp;otros&nbsp;datos&nbsp;de&nbsp;inter\u00e9s:&nbsp; Titular del&nbsp;sitio&nbsp;web (Responsable): Celler Can Batlle S.L., con CIF B63199301.&nbsp; Direcci\u00f3n: Masia Can Batlle, s\/n, 08793 Avinyonet del Pened\u00e8s (Barcelona), Espa\u00f1a.&nbsp; Correo&nbsp;electr\u00f3nico&nbsp;de contacto: info@artcava.com&nbsp; Nombre comercial: ARTCAVA (Celler Can Batlle)&nbsp; Nombre de&nbsp;dominio: www.artcava.com&nbsp; La&nbsp;utilizaci\u00f3n&nbsp;de este&nbsp;sitio&nbsp;web&nbsp;atribuye&nbsp;la&nbsp;condici\u00f3n&nbsp;de&nbsp;usuario, [&hellip;]\" \/>\n<meta property=\"og:url\" content=\"https:\/\/artcava.com\/es\/aviso-legal\/\" \/>\n<meta property=\"og:site_name\" content=\"Artcava - Masia Can Batlle\" \/>\n<meta property=\"article:publisher\" content=\"https:\/\/www.facebook.com\/elteucava\/\" \/>\n<meta property=\"article:modified_time\" content=\"2025-10-22T19:07:40+00:00\" \/>\n<meta name=\"twitter:card\" content=\"summary_large_image\" \/>\n<meta name=\"twitter:label1\" content=\"Tiempo de lectura\" \/>\n\t<meta name=\"twitter:data1\" content=\"7 minutos\" \/>\n<script type=\"application\/ld+json\" class=\"yoast-schema-graph\">{\"@context\":\"https:\\\/\\\/schema.org\",\"@graph\":[{\"@type\":\"WebPage\",\"@id\":\"https:\\\/\\\/artcava.com\\\/es\\\/aviso-legal\\\/\",\"url\":\"https:\\\/\\\/artcava.com\\\/es\\\/aviso-legal\\\/\",\"name\":\"Aviso Legal &#183; Artcava - Masia Can Batlle\",\"isPartOf\":{\"@id\":\"https:\\\/\\\/artcava.com\\\/#website\"},\"datePublished\":\"2025-10-22T19:03:18+00:00\",\"dateModified\":\"2025-10-22T19:07:40+00:00\",\"breadcrumb\":{\"@id\":\"https:\\\/\\\/artcava.com\\\/es\\\/aviso-legal\\\/#breadcrumb\"},\"inLanguage\":\"es\",\"potentialAction\":[{\"@type\":\"ReadAction\",\"target\":[\"https:\\\/\\\/artcava.com\\\/es\\\/aviso-legal\\\/\"]}]},{\"@type\":\"BreadcrumbList\",\"@id\":\"https:\\\/\\\/artcava.com\\\/es\\\/aviso-legal\\\/#breadcrumb\",\"itemListElement\":[{\"@type\":\"ListItem\",\"position\":1,\"name\":\"Inici\",\"item\":\"https:\\\/\\\/artcava.com\\\/es\\\/inici-artcava\\\/\"},{\"@type\":\"ListItem\",\"position\":2,\"name\":\"Aviso Legal\"}]},{\"@type\":\"WebSite\",\"@id\":\"https:\\\/\\\/artcava.com\\\/#website\",\"url\":\"https:\\\/\\\/artcava.com\\\/\",\"name\":\"Artcava - Masia Can Batlle\",\"description\":\"L&#039;experi\u00e8ncia definitiva sobre el cava\",\"publisher\":{\"@id\":\"https:\\\/\\\/artcava.com\\\/#organization\"},\"potentialAction\":[{\"@type\":\"SearchAction\",\"target\":{\"@type\":\"EntryPoint\",\"urlTemplate\":\"https:\\\/\\\/artcava.com\\\/?s={search_term_string}\"},\"query-input\":{\"@type\":\"PropertyValueSpecification\",\"valueRequired\":true,\"valueName\":\"search_term_string\"}}],\"inLanguage\":\"es\"},{\"@type\":\"Organization\",\"@id\":\"https:\\\/\\\/artcava.com\\\/#organization\",\"name\":\"Artcava - Celler Can Batlle SL\",\"url\":\"https:\\\/\\\/artcava.com\\\/\",\"logo\":{\"@type\":\"ImageObject\",\"inLanguage\":\"es\",\"@id\":\"https:\\\/\\\/artcava.com\\\/#\\\/schema\\\/logo\\\/image\\\/\",\"url\":\"https:\\\/\\\/artcava.com\\\/wp-content\\\/uploads\\\/2020\\\/07\\\/logo-cartcava-winery.png\",\"contentUrl\":\"https:\\\/\\\/artcava.com\\\/wp-content\\\/uploads\\\/2020\\\/07\\\/logo-cartcava-winery.png\",\"width\":811,\"height\":776,\"caption\":\"Artcava - Celler Can Batlle SL\"},\"image\":{\"@id\":\"https:\\\/\\\/artcava.com\\\/#\\\/schema\\\/logo\\\/image\\\/\"},\"sameAs\":[\"https:\\\/\\\/www.facebook.com\\\/elteucava\\\/\",\"https:\\\/\\\/www.instagram.com\\\/artcava_experience\\\/\",\"https:\\\/\\\/www.instagram.com\\\/lamanelabyartcava\\\/\"]}]}<\/script>\n<!-- \/ Yoast SEO plugin. -->","yoast_head_json":{"title":"Aviso Legal &#183; Artcava - Masia Can Batlle","robots":{"index":"index","follow":"follow","max-snippet":"max-snippet:-1","max-image-preview":"max-image-preview:large","max-video-preview":"max-video-preview:-1"},"canonical":"https:\/\/artcava.com\/es\/aviso-legal\/","og_locale":"es_ES","og_type":"article","og_title":"Aviso Legal &#183; Artcava - Masia Can Batlle","og_description":"En&nbsp;cumplimiento&nbsp;del&nbsp;art\u00edculo&nbsp;10 de la&nbsp;Ley&nbsp;34\/2002, de 11 de&nbsp;julio, de Servicios de la Sociedad de la&nbsp;Informaci\u00f3n&nbsp;y Comercio&nbsp;Electr\u00f3nico&nbsp;(LSSICE), se ponen a&nbsp;disposici\u00f3n&nbsp;de los&nbsp;usuarios&nbsp;del&nbsp;sitio&nbsp;web los&nbsp;siguientes&nbsp;datos&nbsp;identificativos&nbsp;del titular,&nbsp;as\u00ed&nbsp;como&nbsp;otros&nbsp;datos&nbsp;de&nbsp;inter\u00e9s:&nbsp; Titular del&nbsp;sitio&nbsp;web (Responsable): Celler Can Batlle S.L., con CIF B63199301.&nbsp; Direcci\u00f3n: Masia Can Batlle, s\/n, 08793 Avinyonet del Pened\u00e8s (Barcelona), Espa\u00f1a.&nbsp; Correo&nbsp;electr\u00f3nico&nbsp;de contacto: info@artcava.com&nbsp; Nombre comercial: ARTCAVA (Celler Can Batlle)&nbsp; Nombre de&nbsp;dominio: www.artcava.com&nbsp; La&nbsp;utilizaci\u00f3n&nbsp;de este&nbsp;sitio&nbsp;web&nbsp;atribuye&nbsp;la&nbsp;condici\u00f3n&nbsp;de&nbsp;usuario, [&hellip;]","og_url":"https:\/\/artcava.com\/es\/aviso-legal\/","og_site_name":"Artcava - Masia Can Batlle","article_publisher":"https:\/\/www.facebook.com\/elteucava\/","article_modified_time":"2025-10-22T19:07:40+00:00","twitter_card":"summary_large_image","twitter_misc":{"Tiempo de lectura":"7 minutos"},"schema":{"@context":"https:\/\/schema.org","@graph":[{"@type":"WebPage","@id":"https:\/\/artcava.com\/es\/aviso-legal\/","url":"https:\/\/artcava.com\/es\/aviso-legal\/","name":"Aviso Legal &#183; Artcava - Masia Can Batlle","isPartOf":{"@id":"https:\/\/artcava.com\/#website"},"datePublished":"2025-10-22T19:03:18+00:00","dateModified":"2025-10-22T19:07:40+00:00","breadcrumb":{"@id":"https:\/\/artcava.com\/es\/aviso-legal\/#breadcrumb"},"inLanguage":"es","potentialAction":[{"@type":"ReadAction","target":["https:\/\/artcava.com\/es\/aviso-legal\/"]}]},{"@type":"BreadcrumbList","@id":"https:\/\/artcava.com\/es\/aviso-legal\/#breadcrumb","itemListElement":[{"@type":"ListItem","position":1,"name":"Inici","item":"https:\/\/artcava.com\/es\/inici-artcava\/"},{"@type":"ListItem","position":2,"name":"Aviso Legal"}]},{"@type":"WebSite","@id":"https:\/\/artcava.com\/#website","url":"https:\/\/artcava.com\/","name":"Artcava - Masia Can Batlle","description":"L&#039;experi\u00e8ncia definitiva sobre el cava","publisher":{"@id":"https:\/\/artcava.com\/#organization"},"potentialAction":[{"@type":"SearchAction","target":{"@type":"EntryPoint","urlTemplate":"https:\/\/artcava.com\/?s={search_term_string}"},"query-input":{"@type":"PropertyValueSpecification","valueRequired":true,"valueName":"search_term_string"}}],"inLanguage":"es"},{"@type":"Organization","@id":"https:\/\/artcava.com\/#organization","name":"Artcava - Celler Can Batlle SL","url":"https:\/\/artcava.com\/","logo":{"@type":"ImageObject","inLanguage":"es","@id":"https:\/\/artcava.com\/#\/schema\/logo\/image\/","url":"https:\/\/artcava.com\/wp-content\/uploads\/2020\/07\/logo-cartcava-winery.png","contentUrl":"https:\/\/artcava.com\/wp-content\/uploads\/2020\/07\/logo-cartcava-winery.png","width":811,"height":776,"caption":"Artcava - Celler Can Batlle SL"},"image":{"@id":"https:\/\/artcava.com\/#\/schema\/logo\/image\/"},"sameAs":["https:\/\/www.facebook.com\/elteucava\/","https:\/\/www.instagram.com\/artcava_experience\/","https:\/\/www.instagram.com\/lamanelabyartcava\/"]}]}},"jetpack_sharing_enabled":true,"_links":{"self":[{"href":"https:\/\/artcava.com\/es\/wp-json\/wp\/v2\/pages\/18146","targetHints":{"allow":["GET"]}}],"collection":[{"href":"https:\/\/artcava.com\/es\/wp-json\/wp\/v2\/pages"}],"about":[{"href":"https:\/\/artcava.com\/es\/wp-json\/wp\/v2\/types\/page"}],"author":[{"embeddable":true,"href":"https:\/\/artcava.com\/es\/wp-json\/wp\/v2\/users\/76"}],"replies":[{"embeddable":true,"href":"https:\/\/artcava.com\/es\/wp-json\/wp\/v2\/comments?post=18146"}],"version-history":[{"count":2,"href":"https:\/\/artcava.com\/es\/wp-json\/wp\/v2\/pages\/18146\/revisions"}],"predecessor-version":[{"id":18152,"href":"https:\/\/artcava.com\/es\/wp-json\/wp\/v2\/pages\/18146\/revisions\/18152"}],"wp:attachment":[{"href":"https:\/\/artcava.com\/es\/wp-json\/wp\/v2\/media?parent=18146"}],"curies":[{"name":"wp","href":"https:\/\/api.w.org\/{rel}","templated":true}]}}