{"id":8846,"date":"2021-10-16T11:31:38","date_gmt":"2021-10-16T09:31:38","guid":{"rendered":"https:\/\/artcava.com\/?post_type=product&#038;p=8846"},"modified":"2024-02-09T12:00:43","modified_gmt":"2024-02-09T11:00:43","slug":"winter-artcavas-selection-x12-bottles","status":"publish","type":"product","link":"https:\/\/artcava.com\/en\/botiga-virtual\/winter-artcavas-selection-x12-bottles\/","title":{"rendered":"CHRISTMAS ARTCAVA&#8217;S SELECTION x12 bottles"},"content":{"rendered":"","protected":false},"excerpt":{"rendered":"<p>A batch of 12 bottles selected by our somm Carla, designed for winter, family celebrations and the most classic pairings of this season.<\/p>\n<p>Contains: 6x Palag\u00f3 Blanc de Noir | 3x Palag\u00f3 Foodie&#8217;s | 3x Palag\u00f3 Farmer&#8217;s<\/p>\n<p><span style=\"font-weight: 400;\">**This is only the price of the CAVA BOTTLES. CargoWine company will send you an email for paying directly to them the shipping taxes. YOU MUST PAY IT IN ORDER TO START THE SHIPPING! Otherwise, if the shipping taxes are not paid, we will NOT be able to send the cases. Thank you!**<\/span><\/p>\n<pre><span style=\"font-weight: 400;\">\u00b7Shippings <b>UK: <\/b>90\u20ac first case &amp; 115\u20ac for two cases.\r\n\u00b7Shippings <strong>S<\/strong><\/span><b>witzerland<\/b><span style=\"font-weight: 400;\"> &amp; <\/span><b>UE<\/b><span style=\"font-weight: 400;\">: Pricing at<\/span> <a href=\"https:\/\/www.cargowine.com.es\/app\/docs\/RATES%20BCN-UE%20ALL-IN.pdf_651667.pdf\" target=\"_blank\" rel=\"noopener\"><span style=\"font-weight: 400;\">CargoWine<\/span><\/a><span style=\"font-weight: 400;\">. \r\n\u00b7Shippings <\/span><b>USA<\/b><span style=\"font-weight: 400;\">*: 100<\/span><b>\u20ac For 6 bottle case<\/b><span style=\"font-weight: 400;\">. (Extra +100\u20ac Alaska, Hawaii &amp; Puerto Rico) \r\n*No go states Alabama, Kentucky, Mississippi, Utah. \r\n\r\n** Deadline for Thanksgiving Shipping 28th October \r\n*** Deadline for Christmas Shipping 28th November<\/span><\/pre>\n","protected":false},"featured_media":8849,"template":"","meta":[],"product_brand":[],"product_cat":[91],"product_tag":[],"class_list":{"0":"post-8846","1":"product","2":"type-product","3":"status-publish","4":"has-post-thumbnail","6":"product_cat-packs","8":"first","9":"instock","10":"sale","11":"shipping-taxable","12":"purchasable","13":"product-type-simple"},"yoast_head":"<!-- This site is optimized with the Yoast SEO plugin v27.2 - https:\/\/yoast.com\/product\/yoast-seo-wordpress\/ -->\n<title>CHRISTMAS ARTCAVA&#039;S SELECTION x12 bottles &#183; Artcava - Masia Can Batlle<\/title>\n<meta name=\"robots\" content=\"index, follow, max-snippet:-1, max-image-preview:large, max-video-preview:-1\" \/>\n<link rel=\"canonical\" href=\"https:\/\/artcava.com\/en\/botiga-virtual\/winter-artcavas-selection-x12-bottles\/\" \/>\n<meta property=\"og:locale\" content=\"en_US\" \/>\n<meta property=\"og:type\" content=\"article\" \/>\n<meta property=\"og:title\" content=\"CHRISTMAS ARTCAVA&#039;S SELECTION x12 bottles &#183; Artcava - Masia Can Batlle\" \/>\n<meta property=\"og:description\" content=\"A batch of 12 bottles selected by our somm Carla, designed for winter, family celebrations and the most classic pairings of this season.  Contains: 6x Palag\u00f3 Blanc de Noir | 3x Palag\u00f3 Foodie&#039;s | 3x Palag\u00f3 Farmer&#039;s  **This is only the price of the CAVA BOTTLES. CargoWine company will send you an email for paying directly to them the shipping taxes. YOU MUST PAY IT IN ORDER TO START THE SHIPPING! Otherwise, if the shipping taxes are not paid, we will NOT be able to send the cases. Thank you!** \u00b7Shippings UK: 90\u20ac first case &amp; 115\u20ac for two cases. \u00b7Shippings Switzerland &amp; UE: Pricing at CargoWine.  \u00b7Shippings USA*: 100\u20ac For 6 bottle case. (Extra +100\u20ac Alaska, Hawaii &amp; Puerto Rico)  *No go states Alabama, Kentucky, Mississippi, Utah.   ** Deadline for Thanksgiving Shipping 28th October  *** Deadline for Christmas Shipping 28th November\" \/>\n<meta property=\"og:url\" content=\"https:\/\/artcava.com\/en\/botiga-virtual\/winter-artcavas-selection-x12-bottles\/\" \/>\n<meta property=\"og:site_name\" content=\"Artcava - Masia Can Batlle\" \/>\n<meta property=\"article:publisher\" content=\"https:\/\/www.facebook.com\/elteucava\/\" \/>\n<meta property=\"article:modified_time\" content=\"2024-02-09T11:00:43+00:00\" \/>\n<meta property=\"og:image\" content=\"https:\/\/artcava.com\/wp-content\/uploads\/2021\/10\/Copia-de-lot-2-nadal-2021.png\" \/>\n\t<meta property=\"og:image:width\" content=\"1024\" \/>\n\t<meta property=\"og:image:height\" content=\"682\" \/>\n\t<meta property=\"og:image:type\" content=\"image\/png\" \/>\n<meta name=\"twitter:card\" content=\"summary_large_image\" \/>\n<meta name=\"twitter:label1\" content=\"Est. reading time\" \/>\n\t<meta name=\"twitter:data1\" content=\"1 minute\" \/>\n<script type=\"application\/ld+json\" class=\"yoast-schema-graph\">{\"@context\":\"https:\/\/schema.org\",\"@graph\":[{\"@type\":\"WebPage\",\"@id\":\"https:\/\/artcava.com\/en\/botiga-virtual\/winter-artcavas-selection-x12-bottles\/\",\"url\":\"https:\/\/artcava.com\/en\/botiga-virtual\/winter-artcavas-selection-x12-bottles\/\",\"name\":\"CHRISTMAS ARTCAVA'S SELECTION x12 bottles &#183; Artcava - Masia Can Batlle\",\"isPartOf\":{\"@id\":\"https:\/\/artcava.com\/#website\"},\"primaryImageOfPage\":{\"@id\":\"https:\/\/artcava.com\/en\/botiga-virtual\/winter-artcavas-selection-x12-bottles\/#primaryimage\"},\"image\":{\"@id\":\"https:\/\/artcava.com\/en\/botiga-virtual\/winter-artcavas-selection-x12-bottles\/#primaryimage\"},\"thumbnailUrl\":\"https:\/\/artcava.com\/wp-content\/uploads\/2021\/10\/Copia-de-lot-2-nadal-2021.png\",\"datePublished\":\"2021-10-16T09:31:38+00:00\",\"dateModified\":\"2024-02-09T11:00:43+00:00\",\"breadcrumb\":{\"@id\":\"https:\/\/artcava.com\/en\/botiga-virtual\/winter-artcavas-selection-x12-bottles\/#breadcrumb\"},\"inLanguage\":\"en-US\",\"potentialAction\":[{\"@type\":\"ReadAction\",\"target\":[\"https:\/\/artcava.com\/en\/botiga-virtual\/winter-artcavas-selection-x12-bottles\/\"]}]},{\"@type\":\"ImageObject\",\"inLanguage\":\"en-US\",\"@id\":\"https:\/\/artcava.com\/en\/botiga-virtual\/winter-artcavas-selection-x12-bottles\/#primaryimage\",\"url\":\"https:\/\/artcava.com\/wp-content\/uploads\/2021\/10\/Copia-de-lot-2-nadal-2021.png\",\"contentUrl\":\"https:\/\/artcava.com\/wp-content\/uploads\/2021\/10\/Copia-de-lot-2-nadal-2021.png\",\"width\":1772,\"height\":1181},{\"@type\":\"BreadcrumbList\",\"@id\":\"https:\/\/artcava.com\/en\/botiga-virtual\/winter-artcavas-selection-x12-bottles\/#breadcrumb\",\"itemListElement\":[{\"@type\":\"ListItem\",\"position\":1,\"name\":\"Inici\",\"item\":\"https:\/\/artcava.com\/en\/home-artcava\/\"},{\"@type\":\"ListItem\",\"position\":2,\"name\":\"Virtual shop\",\"item\":\"https:\/\/artcava.com\/en\/virtual-shop\/\"},{\"@type\":\"ListItem\",\"position\":3,\"name\":\"CHRISTMAS ARTCAVA&#8217;S SELECTION x12 bottles\"}]},{\"@type\":\"WebSite\",\"@id\":\"https:\/\/artcava.com\/#website\",\"url\":\"https:\/\/artcava.com\/\",\"name\":\"Artcava - Masia Can Batlle\",\"description\":\"L&#039;experi\u00e8ncia definitiva sobre el cava\",\"publisher\":{\"@id\":\"https:\/\/artcava.com\/#organization\"},\"potentialAction\":[{\"@type\":\"SearchAction\",\"target\":{\"@type\":\"EntryPoint\",\"urlTemplate\":\"https:\/\/artcava.com\/?s={search_term_string}\"},\"query-input\":{\"@type\":\"PropertyValueSpecification\",\"valueRequired\":true,\"valueName\":\"search_term_string\"}}],\"inLanguage\":\"en-US\"},{\"@type\":\"Organization\",\"@id\":\"https:\/\/artcava.com\/#organization\",\"name\":\"Artcava - Celler Can Batlle SL\",\"url\":\"https:\/\/artcava.com\/\",\"logo\":{\"@type\":\"ImageObject\",\"inLanguage\":\"en-US\",\"@id\":\"https:\/\/artcava.com\/#\/schema\/logo\/image\/\",\"url\":\"https:\/\/artcava.com\/wp-content\/uploads\/2020\/07\/logo-cartcava-winery.png\",\"contentUrl\":\"https:\/\/artcava.com\/wp-content\/uploads\/2020\/07\/logo-cartcava-winery.png\",\"width\":811,\"height\":776,\"caption\":\"Artcava - Celler Can Batlle SL\"},\"image\":{\"@id\":\"https:\/\/artcava.com\/#\/schema\/logo\/image\/\"},\"sameAs\":[\"https:\/\/www.facebook.com\/elteucava\/\",\"https:\/\/www.instagram.com\/artcava_experience\/\",\"https:\/\/www.instagram.com\/lamanelabyartcava\/\"]}]}<\/script>\n<!-- \/ Yoast SEO plugin. -->","yoast_head_json":{"title":"CHRISTMAS ARTCAVA'S SELECTION x12 bottles &#183; Artcava - Masia Can Batlle","robots":{"index":"index","follow":"follow","max-snippet":"max-snippet:-1","max-image-preview":"max-image-preview:large","max-video-preview":"max-video-preview:-1"},"canonical":"https:\/\/artcava.com\/en\/botiga-virtual\/winter-artcavas-selection-x12-bottles\/","og_locale":"en_US","og_type":"article","og_title":"CHRISTMAS ARTCAVA'S SELECTION x12 bottles &#183; Artcava - Masia Can Batlle","og_description":"A batch of 12 bottles selected by our somm Carla, designed for winter, family celebrations and the most classic pairings of this season.  Contains: 6x Palag\u00f3 Blanc de Noir | 3x Palag\u00f3 Foodie's | 3x Palag\u00f3 Farmer's  **This is only the price of the CAVA BOTTLES. CargoWine company will send you an email for paying directly to them the shipping taxes. YOU MUST PAY IT IN ORDER TO START THE SHIPPING! Otherwise, if the shipping taxes are not paid, we will NOT be able to send the cases. Thank you!** \u00b7Shippings UK: 90\u20ac first case &amp; 115\u20ac for two cases. \u00b7Shippings Switzerland &amp; UE: Pricing at CargoWine.  \u00b7Shippings USA*: 100\u20ac For 6 bottle case. (Extra +100\u20ac Alaska, Hawaii &amp; Puerto Rico)  *No go states Alabama, Kentucky, Mississippi, Utah.   ** Deadline for Thanksgiving Shipping 28th October  *** Deadline for Christmas Shipping 28th November","og_url":"https:\/\/artcava.com\/en\/botiga-virtual\/winter-artcavas-selection-x12-bottles\/","og_site_name":"Artcava - Masia Can Batlle","article_publisher":"https:\/\/www.facebook.com\/elteucava\/","article_modified_time":"2024-02-09T11:00:43+00:00","og_image":[{"url":"https:\/\/artcava.com\/wp-content\/uploads\/2021\/10\/Copia-de-lot-2-nadal-2021.png","width":1024,"height":682,"type":"image\/png"}],"twitter_card":"summary_large_image","twitter_misc":{"Est. reading time":"1 minute"},"schema":{"@context":"https:\/\/schema.org","@graph":[{"@type":"WebPage","@id":"https:\/\/artcava.com\/en\/botiga-virtual\/winter-artcavas-selection-x12-bottles\/","url":"https:\/\/artcava.com\/en\/botiga-virtual\/winter-artcavas-selection-x12-bottles\/","name":"CHRISTMAS ARTCAVA'S SELECTION x12 bottles &#183; Artcava - Masia Can Batlle","isPartOf":{"@id":"https:\/\/artcava.com\/#website"},"primaryImageOfPage":{"@id":"https:\/\/artcava.com\/en\/botiga-virtual\/winter-artcavas-selection-x12-bottles\/#primaryimage"},"image":{"@id":"https:\/\/artcava.com\/en\/botiga-virtual\/winter-artcavas-selection-x12-bottles\/#primaryimage"},"thumbnailUrl":"https:\/\/artcava.com\/wp-content\/uploads\/2021\/10\/Copia-de-lot-2-nadal-2021.png","datePublished":"2021-10-16T09:31:38+00:00","dateModified":"2024-02-09T11:00:43+00:00","breadcrumb":{"@id":"https:\/\/artcava.com\/en\/botiga-virtual\/winter-artcavas-selection-x12-bottles\/#breadcrumb"},"inLanguage":"en-US","potentialAction":[{"@type":"ReadAction","target":["https:\/\/artcava.com\/en\/botiga-virtual\/winter-artcavas-selection-x12-bottles\/"]}]},{"@type":"ImageObject","inLanguage":"en-US","@id":"https:\/\/artcava.com\/en\/botiga-virtual\/winter-artcavas-selection-x12-bottles\/#primaryimage","url":"https:\/\/artcava.com\/wp-content\/uploads\/2021\/10\/Copia-de-lot-2-nadal-2021.png","contentUrl":"https:\/\/artcava.com\/wp-content\/uploads\/2021\/10\/Copia-de-lot-2-nadal-2021.png","width":1772,"height":1181},{"@type":"BreadcrumbList","@id":"https:\/\/artcava.com\/en\/botiga-virtual\/winter-artcavas-selection-x12-bottles\/#breadcrumb","itemListElement":[{"@type":"ListItem","position":1,"name":"Inici","item":"https:\/\/artcava.com\/en\/home-artcava\/"},{"@type":"ListItem","position":2,"name":"Virtual shop","item":"https:\/\/artcava.com\/en\/virtual-shop\/"},{"@type":"ListItem","position":3,"name":"CHRISTMAS ARTCAVA&#8217;S SELECTION x12 bottles"}]},{"@type":"WebSite","@id":"https:\/\/artcava.com\/#website","url":"https:\/\/artcava.com\/","name":"Artcava - Masia Can Batlle","description":"L&#039;experi\u00e8ncia definitiva sobre el cava","publisher":{"@id":"https:\/\/artcava.com\/#organization"},"potentialAction":[{"@type":"SearchAction","target":{"@type":"EntryPoint","urlTemplate":"https:\/\/artcava.com\/?s={search_term_string}"},"query-input":{"@type":"PropertyValueSpecification","valueRequired":true,"valueName":"search_term_string"}}],"inLanguage":"en-US"},{"@type":"Organization","@id":"https:\/\/artcava.com\/#organization","name":"Artcava - Celler Can Batlle SL","url":"https:\/\/artcava.com\/","logo":{"@type":"ImageObject","inLanguage":"en-US","@id":"https:\/\/artcava.com\/#\/schema\/logo\/image\/","url":"https:\/\/artcava.com\/wp-content\/uploads\/2020\/07\/logo-cartcava-winery.png","contentUrl":"https:\/\/artcava.com\/wp-content\/uploads\/2020\/07\/logo-cartcava-winery.png","width":811,"height":776,"caption":"Artcava - Celler Can Batlle SL"},"image":{"@id":"https:\/\/artcava.com\/#\/schema\/logo\/image\/"},"sameAs":["https:\/\/www.facebook.com\/elteucava\/","https:\/\/www.instagram.com\/artcava_experience\/","https:\/\/www.instagram.com\/lamanelabyartcava\/"]}]}},"jetpack_sharing_enabled":true,"_links":{"self":[{"href":"https:\/\/artcava.com\/en\/wp-json\/wp\/v2\/product\/8846","targetHints":{"allow":["GET"]}}],"collection":[{"href":"https:\/\/artcava.com\/en\/wp-json\/wp\/v2\/product"}],"about":[{"href":"https:\/\/artcava.com\/en\/wp-json\/wp\/v2\/types\/product"}],"version-history":[{"count":2,"href":"https:\/\/artcava.com\/en\/wp-json\/wp\/v2\/product\/8846\/revisions"}],"predecessor-version":[{"id":13275,"href":"https:\/\/artcava.com\/en\/wp-json\/wp\/v2\/product\/8846\/revisions\/13275"}],"wp:featuredmedia":[{"embeddable":true,"href":"https:\/\/artcava.com\/en\/wp-json\/wp\/v2\/media\/8849"}],"wp:attachment":[{"href":"https:\/\/artcava.com\/en\/wp-json\/wp\/v2\/media?parent=8846"}],"wp:term":[{"taxonomy":"product_brand","embeddable":true,"href":"https:\/\/artcava.com\/en\/wp-json\/wp\/v2\/product_brand?post=8846"},{"taxonomy":"product_cat","embeddable":true,"href":"https:\/\/artcava.com\/en\/wp-json\/wp\/v2\/product_cat?post=8846"},{"taxonomy":"product_tag","embeddable":true,"href":"https:\/\/artcava.com\/en\/wp-json\/wp\/v2\/product_tag?post=8846"}],"curies":[{"name":"wp","href":"https:\/\/api.w.org\/{rel}","templated":true}]}}