{"id":18290,"date":"2026-02-27T07:54:12","date_gmt":"2026-02-27T06:54:12","guid":{"rendered":"https:\/\/artcava.com\/?page_id=18290"},"modified":"2026-04-15T18:49:06","modified_gmt":"2026-04-15T16:49:06","slug":"atelierartcava","status":"publish","type":"page","link":"https:\/\/artcava.com\/en\/atelierartcava\/","title":{"rendered":"AtelierArtcava"},"content":{"rendered":"\t\t<div data-elementor-type=\"wp-page\" data-elementor-id=\"18290\" class=\"elementor elementor-18290\" data-elementor-post-type=\"page\">\n\t\t\t\t<div data-particle_enable=\"false\" data-particle-mobile-disabled=\"false\" class=\"elementor-element elementor-element-b17a194 e-flex e-con-boxed e-con e-parent\" data-id=\"b17a194\" data-element_type=\"container\" data-e-type=\"container\">\n\t\t\t\t\t<div class=\"e-con-inner\">\n\t\t\t\t<div class=\"elementor-element elementor-element-2fb152b elementor-widget elementor-widget-heading\" data-id=\"2fb152b\" data-element_type=\"widget\" data-e-type=\"widget\" data-widget_type=\"heading.default\">\n\t\t\t\t\t<h2 class=\"elementor-heading-title elementor-size-default\">Tallers creatius entre vinyes, cava i paisatge\u200b<\/h2>\t\t\t\t<\/div>\n\t\t\t\t\t<\/div>\n\t\t\t\t<\/div>\n\t\t<div data-particle_enable=\"false\" data-particle-mobile-disabled=\"false\" class=\"elementor-element elementor-element-8d3c9d0 e-flex e-con-boxed e-con e-parent\" data-id=\"8d3c9d0\" data-element_type=\"container\" data-e-type=\"container\">\n\t\t\t\t\t<div class=\"e-con-inner\">\n\t\t<div data-particle_enable=\"false\" data-particle-mobile-disabled=\"false\" class=\"elementor-element elementor-element-2633091 e-con-full e-flex e-con e-child\" data-id=\"2633091\" data-element_type=\"container\" data-e-type=\"container\">\n\t\t\t\t<div class=\"elementor-element elementor-element-0515d62 elementor-widget elementor-widget-text-editor\" data-id=\"0515d62\" data-element_type=\"widget\" data-e-type=\"widget\" data-widget_type=\"text-editor.default\">\n\t\t\t\t\t\t\t\t\t<p data-start=\"149\" data-end=\"648\"><span data-olk-copy-source=\"MessageBody\">En motiu del 25\u00e8 aniversari de la Ruta del Vi del Pened\u00e8s, Artcava ha creat e<\/span>l cicle l\u2019Atelier d\u2019Artcava, que neix amb la voluntat de fer dialogar dues expressions essencials del Pened\u00e8s: la cultura del cava i la cultura de la creaci\u00f3 feta a m\u00e0. \u00c9s una programaci\u00f3 anual de tallers art\u00edstics i d\u2019oficis creatius \u2014cer\u00e0mica, flors, pintura, joieria, t\u00e8xtil, color i altres disciplines\u2014 concebuda perqu\u00e8 el p\u00fablic descobreixi Artcava des d\u2019una perspectiva contempor\u00e0nia, sensorial i participativa. No nom\u00e9s com a celler, sin\u00f3 com a espai de vida, inspiraci\u00f3 i experi\u00e8ncia compartida.<\/p><p data-start=\"958\" data-end=\"1323\">Cada sessi\u00f3 combina l\u2019acompanyament de professionals amb un entorn que inspira \u2014la vinya, la masia i el paisatge\u2014 i una manera de fer sense artificis: crear, tastar i compartir. El resultat \u00e9s una viv\u00e8ncia pausada, social i genu\u00efna, pensada per desconnectar de la rutina i reconnectar amb el territori i amb els altres, a trav\u00e9s del plaer de fer coses amb les mans.<\/p><p data-start=\"1325\" data-end=\"1582\">En definitiva, mediterrani en estat pur: llum, conversa, taula compartida i cava a la copa mentre passen coses de veritat. Una manera viva i actual de viure el vi, lluny de les visites previsibles i molt m\u00e9s a prop del que importa: gaudir, crear i celebrar.<\/p><p data-start=\"1584\" data-end=\"1708\" data-is-last-node=\"\" data-is-only-node=\"\">Descobreix el nostre Atelier, consulta el calendari del cicle, reserva la teva pla\u00e7a i vine a crear i brindar amb nosaltres.<\/p>\t\t\t\t\t\t\t\t<\/div>\n\t\t\t\t<\/div>\n\t\t\t\t<div class=\"elementor-element elementor-element-2761eab elementor-widget elementor-widget-heading\" data-id=\"2761eab\" data-element_type=\"widget\" data-e-type=\"widget\" data-widget_type=\"heading.default\">\n\t\t\t\t\t<h2 class=\"elementor-heading-title elementor-size-default\">Reserveu aqu\u00ed directament:<\/h2>\t\t\t\t<\/div>\n\t\t<div data-particle_enable=\"false\" data-particle-mobile-disabled=\"false\" class=\"elementor-element elementor-element-cc6a00f e-con-full e-flex e-con e-child\" data-id=\"cc6a00f\" data-element_type=\"container\" data-e-type=\"container\">\n\t\t\t\t<div class=\"elementor-element elementor-element-fc774eb elementor-widget elementor-widget-html\" data-id=\"fc774eb\" data-element_type=\"widget\" data-e-type=\"widget\" data-widget_type=\"html.default\">\n\t\t\t\t\t<script type=\"text\/javascript\" src=\"https:\/\/widgets.bokun.io\/assets\/javascripts\/apps\/build\/BokunWidgetsLoader.js?bookingChannelUUID=f55ec930-b0c5-4932-8b8d-c6a5d45cfe5a\" async><\/script>\r\n     \r\n    <div class=\"bokunWidget\" data-src=\"https:\/\/widgets.bokun.io\/online-sales\/f55ec930-b0c5-4932-8b8d-c6a5d45cfe5a\/product-list\/104916\"><\/div>\r\n    <noscript>Please enable javascript in your browser to book<\/noscript>\r\n\t\t\t\t<\/div>\n\t\t\t\t<\/div>\n\t\t<div data-particle_enable=\"false\" data-particle-mobile-disabled=\"false\" class=\"elementor-element elementor-element-1b91833 e-con-full e-flex e-con e-child\" data-id=\"1b91833\" data-element_type=\"container\" data-e-type=\"container\">\n\t\t\t\t<\/div>\n\t\t\t\t\t<\/div>\n\t\t\t\t<\/div>\n\t\t\t\t<\/div>\n\t\t","protected":false},"excerpt":{"rendered":"<p>Tallers creatius entre vinyes, cava i paisatge\u200b En motiu del 25\u00e8 aniversari de la Ruta del Vi del Pened\u00e8s, Artcava ha creat el cicle l\u2019Atelier d\u2019Artcava, que neix amb la voluntat de fer dialogar dues expressions essencials del Pened\u00e8s: la cultura del cava i la cultura de la creaci\u00f3 feta a m\u00e0. \u00c9s una programaci\u00f3 [&hellip;]<\/p>\n","protected":false},"author":45,"featured_media":0,"parent":0,"menu_order":0,"comment_status":"closed","ping_status":"closed","template":"","meta":{"footnotes":""},"class_list":["post-18290","page","type-page","status-publish","hentry"],"yoast_head":"<!-- This site is optimized with the Yoast SEO plugin v27.2 - https:\/\/yoast.com\/product\/yoast-seo-wordpress\/ -->\n<title>AtelierArtcava &#183; Artcava - Masia Can Batlle<\/title>\n<meta name=\"robots\" content=\"index, follow, max-snippet:-1, max-image-preview:large, max-video-preview:-1\" \/>\n<link rel=\"canonical\" href=\"https:\/\/artcava.com\/atelierartcava\/\" \/>\n<meta property=\"og:locale\" content=\"en_US\" \/>\n<meta property=\"og:type\" content=\"article\" \/>\n<meta property=\"og:title\" content=\"AtelierArtcava &#183; Artcava - Masia Can Batlle\" \/>\n<meta property=\"og:description\" content=\"Tallers creatius entre vinyes, cava i paisatge\u200b En motiu del 25\u00e8 aniversari de la Ruta del Vi del Pened\u00e8s, Artcava ha creat el cicle l\u2019Atelier d\u2019Artcava, que neix amb la voluntat de fer dialogar dues expressions essencials del Pened\u00e8s: la cultura del cava i la cultura de la creaci\u00f3 feta a m\u00e0. \u00c9s una programaci\u00f3 [&hellip;]\" \/>\n<meta property=\"og:url\" content=\"https:\/\/artcava.com\/atelierartcava\/\" \/>\n<meta property=\"og:site_name\" content=\"Artcava - Masia Can Batlle\" \/>\n<meta property=\"article:publisher\" content=\"https:\/\/www.facebook.com\/elteucava\/\" \/>\n<meta property=\"article:modified_time\" content=\"2026-04-15T16:49:06+00:00\" \/>\n<meta name=\"twitter:card\" content=\"summary_large_image\" \/>\n<meta name=\"twitter:label1\" content=\"Est. reading time\" \/>\n\t<meta name=\"twitter:data1\" content=\"2 minutes\" \/>\n<script type=\"application\/ld+json\" class=\"yoast-schema-graph\">{\"@context\":\"https:\/\/schema.org\",\"@graph\":[{\"@type\":\"WebPage\",\"@id\":\"https:\/\/artcava.com\/atelierartcava\/\",\"url\":\"https:\/\/artcava.com\/atelierartcava\/\",\"name\":\"AtelierArtcava &#183; Artcava - Masia Can Batlle\",\"isPartOf\":{\"@id\":\"https:\/\/artcava.com\/#website\"},\"datePublished\":\"2026-02-27T06:54:12+00:00\",\"dateModified\":\"2026-04-15T16:49:06+00:00\",\"breadcrumb\":{\"@id\":\"https:\/\/artcava.com\/atelierartcava\/#breadcrumb\"},\"inLanguage\":\"en-US\",\"potentialAction\":[{\"@type\":\"ReadAction\",\"target\":[\"https:\/\/artcava.com\/atelierartcava\/\"]}]},{\"@type\":\"BreadcrumbList\",\"@id\":\"https:\/\/artcava.com\/atelierartcava\/#breadcrumb\",\"itemListElement\":[{\"@type\":\"ListItem\",\"position\":1,\"name\":\"Inici\",\"item\":\"https:\/\/artcava.com\/en\/home-artcava\/\"},{\"@type\":\"ListItem\",\"position\":2,\"name\":\"AtelierArtcava\"}]},{\"@type\":\"WebSite\",\"@id\":\"https:\/\/artcava.com\/#website\",\"url\":\"https:\/\/artcava.com\/\",\"name\":\"Artcava - Masia Can Batlle\",\"description\":\"L&#039;experi\u00e8ncia definitiva sobre el cava\",\"publisher\":{\"@id\":\"https:\/\/artcava.com\/#organization\"},\"potentialAction\":[{\"@type\":\"SearchAction\",\"target\":{\"@type\":\"EntryPoint\",\"urlTemplate\":\"https:\/\/artcava.com\/?s={search_term_string}\"},\"query-input\":{\"@type\":\"PropertyValueSpecification\",\"valueRequired\":true,\"valueName\":\"search_term_string\"}}],\"inLanguage\":\"en-US\"},{\"@type\":\"Organization\",\"@id\":\"https:\/\/artcava.com\/#organization\",\"name\":\"Artcava - Celler Can Batlle SL\",\"url\":\"https:\/\/artcava.com\/\",\"logo\":{\"@type\":\"ImageObject\",\"inLanguage\":\"en-US\",\"@id\":\"https:\/\/artcava.com\/#\/schema\/logo\/image\/\",\"url\":\"https:\/\/artcava.com\/wp-content\/uploads\/2020\/07\/logo-cartcava-winery.png\",\"contentUrl\":\"https:\/\/artcava.com\/wp-content\/uploads\/2020\/07\/logo-cartcava-winery.png\",\"width\":811,\"height\":776,\"caption\":\"Artcava - Celler Can Batlle SL\"},\"image\":{\"@id\":\"https:\/\/artcava.com\/#\/schema\/logo\/image\/\"},\"sameAs\":[\"https:\/\/www.facebook.com\/elteucava\/\",\"https:\/\/www.instagram.com\/artcava_experience\/\",\"https:\/\/www.instagram.com\/lamanelabyartcava\/\"]}]}<\/script>\n<!-- \/ Yoast SEO plugin. -->","yoast_head_json":{"title":"AtelierArtcava &#183; Artcava - Masia Can Batlle","robots":{"index":"index","follow":"follow","max-snippet":"max-snippet:-1","max-image-preview":"max-image-preview:large","max-video-preview":"max-video-preview:-1"},"canonical":"https:\/\/artcava.com\/atelierartcava\/","og_locale":"en_US","og_type":"article","og_title":"AtelierArtcava &#183; Artcava - Masia Can Batlle","og_description":"Tallers creatius entre vinyes, cava i paisatge\u200b En motiu del 25\u00e8 aniversari de la Ruta del Vi del Pened\u00e8s, Artcava ha creat el cicle l\u2019Atelier d\u2019Artcava, que neix amb la voluntat de fer dialogar dues expressions essencials del Pened\u00e8s: la cultura del cava i la cultura de la creaci\u00f3 feta a m\u00e0. \u00c9s una programaci\u00f3 [&hellip;]","og_url":"https:\/\/artcava.com\/atelierartcava\/","og_site_name":"Artcava - Masia Can Batlle","article_publisher":"https:\/\/www.facebook.com\/elteucava\/","article_modified_time":"2026-04-15T16:49:06+00:00","twitter_card":"summary_large_image","twitter_misc":{"Est. reading time":"2 minutes"},"schema":{"@context":"https:\/\/schema.org","@graph":[{"@type":"WebPage","@id":"https:\/\/artcava.com\/atelierartcava\/","url":"https:\/\/artcava.com\/atelierartcava\/","name":"AtelierArtcava &#183; Artcava - Masia Can Batlle","isPartOf":{"@id":"https:\/\/artcava.com\/#website"},"datePublished":"2026-02-27T06:54:12+00:00","dateModified":"2026-04-15T16:49:06+00:00","breadcrumb":{"@id":"https:\/\/artcava.com\/atelierartcava\/#breadcrumb"},"inLanguage":"en-US","potentialAction":[{"@type":"ReadAction","target":["https:\/\/artcava.com\/atelierartcava\/"]}]},{"@type":"BreadcrumbList","@id":"https:\/\/artcava.com\/atelierartcava\/#breadcrumb","itemListElement":[{"@type":"ListItem","position":1,"name":"Inici","item":"https:\/\/artcava.com\/en\/home-artcava\/"},{"@type":"ListItem","position":2,"name":"AtelierArtcava"}]},{"@type":"WebSite","@id":"https:\/\/artcava.com\/#website","url":"https:\/\/artcava.com\/","name":"Artcava - Masia Can Batlle","description":"L&#039;experi\u00e8ncia definitiva sobre el cava","publisher":{"@id":"https:\/\/artcava.com\/#organization"},"potentialAction":[{"@type":"SearchAction","target":{"@type":"EntryPoint","urlTemplate":"https:\/\/artcava.com\/?s={search_term_string}"},"query-input":{"@type":"PropertyValueSpecification","valueRequired":true,"valueName":"search_term_string"}}],"inLanguage":"en-US"},{"@type":"Organization","@id":"https:\/\/artcava.com\/#organization","name":"Artcava - Celler Can Batlle SL","url":"https:\/\/artcava.com\/","logo":{"@type":"ImageObject","inLanguage":"en-US","@id":"https:\/\/artcava.com\/#\/schema\/logo\/image\/","url":"https:\/\/artcava.com\/wp-content\/uploads\/2020\/07\/logo-cartcava-winery.png","contentUrl":"https:\/\/artcava.com\/wp-content\/uploads\/2020\/07\/logo-cartcava-winery.png","width":811,"height":776,"caption":"Artcava - Celler Can Batlle SL"},"image":{"@id":"https:\/\/artcava.com\/#\/schema\/logo\/image\/"},"sameAs":["https:\/\/www.facebook.com\/elteucava\/","https:\/\/www.instagram.com\/artcava_experience\/","https:\/\/www.instagram.com\/lamanelabyartcava\/"]}]}},"jetpack_sharing_enabled":true,"_links":{"self":[{"href":"https:\/\/artcava.com\/en\/wp-json\/wp\/v2\/pages\/18290","targetHints":{"allow":["GET"]}}],"collection":[{"href":"https:\/\/artcava.com\/en\/wp-json\/wp\/v2\/pages"}],"about":[{"href":"https:\/\/artcava.com\/en\/wp-json\/wp\/v2\/types\/page"}],"author":[{"embeddable":true,"href":"https:\/\/artcava.com\/en\/wp-json\/wp\/v2\/users\/45"}],"replies":[{"embeddable":true,"href":"https:\/\/artcava.com\/en\/wp-json\/wp\/v2\/comments?post=18290"}],"version-history":[{"count":3,"href":"https:\/\/artcava.com\/en\/wp-json\/wp\/v2\/pages\/18290\/revisions"}],"predecessor-version":[{"id":18402,"href":"https:\/\/artcava.com\/en\/wp-json\/wp\/v2\/pages\/18290\/revisions\/18402"}],"wp:attachment":[{"href":"https:\/\/artcava.com\/en\/wp-json\/wp\/v2\/media?parent=18290"}],"curies":[{"name":"wp","href":"https:\/\/api.w.org\/{rel}","templated":true}]}}